{"id":133945,"date":"2025-09-12T00:00:00","date_gmt":"2025-09-11T22:00:00","guid":{"rendered":"https:\/\/gpl-love.com\/fr\/produit\/mainwp-lighthouse\/"},"modified":"2026-03-20T23:58:01","modified_gmt":"2026-03-20T22:58:01","slug":"mainwp-lighthouse","status":"publish","type":"product","link":"https:\/\/gpl-love.com\/fr\/produit\/mainwp-lighthouse\/","title":{"rendered":"MainWP Lighthouse 5.1.2"},"content":{"rendered":"<h3>MainWP Lighthouse Traits<\/h3>\n<p>Le plugin Lighthouse MainWP, avec ses fonctionnalit\u00e9s robustes et fiables, sert d&rsquo;outil efficace pour g\u00e9rer et surveiller les sites Web WordPress. Il offre aux propri\u00e9taires de sites Web une vue compl\u00e8te et en temps r\u00e9el des performances, de la s\u00e9curit\u00e9 et des param\u00e8tres de r\u00e9f\u00e9rencement de leur site Web.<\/p>\n<p>En utilisant le plugin Lighthouse MainWP, les utilisateurs peuvent garder sans effort diverses mesures telles que les performances du site Web, la r\u00e9activit\u00e9, la sant\u00e9 des pages, le r\u00e9f\u00e9rencement et d&rsquo;autres indicateurs importants. De plus, ce plugin fournit aux utilisateurs des rapports d\u00e9taill\u00e9s sur la s\u00e9curit\u00e9 du site Web, y compris les logiciels malveillants potentiels et les tentatives de piratage, permettant de prendre des mesures imm\u00e9diates pour prot\u00e9ger le site Web.<\/p>\n<p>Le plugin Lighthouse MainWP est con\u00e7u avec la convivialit\u00e9 \u00e0 l&rsquo;esprit, garantissant que les utilisateurs peuvent facilement l&rsquo;installer et le configurer en quelques minutes. De plus, il est tr\u00e8s compatible avec une large gamme de th\u00e8mes et de plugins WordPress, et est syst\u00e9matiquement mis \u00e0 jour pour garantir une fonctionnalit\u00e9 transparente avec la derni\u00e8re version WordPress.<\/p>\n<p>En conclusion, le plugin Lighthouse MainWP est un atout essentiel pour les propri\u00e9taires de sites Web cherchant \u00e0 rationaliser les t\u00e2ches de gestion et de surveillance de leur site Web. En utilisant cet outil, ils peuvent consacrer leur attention \u00e0 la croissance des entreprises sans aucune distraction inutile.<\/p>\n<ul>\n<li>Surveille et am\u00e9liore les performances et l&rsquo;accessibilit\u00e9 du site Web<\/li>\n<li>Fournit des rapports et des recommandations d\u00e9taill\u00e9s pour l&rsquo;optimisation du site Web<\/li>\n<li>Int\u00e9gration facile avec le tableau de bord MainWP pour la gestion du site Web rationalis\u00e9<\/li>\n<li>Analyses automatis\u00e9es pour l&rsquo;efficacit\u00e9 et la commodit\u00e9 de la r\u00e9duction du temps<\/li>\n<li>Mises \u00e0 jour et s&rsquo;adapte en continu aux changements dans les normes et les meilleures pratiques du site Web<\/li>\n<li>Aide \u00e0 assurer la conformit\u00e9 du site Web avec les directives d&rsquo;accessibilit\u00e9 ADA et WCAG<\/li>\n<li>Aide \u00e0 augmenter la vitesse du site Web et l&rsquo;exp\u00e9rience utilisateur pour une meilleure satisfaction du r\u00e9f\u00e9rencement et du client.<\/li>\n<\/ul>\n","protected":false},"excerpt":{"rendered":"<p>MainWP Lighthouse, un outil logiciel incroyablement robuste, poss\u00e8de des capacit\u00e9s in\u00e9gal\u00e9es dans l&rsquo;optimisation et la maintenance des sites Web, ce qui permet aux utilisateurs de maintenir constamment les performances de pointe de leurs sites Web. Gr\u00e2ce \u00e0 des analyses r\u00e9guli\u00e8res du site Web, ce logiciel discerne avec diligence tous les probl\u00e8mes potentiels et fournit par la suite un rapport exhaustif, d\u00e9crivant les correctifs n\u00e9cessaires et prescrivant des \u00e9tapes exploitables pour optimiser votre site Web. Capitalisant sur le phare Mainwp, vous pouvez diriger votre attention sur les facettes les plus essentielles d&rsquo;optimisation du site Web, telles que l&rsquo;augmentation de la vitesse et la s\u00e9curit\u00e9 fortifi\u00e9e, amplifiant finalement l&rsquo;exp\u00e9rience utilisateur et renforce les taux de conversion. Dans l&rsquo;ensemble, MainWP Lighthouse repr\u00e9sente une solution exceptionnelle pour les propri\u00e9taires de sites Web cherchant \u00e0 rationaliser la maintenance du site Web et \u00e0 \u00e9lever l&rsquo;exp\u00e9rience utilisateur globale.<\/p>\n","protected":false},"featured_media":146697,"comment_status":"open","ping_status":"open","template":"","meta":[],"product_brand":[2587],"product_cat":[1187,1181,1186],"product_tag":[1299],"class_list":{"0":"post-133945","1":"product","2":"type-product","3":"status-publish","4":"has-post-thumbnail","6":"product_brand-main-wp","7":"product_cat-administration-wordpress-plugins","8":"product_cat-plugins","9":"product_cat-wordpress-plugins","10":"product_tag-main-wp","11":"member-discount","12":"discount-restricted","14":"first","15":"instock","16":"sale","17":"downloadable","18":"virtual","19":"sold-individually","20":"purchasable","21":"product-type-simple"},"_links":{"self":[{"href":"https:\/\/gpl-love.com\/fr\/wp-json\/wp\/v2\/product\/133945","targetHints":{"allow":["GET"]}}],"collection":[{"href":"https:\/\/gpl-love.com\/fr\/wp-json\/wp\/v2\/product"}],"about":[{"href":"https:\/\/gpl-love.com\/fr\/wp-json\/wp\/v2\/types\/product"}],"replies":[{"embeddable":true,"href":"https:\/\/gpl-love.com\/fr\/wp-json\/wp\/v2\/comments?post=133945"}],"wp:featuredmedia":[{"embeddable":true,"href":"https:\/\/gpl-love.com\/fr\/wp-json\/wp\/v2\/media\/146697"}],"wp:attachment":[{"href":"https:\/\/gpl-love.com\/fr\/wp-json\/wp\/v2\/media?parent=133945"}],"wp:term":[{"taxonomy":"product_brand","embeddable":true,"href":"https:\/\/gpl-love.com\/fr\/wp-json\/wp\/v2\/product_brand?post=133945"},{"taxonomy":"product_cat","embeddable":true,"href":"https:\/\/gpl-love.com\/fr\/wp-json\/wp\/v2\/product_cat?post=133945"},{"taxonomy":"product_tag","embeddable":true,"href":"https:\/\/gpl-love.com\/fr\/wp-json\/wp\/v2\/product_tag?post=133945"}],"curies":[{"name":"wp","href":"https:\/\/api.w.org\/{rel}","templated":true}]}}