{"id":133943,"date":"2025-05-10T00:00:00","date_gmt":"2025-05-09T22:00:00","guid":{"rendered":"https:\/\/gpl-love.com\/fr\/produit\/restrict-content-pro-ultimate-member\/"},"modified":"2026-03-20T23:58:00","modified_gmt":"2026-03-20T22:58:00","slug":"restrict-content-pro-ultimate-member","status":"publish","type":"product","link":"https:\/\/gpl-love.com\/fr\/produit\/restrict-content-pro-ultimate-member\/","title":{"rendered":"Restrict Content Pro Ultimate Member 1.2.4"},"content":{"rendered":"<h3>Restrict Content Pro Ultimate Member Traits<\/h3>\n<p>Le plugin de membre du contenu restreint se pr\u00e9sente comme un outil incroyablement puissant qui vous donne la possibilit\u00e9 de restreindre efficacement le contenu sur votre site Web de membres ultime. En utilisant ce plugin, vous avez la capacit\u00e9 de r\u00e9glementer de mani\u00e8re transparente qui peut acc\u00e9der \u00e0 votre contenu, ainsi que dicter pr\u00e9cis\u00e9ment les \u00e9l\u00e9ments auxquels ils ont acc\u00e8s. Ce plugin est particuli\u00e8rement bien adapt\u00e9 aux personnes qui souhaitent construire un site Web de nature priv\u00e9e ou exclusivement accessible aux membres. Avec son interface conviviale et son \u00e9ventail robuste de fonctionnalit\u00e9s, vous \u00eates en mesure de g\u00e9n\u00e9rer rapidement et sans effort des plans d&rsquo;adh\u00e9sion sur mesure, de g\u00e9rer efficacement les abonnements et d&rsquo;\u00e9tablir efficacement les passerelles de paiement. Quel que soit le type d&rsquo;entreprise en ligne que vous me lancez, que ce soit un cours en ligne, un forum communautaire ou un service bas\u00e9 sur l&rsquo;abonnement, le plugin de membre du contenu restreint comprend tout ce qui est n\u00e9cessaire pour administrer efficacement votre contenu et nourrir l&rsquo;expansion de votre ligne en ligne entreprise.<\/p>\n<ul>\n<li>Permet une int\u00e9gration transparente entre restreindre le contenu pro et un membre ultime<\/li>\n<li>Accorde aux administrateurs du site la possibilit\u00e9 de restreindre le contenu aux r\u00f4les des utilisateurs des membres ultimes<\/li>\n<li>Fournit aux utilisateurs un processus d&rsquo;enregistrement et de connexion transparent, permettant un acc\u00e8s rapide et facile \u00e0 un contenu restreint<\/li>\n<li>Offre un contr\u00f4le approfondi sur les types de contenu qui peuvent \u00eatre restreints, y compris les publications, les pages et les types de publication personnalis\u00e9s<\/li>\n<li>G\u00e8re automatiquement l&rsquo;affichage du contenu restreint aux utilisateurs en fonction de leur r\u00f4le d&rsquo;utilisateur ultime<\/li>\n<li>Comprend des mod\u00e8les personnalisables pour les pages de connexion, d&rsquo;enregistrement et de gestion des comptes<\/li>\n<li>Fournit une documentation et une prise en charge approfondies pour une configuration et une utilisation faciles.<\/li>\n<\/ul>\n","protected":false},"excerpt":{"rendered":"<p>Le plugin de membre du contenu restreint le plugin membre se pr\u00e9sente comme un outil robuste capable d&rsquo;imposer des restrictions au contenu pr\u00e9sent\u00e9 sur votre site Web de membres ultime. En incorporant ce plugin, vous atteignez la possibilit\u00e9 d&rsquo;exercer un contr\u00f4le complet sur les personnes qui ont acc\u00e8s \u00e0 votre contenu, ainsi que le contenu sp\u00e9cifique qu&rsquo;ils sont autoris\u00e9s \u00e0 afficher. Ce plugin est particuli\u00e8rement avantageux pour ceux qui cherchent \u00e0 \u00e9tablir un site Web de nature priv\u00e9e ou exclusive, uniquement accessible aux membres. Son interface conviviale, coupl\u00e9e \u00e0 sa gamme de fonctionnalit\u00e9s avanc\u00e9es, permet aux utilisateurs de cr\u00e9er rapidement et sans effort des plans d&rsquo;adh\u00e9sion personnalis\u00e9s, d&rsquo;administrer des abonnements et d&rsquo;\u00e9tablir des passerelles de paiement. Que vous op\u00e9rez un cours en ligne, en faveur d&rsquo;un forum communautaire ou en g\u00e9rant un service bas\u00e9 sur l&rsquo;abonnement, le plugin de membre du contenu restrictif r\u00e9pond \u00e0 tous vos besoins, vous \u00e9quipant des outils n\u00e9cessaires pour la gestion du contenu et l&rsquo;expansion de votre entreprise en ligne .<\/p>\n","protected":false},"featured_media":146696,"comment_status":"open","ping_status":"open","template":"","meta":[],"product_brand":[2644],"product_cat":[1300,1181,1186],"product_tag":[1488],"class_list":{"0":"post-133943","1":"product","2":"type-product","3":"status-publish","4":"has-post-thumbnail","6":"product_brand-restirct-content","7":"product_cat-adhesion","8":"product_cat-plugins","9":"product_cat-wordpress-plugins","10":"product_tag-restirct-content","11":"member-discount","12":"discount-restricted","14":"first","15":"instock","16":"sale","17":"downloadable","18":"virtual","19":"sold-individually","20":"purchasable","21":"product-type-simple"},"_links":{"self":[{"href":"https:\/\/gpl-love.com\/fr\/wp-json\/wp\/v2\/product\/133943","targetHints":{"allow":["GET"]}}],"collection":[{"href":"https:\/\/gpl-love.com\/fr\/wp-json\/wp\/v2\/product"}],"about":[{"href":"https:\/\/gpl-love.com\/fr\/wp-json\/wp\/v2\/types\/product"}],"replies":[{"embeddable":true,"href":"https:\/\/gpl-love.com\/fr\/wp-json\/wp\/v2\/comments?post=133943"}],"wp:featuredmedia":[{"embeddable":true,"href":"https:\/\/gpl-love.com\/fr\/wp-json\/wp\/v2\/media\/146696"}],"wp:attachment":[{"href":"https:\/\/gpl-love.com\/fr\/wp-json\/wp\/v2\/media?parent=133943"}],"wp:term":[{"taxonomy":"product_brand","embeddable":true,"href":"https:\/\/gpl-love.com\/fr\/wp-json\/wp\/v2\/product_brand?post=133943"},{"taxonomy":"product_cat","embeddable":true,"href":"https:\/\/gpl-love.com\/fr\/wp-json\/wp\/v2\/product_cat?post=133943"},{"taxonomy":"product_tag","embeddable":true,"href":"https:\/\/gpl-love.com\/fr\/wp-json\/wp\/v2\/product_tag?post=133943"}],"curies":[{"name":"wp","href":"https:\/\/api.w.org\/{rel}","templated":true}]}}