{"id":133907,"date":"2025-07-18T00:00:00","date_gmt":"2025-07-17T22:00:00","guid":{"rendered":"https:\/\/gpl-love.com\/fr\/produit\/bulk-edit-products-prices-and-attributes-for-woocommerce\/"},"modified":"2026-03-20T23:57:59","modified_gmt":"2026-03-20T22:57:59","slug":"bulk-edit-products-prices-and-attributes-for-woocommerce","status":"publish","type":"product","link":"https:\/\/gpl-love.com\/fr\/produit\/bulk-edit-products-prices-and-attributes-for-woocommerce\/","title":{"rendered":"WooCommerce Bulk Edit Products Prices et Attributes 2.2.1"},"content":{"rendered":"<h3>WooCommerce Bulk Edit Products Prices et Attributes Traits<\/h3>\n<p>Il existe de nombreux avantages associ\u00e9s \u00e0 l&rsquo;utilisation des produits, des prix et des attributs d&rsquo;\u00e9dition en vrac sur votre site Web WordPress, vous permettant ainsi de g\u00e9rer efficacement et efficacement vos articles. Cette fonctionnalit\u00e9 remarquable vous permet de modifier simultan\u00e9ment les prix et les caract\u00e9ristiques de plusieurs produits, \u00e9liminant le besoin d&rsquo;alt\u00e9rations manuelles sur chaque produit individuel, ce qui vous fait gagner un temps substantiel et minimise la probabilit\u00e9 d&rsquo;erreurs r\u00e9sultant de l&rsquo;\u00e9dition humaine.<\/p>\n<p>La simplicit\u00e9 remarquable de l&rsquo;\u00e9dition en vrac est ce qui la rend vraiment exceptionnelle. Son interface conviviale facilite un acc\u00e8s rapide \u00e0 la page du produit, o\u00f9 vous pouvez rapidement effectuer des ajustements qui prendront effet imm\u00e9diat. Cette interface intuitive simplifie le processus de modification des informations li\u00e9es au produit. De plus, la capacit\u00e9 remarquable de l&rsquo;\u00e9dition en vrac \u00e0 faciliter l&rsquo;organisation de produits rapides et sans effort repr\u00e9sente un autre avantage significatif. En permettant aux produits d&rsquo;\u00eatre tri\u00e9s en fonction de divers crit\u00e8res tels que le prix, le nom et le SKU, cette fonctionnalit\u00e9 am\u00e9liore consid\u00e9rablement la gestion des produits, rationalisant ainsi le processus global.<\/p>\n<p>Enfin, la commodit\u00e9 d&rsquo;ajouter ou de supprimer des balises de produit, des cat\u00e9gories et d&rsquo;autres propri\u00e9t\u00e9s est rendue simple sans effort gr\u00e2ce \u00e0 l&rsquo;utilisation de l&rsquo;\u00e9dition en vrac. Cette fonctionnalit\u00e9 inestimable s&rsquo;av\u00e8re exceptionnellement utile car elle vous permet d&rsquo;optimiser vos pages de produits en termes de r\u00e9f\u00e9rencement, am\u00e9liorant ainsi la visibilit\u00e9 et la recherche de vos produits.<\/p>\n<p>En conclusion, les produits, les prix et les attributs d&rsquo;\u00e9dition en vrac repr\u00e9sentent une solution exceptionnelle et \u00e9conome en temps qui simplifie consid\u00e9rablement l&rsquo;administration de produits sur votre site Web WordPress, contribuant finalement \u00e0 une exp\u00e9rience utilisateur transparente et efficace.<\/p>\n<ul>\n<li>Modifiez plusieurs \u00e9l\u00e9ments \u00e0 la fois, y compris les prix et les qualit\u00e9s.<\/li>\n<li>Les mises \u00e0 jour peuvent \u00eatre effectu\u00e9es en vrac pour gagner du temps.<\/li>\n<li>Pour modifier, filtrer et choisir certaines marchandises.<\/li>\n<li>Modifiez les cat\u00e9gories, les \u00e9tiquettes, les prix et plus encore pour les produits.<\/li>\n<li>Option pour mettre \u00e0 jour toutes les variantes de produit \u00e0 la fois.<\/li>\n<li>Comparez les valeurs d&rsquo;origine et r\u00e9vis\u00e9es c\u00f4te \u00e0 c\u00f4te.<\/li>\n<li>Si n\u00e9cessaire, inverser les modifications ou revenir aux versions ant\u00e9rieures.<\/li>\n<li>UI conviviale pour une exp\u00e9rience agr\u00e9able.<\/li>\n<\/ul>\n","protected":false},"excerpt":{"rendered":"<p>Avec les fonctionnalit\u00e9s remarquables fournies par les prix et les attributs des produits Edit en vrac pour le plugin WooCommerce, les utilisateurs sont autoris\u00e9s \u00e0 modifier sans effort les prix et les attributs de plusieurs produits en un seul coup. Cet outil extr\u00eamement influent lib\u00e8re des individus de la t\u00e2che ardue de modifier individuellement chaque produit, entra\u00eenant une \u00e9conomie substantielle de temps et d&rsquo;efforts. Que ce soit la n\u00e9cessit\u00e9 de modifier les prix d&rsquo;une vente promotionnelle, de r\u00e9viser les descriptions de produits ou m\u00eame d&rsquo;introduire de nouveaux attributs, cet outil rationalise de mani\u00e8re transparente tout le processus, garantissant une organisation optimale. En adoptant les prix et les attributs des produits de modification en vrac pour WooCommerce, les utilisateurs peuvent am\u00e9liorer consid\u00e9rablement l&rsquo;efficacit\u00e9 de leur boutique en ligne et renforcer leurs performances globales.<\/p>\n","protected":false},"featured_media":146695,"comment_status":"open","ping_status":"open","template":"","meta":[],"product_brand":[2440],"product_cat":[1183,1182,1181],"product_tag":[1398],"class_list":{"0":"post-133907","1":"product","2":"type-product","3":"status-publish","4":"has-post-thumbnail","6":"product_brand-woocommerce","7":"product_cat-administration","8":"product_cat-commerce-electronique-plugins","9":"product_cat-plugins","10":"product_tag-woocommerce","11":"member-discount","12":"discount-restricted","14":"first","15":"instock","16":"sale","17":"downloadable","18":"virtual","19":"sold-individually","20":"purchasable","21":"product-type-simple"},"_links":{"self":[{"href":"https:\/\/gpl-love.com\/fr\/wp-json\/wp\/v2\/product\/133907","targetHints":{"allow":["GET"]}}],"collection":[{"href":"https:\/\/gpl-love.com\/fr\/wp-json\/wp\/v2\/product"}],"about":[{"href":"https:\/\/gpl-love.com\/fr\/wp-json\/wp\/v2\/types\/product"}],"replies":[{"embeddable":true,"href":"https:\/\/gpl-love.com\/fr\/wp-json\/wp\/v2\/comments?post=133907"}],"wp:featuredmedia":[{"embeddable":true,"href":"https:\/\/gpl-love.com\/fr\/wp-json\/wp\/v2\/media\/146695"}],"wp:attachment":[{"href":"https:\/\/gpl-love.com\/fr\/wp-json\/wp\/v2\/media?parent=133907"}],"wp:term":[{"taxonomy":"product_brand","embeddable":true,"href":"https:\/\/gpl-love.com\/fr\/wp-json\/wp\/v2\/product_brand?post=133907"},{"taxonomy":"product_cat","embeddable":true,"href":"https:\/\/gpl-love.com\/fr\/wp-json\/wp\/v2\/product_cat?post=133907"},{"taxonomy":"product_tag","embeddable":true,"href":"https:\/\/gpl-love.com\/fr\/wp-json\/wp\/v2\/product_tag?post=133907"}],"curies":[{"name":"wp","href":"https:\/\/api.w.org\/{rel}","templated":true}]}}