{"id":133905,"date":"2023-05-08T00:00:00","date_gmt":"2023-05-07T22:00:00","guid":{"rendered":"https:\/\/gpl-love.com\/fr\/produit\/wp-adverts-recaptcha\/"},"modified":"2026-03-20T23:57:59","modified_gmt":"2026-03-20T22:57:59","slug":"wp-adverts-recaptcha","status":"publish","type":"product","link":"https:\/\/gpl-love.com\/fr\/produit\/wp-adverts-recaptcha\/","title":{"rendered":"WP Adverts reCAPTCHA 1.1.1"},"content":{"rendered":"<h3>WP Adverts reCAPTCHA Traits<\/h3>\n<p>\u00cates-vous pr\u00e9occup\u00e9 par la s\u00e9curit\u00e9 des pages d&rsquo;inscription et de connexion de votre site Web? Prenez des mesures pour prot\u00e9ger vos utilisateurs et emp\u00eacher les attaques de bot et de spam avec les publicit\u00e9s WP recaptcha. Ce puissant plugin ajoute une couche suppl\u00e9mentaire de protection \u00e0 votre site Web. En utilisant la derni\u00e8re technologie Google Recaptcha, ce plugin garantit que seuls les utilisateurs l\u00e9gitimes peuvent acc\u00e9der \u00e0 votre site. Ce faisant, il contrecarre efficacement toutes les attaques ind\u00e9sirables qui pourraient potentiellement compromettre vos pr\u00e9cieuses donn\u00e9es utilisateur.<\/p>\n<p>Que vous exploitez une boutique en ligne, un site d&rsquo;adh\u00e9sion ou un forum communautaire, WP Adverts Recaptcha est la solution id\u00e9ale pour vous! Ce plugin est soigneusement con\u00e7u pour s&rsquo;int\u00e9grer de mani\u00e8re transparente \u00e0 votre plate-forme WordPress, ce qui le rend incroyablement convivial et sans effort \u00e0 installer. Vous n&rsquo;avez pas besoin de poss\u00e9der de connaissances techniques sp\u00e9cialis\u00e9es pour commencer ce plugin, car elle est pr\u00eate \u00e0 utiliser directement hors de la bo\u00eete.<\/p>\n<p>WP Adverts RecaptCha est un outil indispensable pour tout propri\u00e9taire de site Web cherchant \u00e0 prot\u00e9ger ses actifs num\u00e9riques. Le plugin poss\u00e8de une interface tr\u00e8s intuitive et propose des param\u00e8tres personnalisables, vous permettant un contr\u00f4le complet sur la s\u00e9curit\u00e9 de votre site Web. Avec ce plugin en place, vous pouvez \u00eatre assur\u00e9 que votre site Web est fortifi\u00e9 contre les attaques malveillantes.<\/p>\n<p>Alors qu&rsquo;est-ce que tu attends? Passe pas de temps et installez les publicit\u00e9s WP Recaptcha aujourd&rsquo;hui pour fortifier votre site Web contre les menaces ind\u00e9sirables. Cet investissement est sans aucun doute le meilleur choix que vous puissiez faire pour prot\u00e9ger \u00e0 la fois votre site Web et les donn\u00e9es inestimables de vos utilisateurs!<\/p>\n<ul>\n<li>Ajoute une couche suppl\u00e9mentaire de s\u00e9curit\u00e9 aux pages d&rsquo;enregistrement et de connexion de votre site Web<\/li>\n<li>Emp\u00eache les attaques de bot et de spam<\/li>\n<li>Utilise la derni\u00e8re technologie Google Recaptcha<\/li>\n<li>Assure que seuls les vrais utilisateurs peuvent acc\u00e9der \u00e0 votre site<\/li>\n<li>Parfait pour les magasins en ligne, les sites d&rsquo;adh\u00e9sion et les forums communautaires<\/li>\n<li>S&rsquo;int\u00e8gre parfaitement \u00e0 WordPress Platform<\/li>\n<li>Facile \u00e0 utiliser et \u00e0 installer sans expertise technique requise<\/li>\n<li>Convivial et est livr\u00e9 avec des param\u00e8tres personnalisables<\/li>\n<li>Donne un contr\u00f4le complet sur la s\u00e9curit\u00e9 du site Web<\/li>\n<li>Prot\u00e8ge les actifs num\u00e9riques et les donn\u00e9es des utilisateurs<\/li>\n<li>Meilleur investissement pour prot\u00e9ger votre site Web \u00e0 partir de menaces ind\u00e9sirables<\/li>\n<\/ul>\n","protected":false},"excerpt":{"rendered":"<p>WP Adverts RecaptCha, un plugin incroyablement robuste, a \u00e9t\u00e9 con\u00e7u de mani\u00e8re experte pour fortifier les pages d&rsquo;enregistrement et de connexion de votre site Web en ajoutant une couche de s\u00e9curit\u00e9 suppl\u00e9mentaire. En tirant parti de la technologie Advanced RecaptCha d\u00e9velopp\u00e9e par Google, ce plugin remarquable contrecarte efficacement les bots automatis\u00e9s et le d\u00e9luge insidieux de spam, prot\u00e9geant ainsi votre site et pr\u00e9servant l&rsquo;int\u00e9grit\u00e9 de vos pr\u00e9cieuses donn\u00e9es utilisateur. Que vous soyez le propri\u00e9taire d&rsquo;une boutique en ligne, d&rsquo;un site Web ax\u00e9 sur les membres ou d&rsquo;un forum communautaire anim\u00e9, les publicit\u00e9s WP Recaptcha apparaissent comme la solution par excellence pour assurer l&rsquo;impr\u00e9vabilit\u00e9 de votre site Web et la s\u00e9curit\u00e9 de vos utilisateurs estim\u00e9s. Alignant de mani\u00e8re transparente avec votre plate-forme WordPress et avec une interface conviviale, ce plugin indispensable est un atout incontournable pour tout propri\u00e9taire de site Web exigeant qui est ardemment engag\u00e9 \u00e0 prot\u00e9ger ses propri\u00e9t\u00e9s virtuelles. Ainsi, pourquoi retarder davantage? Installez les publicit\u00e9s WP Recaptcha sans h\u00e9sitation aujourd&rsquo;hui et commencez la protection imperm\u00e9able de votre site Web contre l&rsquo;assaut pernicieux d&rsquo;attaques malveillantes.<\/p>\n","protected":false},"featured_media":146694,"comment_status":"open","ping_status":"open","template":"","meta":[],"product_brand":[2711],"product_cat":[1207,1181,1186],"product_tag":[2269],"class_list":{"0":"post-133905","1":"product","2":"type-product","3":"status-publish","4":"has-post-thumbnail","6":"product_brand-wp-adverts","7":"product_cat-commercialisation-wordpress-plugins","8":"product_cat-plugins","9":"product_cat-wordpress-plugins","10":"product_tag-wp-adverts","11":"member-discount","12":"discount-restricted","14":"first","15":"instock","16":"sale","17":"downloadable","18":"virtual","19":"sold-individually","20":"purchasable","21":"product-type-simple"},"_links":{"self":[{"href":"https:\/\/gpl-love.com\/fr\/wp-json\/wp\/v2\/product\/133905","targetHints":{"allow":["GET"]}}],"collection":[{"href":"https:\/\/gpl-love.com\/fr\/wp-json\/wp\/v2\/product"}],"about":[{"href":"https:\/\/gpl-love.com\/fr\/wp-json\/wp\/v2\/types\/product"}],"replies":[{"embeddable":true,"href":"https:\/\/gpl-love.com\/fr\/wp-json\/wp\/v2\/comments?post=133905"}],"wp:featuredmedia":[{"embeddable":true,"href":"https:\/\/gpl-love.com\/fr\/wp-json\/wp\/v2\/media\/146694"}],"wp:attachment":[{"href":"https:\/\/gpl-love.com\/fr\/wp-json\/wp\/v2\/media?parent=133905"}],"wp:term":[{"taxonomy":"product_brand","embeddable":true,"href":"https:\/\/gpl-love.com\/fr\/wp-json\/wp\/v2\/product_brand?post=133905"},{"taxonomy":"product_cat","embeddable":true,"href":"https:\/\/gpl-love.com\/fr\/wp-json\/wp\/v2\/product_cat?post=133905"},{"taxonomy":"product_tag","embeddable":true,"href":"https:\/\/gpl-love.com\/fr\/wp-json\/wp\/v2\/product_tag?post=133905"}],"curies":[{"name":"wp","href":"https:\/\/api.w.org\/{rel}","templated":true}]}}