{"id":133903,"date":"2025-02-04T00:00:00","date_gmt":"2025-02-03T23:00:00","guid":{"rendered":"https:\/\/gpl-love.com\/fr\/produit\/wp-adverts-custom-fields\/"},"modified":"2026-03-20T23:57:57","modified_gmt":"2026-03-20T22:57:57","slug":"wp-adverts-custom-fields","status":"publish","type":"product","link":"https:\/\/gpl-love.com\/fr\/produit\/wp-adverts-custom-fields\/","title":{"rendered":"WP Adverts Custom Fields 1.5.6"},"content":{"rendered":"<h3>WP Adverts Custom Fields Traits<\/h3>\n<p>WP Adverts Custom Fields est un plugin WordPress incroyablement puissant et polyvalent qui vous offre la possibilit\u00e9 d&rsquo;am\u00e9liorer vos annonces classifi\u00e9es en incorporant des champs personnalis\u00e9s adapt\u00e9s pour r\u00e9pondre aux besoins et aux d\u00e9sirs sp\u00e9cifiques de vos utilisateurs. En collectant un \u00e9ventail plus large d&rsquo;informations sur les produits et services que vos utilisateurs recherchent, WP Adverts Custom Fields augmente le succ\u00e8s et la rentabilit\u00e9 de votre entreprise de petites annonces \u00e0 des hauteurs sans pr\u00e9c\u00e9dent.<\/p>\n<p>WP Adverts Custom Fields vous permet de cr\u00e9er sans effort des annonces classifi\u00e9es personnalis\u00e9es en int\u00e9grant de mani\u00e8re transparente des domaines sp\u00e9cialement con\u00e7us pour votre industrie ou vos cat\u00e9gories de produits. Que vous souhaitiez recueillir des donn\u00e9es concernant l&#8217;emplacement, le prix, la couleur, la taille ou toute autre information pivot qui peut am\u00e9liorer l&rsquo;exp\u00e9rience utilisateur, WP Adverts Custom Fields vous donne la libert\u00e9 de g\u00e9n\u00e9rer autant de champs que n\u00e9cessaire et de dicter leur affichage sur votre site Internet.<\/p>\n<p>L&rsquo;un des avantages les plus remarquables de WP Adverts Custom Fields est la vaste gamme d&rsquo;options de personnalisation disponibles, garantissant que vous avez la possibilit\u00e9 de forger des annonces classifi\u00e9es qui refl\u00e8tent parfaitement vos produits et services. Vous avez la possibilit\u00e9 de s\u00e9lectionner parmi une multitude de types de widgets, y compris la case \u00e0 cocher, le s\u00e9lecteur de dattes et les menus d\u00e9roulants, vous offrant la possibilit\u00e9 d&rsquo;ajouter ou de supprimer des options \u00e0 votre discr\u00e9tion. De plus, vous pouvez sp\u00e9cifier des descriptions, des \u00e9tiquettes et des espaces r\u00e9serv\u00e9s de champs, qui sont tous en \u00e9vidence sur votre site Web, guidant de mani\u00e8re experte les utilisateurs tout au long du processus de r\u00e9alisation des champs requis. Ces options de personnalisation robustes garantissent que vos annonces d\u00e9gagent le professionnalisme et la pr\u00e9cision, augmentant consid\u00e9rablement l&rsquo;exp\u00e9rience utilisateur.<\/p>\n<p>WP Adverts Custom Fields poss\u00e8de une interface conviviale qui est int\u00e9gr\u00e9e de mani\u00e8re transparente dans votre tableau de bord WordPress, garantissant que m\u00eame les utilisateurs novices peuvent configurer et g\u00e9rer sans effort leurs champs personnalis\u00e9s. Le plugin est \u00e9galement remarquablement flexible, permettant l&rsquo;int\u00e9gration de plusieurs champs personnalis\u00e9s en une seule annonce, facilitant ainsi la collecte de nombreuses informations possible pour faciliter les d\u00e9cisions commerciales \u00e9clair\u00e9es.<\/p>\n<p>Si vous \u00eates \u00e0 la recherche d&rsquo;un outil in\u00e9branlable puissant et personnalisable pour optimiser les performances de votre site classifi\u00e9 ou simplement viser \u00e0 offrir une exp\u00e9rience exceptionnellement am\u00e9lior\u00e9e \u00e0 vos utilisateurs, alors WP publie des champs personnalis\u00e9s est un atout indispensable. Avec sa polyvalence in\u00e9gal\u00e9e, ses options de personnalisation approfondies et son \u00e9volutivit\u00e9 in\u00e9branlable, WP publie des champs personnalis\u00e9s repr\u00e9sentent incontestablement la solution id\u00e9ale pour amplifier les taux de conversion, maximiser les revenus et catapulter vos affaires de petites annonces \u00e0 des hauteurs de succ\u00e8s sans pr\u00e9c\u00e9dent!<\/p>\n<ul>\n<li>WP Adverts Custom Fields est un plugin WordPress qui ajoute des champs personnalis\u00e9s \u00e0 vos annonces classifi\u00e9es.<\/li>\n<li>Le plugin vous permet de cr\u00e9er des annonces classifi\u00e9es sur mesure en ajoutant des champs sp\u00e9cifiques \u00e0 votre industrie ou \u00e0 vos cat\u00e9gories de produits.<\/li>\n<li>Avec WP Adverts Custom Fields, vous pouvez contr\u00f4ler la fa\u00e7on dont les champs sont affich\u00e9s sur votre site Web, assurant un look professionnel et pr\u00e9cis.<\/li>\n<li>Le plugin propose plusieurs options de widget, y compris les menus d\u00e9roulants, les cases \u00e0 cocher et les s\u00e9lecteurs de date, qui peuvent \u00eatre personnalis\u00e9s pour r\u00e9pondre \u00e0 vos besoins.<\/li>\n<li>WP Adverts Custom Fields s&rsquo;int\u00e8gre de mani\u00e8re transparente dans le tableau de bord WordPress, et m\u00eame les utilisateurs novices peuvent configurer et g\u00e9rer facilement les champs personnalis\u00e9s.<\/li>\n<li>Le plugin est suffisamment flexible pour int\u00e9grer plusieurs champs personnalis\u00e9s dans une seule annonce, aidant \u00e0 rassembler autant d&rsquo;informations que possible pour les d\u00e9cisions commerciales \u00e9clair\u00e9es.<\/li>\n<li>WP Adverts Custom Fields aide \u00e0 distinguer votre entreprise de petites annonces en rassemblant plus d&rsquo;informations sur les produits et services que vos utilisateurs recherchent.<\/li>\n<li>Avec sa personnalisation, sa polyvalence et son \u00e9volutivit\u00e9, WP publie des champs personnalis\u00e9s est l&rsquo;outil parfait pour maximiser vos revenus et faire passer vos affaires aux \u00c9tats-Unis au niveau sup\u00e9rieur.<\/li>\n<\/ul>\n","protected":false},"excerpt":{"rendered":"<p>WP Adverts Custom Fields est un plugin WordPress incroyablement robuste qui offre aux utilisateurs la possibilit\u00e9 d&rsquo;int\u00e9grer de mani\u00e8re transparente les champs personnalis\u00e9s dans leurs annonces classifi\u00e9es. Cette fonctionnalit\u00e9 facilite non seulement l&rsquo;acquisition d&rsquo;informations suppl\u00e9mentaires des utilisateurs, mais rationalise \u00e9galement le processus d&rsquo;association des acheteurs avec les produits et services pr\u00e9cis dont ils ont besoin. Gr\u00e2ce \u00e0 la mise en \u0153uvre de WP Adverts Custom Fields, vous \u00eates accord\u00e9 \u00e0 la plus grande autonomie pour d\u00e9terminer les champs \u00e0 int\u00e9grer et \u00e0 collecter par la suite les informations les plus pertinentes pour vos besoins sp\u00e9cifiques. Ce niveau de contr\u00f4le garantit que vos publicit\u00e9s sont optimis\u00e9es \u00e0 leur plein potentiel. Peu importe que vous supervisiez une entreprise modeste ou que vous g\u00e9rez un site \u00e9tendu des classifi\u00e9s, WP Adverts Custom Fields sert d&rsquo;outil exceptionnel pour am\u00e9liorer les taux de conversion et renforcer les revenus.<\/p>\n","protected":false},"featured_media":146693,"comment_status":"open","ping_status":"open","template":"","meta":[],"product_brand":[2711],"product_cat":[1207,1181,1186],"product_tag":[2269],"class_list":{"0":"post-133903","1":"product","2":"type-product","3":"status-publish","4":"has-post-thumbnail","6":"product_brand-wp-adverts","7":"product_cat-commercialisation-wordpress-plugins","8":"product_cat-plugins","9":"product_cat-wordpress-plugins","10":"product_tag-wp-adverts","11":"member-discount","12":"discount-restricted","14":"first","15":"instock","16":"sale","17":"downloadable","18":"virtual","19":"sold-individually","20":"purchasable","21":"product-type-simple"},"_links":{"self":[{"href":"https:\/\/gpl-love.com\/fr\/wp-json\/wp\/v2\/product\/133903","targetHints":{"allow":["GET"]}}],"collection":[{"href":"https:\/\/gpl-love.com\/fr\/wp-json\/wp\/v2\/product"}],"about":[{"href":"https:\/\/gpl-love.com\/fr\/wp-json\/wp\/v2\/types\/product"}],"replies":[{"embeddable":true,"href":"https:\/\/gpl-love.com\/fr\/wp-json\/wp\/v2\/comments?post=133903"}],"wp:featuredmedia":[{"embeddable":true,"href":"https:\/\/gpl-love.com\/fr\/wp-json\/wp\/v2\/media\/146693"}],"wp:attachment":[{"href":"https:\/\/gpl-love.com\/fr\/wp-json\/wp\/v2\/media?parent=133903"}],"wp:term":[{"taxonomy":"product_brand","embeddable":true,"href":"https:\/\/gpl-love.com\/fr\/wp-json\/wp\/v2\/product_brand?post=133903"},{"taxonomy":"product_cat","embeddable":true,"href":"https:\/\/gpl-love.com\/fr\/wp-json\/wp\/v2\/product_cat?post=133903"},{"taxonomy":"product_tag","embeddable":true,"href":"https:\/\/gpl-love.com\/fr\/wp-json\/wp\/v2\/product_tag?post=133903"}],"curies":[{"name":"wp","href":"https:\/\/api.w.org\/{rel}","templated":true}]}}