{"id":133901,"date":"2025-02-04T00:00:00","date_gmt":"2025-02-03T23:00:00","guid":{"rendered":"https:\/\/gpl-love.com\/fr\/produit\/wp-adverts-buddypress-integration\/"},"modified":"2026-03-20T23:57:56","modified_gmt":"2026-03-20T22:57:56","slug":"wp-adverts-buddypress-integration","status":"publish","type":"product","link":"https:\/\/gpl-love.com\/fr\/produit\/wp-adverts-buddypress-integration\/","title":{"rendered":"WP Adverts BuddyPress Integration 1.2.2"},"content":{"rendered":"<h3>WP Adverts BuddyPress Integration Traits<\/h3>\n<p>Si vous \u00eates \u00e0 la recherche d&rsquo;une solution qui peut int\u00e9grer de mani\u00e8re transparente les annonces classifi\u00e9es et les profils utilisateur de votre site WordPress avec BuddyPress, ne cherchez pas plus loin que l&rsquo;int\u00e9gration BuddyPress Adverts WP! Ce plugin remarquable fournit la solution ultime pour cr\u00e9er une exp\u00e9rience enti\u00e8rement int\u00e9gr\u00e9e des classifi\u00e9s et des m\u00e9dias sociaux pour vos utilisateurs. Avec l&rsquo;int\u00e9gration des BuddyPress Adverts WP, les utilisateurs ont la facilit\u00e9 de cr\u00e9ation et de gestion de leurs annonces classifi\u00e9es directement \u00e0 partir de leur page de profil, tandis que les administrateurs peuvent contr\u00f4ler sans effort la gestion des publicit\u00e9s \u00e0 partir du backend.<\/p>\n<p>Que vous souhaitiez offrir \u00e0 vos utilisateurs une gamme compl\u00e8te de fonctionnalit\u00e9s de petites annonces ou que vous souhaitiez simplement am\u00e9liorer l&rsquo;exp\u00e9rience utilisateur sur votre site, l&rsquo;int\u00e9gration WP Adverts BuddyPress est le choix parfait pour vous. Ce plugin est compatible avec tous les principaux th\u00e8mes et poss\u00e8de un processus d&rsquo;installation incroyablement facile, vous permettant de mettre votre site op\u00e9rationnel en un rien de temps.<\/p>\n<p>Alors, pourquoi en tarder davantage? \u00c9levez votre site WordPress au niveau suivant en incorporant l&rsquo;int\u00e9gration de Buddypress Adverts WP aujourd&rsquo;hui!<\/p>\n<ul>\n<li>Int\u00e9grer de mani\u00e8re transparente les annonces et les profils d&rsquo;utilisateurs classifi\u00e9s de votre site WordPress avec BuddYPress<\/li>\n<li>Cr\u00e9ez une exp\u00e9rience de base et des m\u00e9dias sociaux enti\u00e8rement int\u00e9gr\u00e9s pour vos utilisateurs<\/li>\n<li>Les utilisateurs peuvent facilement cr\u00e9er et g\u00e9rer leurs annonces classifi\u00e9es directement \u00e0 partir de leur page de profil<\/li>\n<li>Les administrateurs peuvent facilement contr\u00f4ler la gestion des publicit\u00e9s \u00e0 partir du backend<\/li>\n<li>Offrez \u00e0 vos utilisateurs un ensemble robuste de fonctionnalit\u00e9s de petites annonces<\/li>\n<li>Rationalisez l&rsquo;exp\u00e9rience utilisateur de votre site<\/li>\n<li>Compatible avec tous les principaux th\u00e8mes<\/li>\n<li>Incroyablement facile \u00e0 installer<\/li>\n<li>Se lever en un rien de temps<\/li>\n<li>Faites passer votre site WordPress au niveau sup\u00e9rieur avec WP Adverts BuddyPress Integration d\u00e8s aujourd&rsquo;hui!<\/li>\n<\/ul>\n","protected":false},"excerpt":{"rendered":"<p>Pr\u00e9sentation de l&rsquo;int\u00e9gration des BuddyPress Adverts WP tr\u00e8s attendue, une solution exceptionnelle qui harmonise parfaitement les annonces et les profils utilisateur de votre site WordPress avec la plate-forme BuddyPress r\u00e9volutionnaire. Ce plugin r\u00e9volutionnaire permet aux utilisateurs de cr\u00e9er et de g\u00e9rer efficacement leurs annonces classifi\u00e9es directement \u00e0 partir de leur page de profil personnalis\u00e9e, tout en accordant aux administrateurs estim\u00e9s l&rsquo;autorit\u00e9 sans \u00e9quivoque de r\u00e9glementer et de superviser la gestion compl\u00e8te des publicit\u00e9s du backend. De plus, cette int\u00e9gration inestimable poss\u00e8de une compatibilit\u00e9 remarquable avec tous les th\u00e8mes majeurs, garantissant un processus d&rsquo;installation sans couture et sans tracas. WP Adverts BuddyPress L&rsquo;int\u00e9gration est sans aucun doute un outil indispensable pour tout site WordPress aspirant \u00e0 fournir une exp\u00e9rience et une exp\u00e9rience de m\u00e9dias sociaux enti\u00e8rement int\u00e9gr\u00e9es sans pr\u00e9c\u00e9dent pour ses utilisateurs estim\u00e9s.<\/p>\n","protected":false},"featured_media":146692,"comment_status":"open","ping_status":"open","template":"","meta":[],"product_brand":[2711],"product_cat":[1207,1181,1186],"product_tag":[2269],"class_list":{"0":"post-133901","1":"product","2":"type-product","3":"status-publish","4":"has-post-thumbnail","6":"product_brand-wp-adverts","7":"product_cat-commercialisation-wordpress-plugins","8":"product_cat-plugins","9":"product_cat-wordpress-plugins","10":"product_tag-wp-adverts","11":"member-discount","12":"discount-restricted","14":"first","15":"instock","16":"sale","17":"downloadable","18":"virtual","19":"sold-individually","20":"purchasable","21":"product-type-simple"},"_links":{"self":[{"href":"https:\/\/gpl-love.com\/fr\/wp-json\/wp\/v2\/product\/133901","targetHints":{"allow":["GET"]}}],"collection":[{"href":"https:\/\/gpl-love.com\/fr\/wp-json\/wp\/v2\/product"}],"about":[{"href":"https:\/\/gpl-love.com\/fr\/wp-json\/wp\/v2\/types\/product"}],"replies":[{"embeddable":true,"href":"https:\/\/gpl-love.com\/fr\/wp-json\/wp\/v2\/comments?post=133901"}],"wp:featuredmedia":[{"embeddable":true,"href":"https:\/\/gpl-love.com\/fr\/wp-json\/wp\/v2\/media\/146692"}],"wp:attachment":[{"href":"https:\/\/gpl-love.com\/fr\/wp-json\/wp\/v2\/media?parent=133901"}],"wp:term":[{"taxonomy":"product_brand","embeddable":true,"href":"https:\/\/gpl-love.com\/fr\/wp-json\/wp\/v2\/product_brand?post=133901"},{"taxonomy":"product_cat","embeddable":true,"href":"https:\/\/gpl-love.com\/fr\/wp-json\/wp\/v2\/product_cat?post=133901"},{"taxonomy":"product_tag","embeddable":true,"href":"https:\/\/gpl-love.com\/fr\/wp-json\/wp\/v2\/product_tag?post=133901"}],"curies":[{"name":"wp","href":"https:\/\/api.w.org\/{rel}","templated":true}]}}