{"id":133899,"date":"2025-06-19T00:00:00","date_gmt":"2025-06-18T22:00:00","guid":{"rendered":"https:\/\/gpl-love.com\/fr\/produit\/wp-adverts-woocommerce-integration\/"},"modified":"2026-03-20T23:57:55","modified_gmt":"2026-03-20T22:57:55","slug":"wp-adverts-woocommerce-integration","status":"publish","type":"product","link":"https:\/\/gpl-love.com\/fr\/produit\/wp-adverts-woocommerce-integration\/","title":{"rendered":"WP Adverts WooCommerce Integration 2.0.0"},"content":{"rendered":"<h3>WP Adverts WooCommerce Integration Traits<\/h3>\n<p>Si vous recherchez une solution efficace qui int\u00e8gre de mani\u00e8re transparente votre plugin de publicit\u00e9s WP avec votre boutique WooCommerce, votre recherche se termine ici avec l&rsquo;int\u00e9gration WP Adverts WooCommerce! Cet outil exceptionnel \u00e9tablit non seulement une connexion impeccable entre votre plugin d&rsquo;annonces WP et votre magasin WooCommerce, mais assure \u00e9galement une exp\u00e9rience rationalis\u00e9e pour vous-m\u00eame et vos clients. En utilisant cette int\u00e9gration, vous pouvez g\u00e9rer et vendre sans effort vos espaces publicitaires directement \u00e0 partir de votre boutique WooCommerce, simplifiant ainsi la t\u00e2che de prendre le contr\u00f4le de votre jeu publicitaire.<\/p>\n<p>Avec l&rsquo;int\u00e9gration WP Adverts WooCommerce, vous gagnez la possibilit\u00e9 d&rsquo;\u00e9tablir des packages d&rsquo;annonces personnalis\u00e9s, de g\u00e9rer efficacement les paiements d&rsquo;annonces, de surveiller les performances publicitaires et bien plus encore. Cet outil incroyablement convivial et intuitif vous permet d&rsquo;\u00e9lever vos efforts publicitaires pour de nouveaux sommets, le tout sans inconv\u00e9nient de naviguer dans plusieurs plates-formes ou de basculer entre divers syst\u00e8mes.<\/p>\n<p>Le processus d&rsquo;int\u00e9gration est incroyablement simple et sans tracas, vous permettant de commencer \u00e0 utiliser cet outil rapidement et sans effort. De plus, l&rsquo;int\u00e9gration WP Adverts WooCommerce poss\u00e8de une vaste gamme d&rsquo;options de personnalisation, vous permettant d&rsquo;adapter votre configuration publicitaire en fonction de vos exigences et pr\u00e9f\u00e9rences sp\u00e9cifiques.<\/p>\n<p>Que vous soyez un propri\u00e9taire d&rsquo;entreprise ambitieux visant \u00e0 \u00e9largir votre pr\u00e9sence en ligne et \u00e0 augmenter les revenus, ou un sp\u00e9cialiste du marketing astucieux cherchant \u00e0 rationaliser vos processus publicitaires, l&rsquo;int\u00e9gration WP Adverts WooCommerce est sans aucun doute la solution que vous avez fait longtemps. N&rsquo;h\u00e9sitez pas plus longtemps &#8211; saisissez l&rsquo;occasion de d\u00e9bloquer le plein potentiel de votre jeu publicitaire aujourd&rsquo;hui en exploitant la puissance de cet outil exceptionnel!<\/p>\n<ul>\n<li>Int\u00e9gration transparente entre le plugin de publicit\u00e9s WP et le magasin WooCommerce<\/li>\n<li>Exp\u00e9rience rationalis\u00e9e pour les commer\u00e7ants et les clients<\/li>\n<li>G\u00e9rer et vendre des espaces publicitaires directement \u00e0 partir de WooCommerce Store<\/li>\n<li>Packages d&rsquo;annonces personnalis\u00e9s et gestion des paiements d&rsquo;annonces<\/li>\n<li>Suivi facile des performances publicitaires<\/li>\n<li>Processus d&rsquo;int\u00e9gration simple<\/li>\n<li>Options de personnalisation pour r\u00e9pondre aux besoins et aux pr\u00e9f\u00e9rences sp\u00e9cifiques<\/li>\n<li>Parfait pour les propri\u00e9taires d&rsquo;entreprise et les sp\u00e9cialistes du marketing qui cherchent \u00e0 accro\u00eetre leur pr\u00e9sence en ligne et \u00e0 augmenter les revenus<\/li>\n<li>N&rsquo;attendez pas &#8211; d\u00e9bloquez le plein potentiel de votre jeu publicitaire aujourd&rsquo;hui avec WP Adverts WooCommerce Int\u00e9gration!<\/li>\n<\/ul>\n","protected":false},"excerpt":{"rendered":"<p>L&rsquo;int\u00e9gration de l&rsquo;outil d&rsquo;int\u00e9gration WP Adverts WooCommerce avec votre plugin d&rsquo;annonces WP et votre magasin WooCommerce est une fonctionnalit\u00e9 extr\u00eamement puissante. Il permet une fusion transparente et sans effort de ces plates-formes, ce qui entra\u00eene une exp\u00e9rience int\u00e9gr\u00e9e en douceur pour vous, le vendeur et vos clients. En utilisant cette int\u00e9gration, vous gagnez la possibilit\u00e9 de superviser et de faciliter la vente de vos espaces publicitaires directement \u00e0 partir de votre magasin WooCommerce, garantissant ainsi un processus plus efficace et rationalis\u00e9. En outre, cette int\u00e9gration vous donne des fonctionnalit\u00e9s de nombreuses fonctionnalit\u00e9s telles que la cr\u00e9ation de packages d&rsquo;annonces, la gestion des paiements d&rsquo;annonces, le suivi des performances publicitaires et bien plus encore. Embrassez l&rsquo;int\u00e9gration WP Adverts WooCommerce aujourd&rsquo;hui et \u00e9levez vos efforts publicitaires \u00e0 des hauteurs sans pr\u00e9c\u00e9dent!<\/p>\n","protected":false},"featured_media":146691,"comment_status":"open","ping_status":"open","template":"","meta":[],"product_brand":[2711],"product_cat":[1207,1181,1186],"product_tag":[2269],"class_list":{"0":"post-133899","1":"product","2":"type-product","3":"status-publish","4":"has-post-thumbnail","6":"product_brand-wp-adverts","7":"product_cat-commercialisation-wordpress-plugins","8":"product_cat-plugins","9":"product_cat-wordpress-plugins","10":"product_tag-wp-adverts","11":"member-discount","12":"discount-restricted","14":"first","15":"instock","16":"sale","17":"downloadable","18":"virtual","19":"sold-individually","20":"purchasable","21":"product-type-simple"},"_links":{"self":[{"href":"https:\/\/gpl-love.com\/fr\/wp-json\/wp\/v2\/product\/133899","targetHints":{"allow":["GET"]}}],"collection":[{"href":"https:\/\/gpl-love.com\/fr\/wp-json\/wp\/v2\/product"}],"about":[{"href":"https:\/\/gpl-love.com\/fr\/wp-json\/wp\/v2\/types\/product"}],"replies":[{"embeddable":true,"href":"https:\/\/gpl-love.com\/fr\/wp-json\/wp\/v2\/comments?post=133899"}],"wp:featuredmedia":[{"embeddable":true,"href":"https:\/\/gpl-love.com\/fr\/wp-json\/wp\/v2\/media\/146691"}],"wp:attachment":[{"href":"https:\/\/gpl-love.com\/fr\/wp-json\/wp\/v2\/media?parent=133899"}],"wp:term":[{"taxonomy":"product_brand","embeddable":true,"href":"https:\/\/gpl-love.com\/fr\/wp-json\/wp\/v2\/product_brand?post=133899"},{"taxonomy":"product_cat","embeddable":true,"href":"https:\/\/gpl-love.com\/fr\/wp-json\/wp\/v2\/product_cat?post=133899"},{"taxonomy":"product_tag","embeddable":true,"href":"https:\/\/gpl-love.com\/fr\/wp-json\/wp\/v2\/product_tag?post=133899"}],"curies":[{"name":"wp","href":"https:\/\/api.w.org\/{rel}","templated":true}]}}