{"id":133897,"date":"2025-04-02T00:00:00","date_gmt":"2025-04-01T22:00:00","guid":{"rendered":"https:\/\/gpl-love.com\/fr\/produit\/wp-adverts-stripe-integration\/"},"modified":"2026-03-20T23:57:54","modified_gmt":"2026-03-20T22:57:54","slug":"wp-adverts-stripe-integration","status":"publish","type":"product","link":"https:\/\/gpl-love.com\/fr\/produit\/wp-adverts-stripe-integration\/","title":{"rendered":"WP Adverts Stripe Integration 1.3.3"},"content":{"rendered":"<h3>WP Adverts Stripe Integration Traits<\/h3>\n<p>\u00cates-vous fatigu\u00e9 du traitement manuel des paiements pour votre boutique en ligne ou vos abonnements? Si c&rsquo;est le cas, ne cherchez pas plus loin que le plugin d&rsquo;int\u00e9gration de rayures Adverts WP. Ce plugin est un outil incontournable qui rationalisera le processus de paiement pour vous et vos clients, ce qui facilite que jamais d&rsquo;accepter les paiements sur votre site Web.<\/p>\n<p>Le plugin WP Adverts Stripe Integration est livr\u00e9 avec une interface conviviale qui vous permet de g\u00e9rer tous les paiements, abonnements et remboursements \u00e0 partir d&rsquo;un seul emplacement. Avec un processus d&rsquo;installation simple et un tableau de bord intuitif, vous serez guid\u00e9 \u00e9tape par \u00e9tape via le processus de configuration.<\/p>\n<p>Ce qui distingue ce puissant plugin, c&rsquo;est son int\u00e9gration transparente avec les publicit\u00e9s WP, le plugin de gestion de la publicit\u00e9 populaire. Cette int\u00e9gration vous offre la flexibilit\u00e9 d&rsquo;accepter les paiements pour un large \u00e9ventail de services, des achats en ligne aux abonnements r\u00e9currents. Peu importe si vous ex\u00e9cutez un magasin de commerce \u00e9lectronique ou si vous acceptez des dons, le plugin WP Adverts Stripe Integration est la solution parfaite pour tous vos besoins de paiement.<\/p>\n<p>Une fonctionnalit\u00e9 remarquable de ce plugin est sa capacit\u00e9 \u00e0 g\u00e9rer sans effort les abonnements et les paiements r\u00e9currents. Que vous proposiez un service mensuel ou un abonnement annuel, vous pouvez facilement configurer des paiements automatiques qui seront trait\u00e9s en toute s\u00e9curit\u00e9 et efficacement via Stripe. Cela signifie que vous pouvez vous concentrer sur la croissance de votre entreprise sans aucun souci de traitement des paiements.<\/p>\n<p>En ce qui concerne les paiements en ligne, la s\u00e9curit\u00e9 est toujours une priorit\u00e9 absolue. Rassurez-vous, le plugin WP Adverts Stripe Integration est enti\u00e8rement conforme \u00e0 toutes les exigences PCI DSS (Payment Card Industry Data Security Standard). Cela signifie que tous les paiements effectu\u00e9s via votre site Web seront crypt\u00e9s et trait\u00e9s en toute s\u00e9curit\u00e9, vous offrant une tranquillit\u00e9 d&rsquo;esprit.<\/p>\n<p>En plus de ses puissantes capacit\u00e9s de traitement des paiements, le plugin WP Adverts Stripe Integration propose \u00e9galement une exp\u00e9rience de paiement personnalisable pour vos clients. Vous avez la libert\u00e9 de choisir parmi une grande vari\u00e9t\u00e9 d&rsquo;options de paiement, de personnaliser les pages de paiement en fonction de vos pr\u00e9f\u00e9rences, et m\u00eame de fournir des remises ou des coupons pour inciter les achats.<\/p>\n<p>Dans l&rsquo;ensemble, le plugin WP Adverts Stripe Integration est un outil indispensable pour toute entreprise qui cherche \u00e0 rationaliser son traitement de paiement. Ses fonctionnalit\u00e9s impressionnantes, ses options personnalisables et son int\u00e9gration transparente avec les publicit\u00e9s WP en font le choix id\u00e9al pour les magasins en ligne, les abonnements et les dons. N&rsquo;h\u00e9sitez pas, essayez-le aujourd&rsquo;hui et profitez de la commodit\u00e9 du traitement des paiements sans tracas.<\/p>\n<ul>\n<li>Rationalise le traitement des paiements pour les magasins et abonnements en ligne<\/li>\n<li>Interface conviviale pour la gestion des paiements, des abonnements et des remboursements \u00e0 partir d&rsquo;un seul emplacement<\/li>\n<li>Int\u00e9gration transparente avec les publicit\u00e9s WP pour plus de flexibilit\u00e9<\/li>\n<li>Capacit\u00e9 \u00e0 g\u00e9rer facilement les abonnements et les paiements r\u00e9currents<\/li>\n<li>Enti\u00e8rement conforme \u00e0 toutes les exigences PCI DSS pour le traitement des paiements s\u00e9curis\u00e9s<\/li>\n<li>Exp\u00e9rience de paiement personnalisable avec une vari\u00e9t\u00e9 d&rsquo;options de paiement et des options de r\u00e9duction \/ coupon<\/li>\n<li>Outil essentiel pour toute entreprise qui cherche \u00e0 rationaliser le traitement des paiements<\/li>\n<li>Configuration facile et tableau de bord intuitif pour les conseils \u00e9tape par \u00e9tape<\/li>\n<li>Traitement des paiements sans tracas pour la croissance optimale des entreprises et la satisfaction du client<\/li>\n<\/ul>\n","protected":false},"excerpt":{"rendered":"<p>Le plugin d&rsquo;int\u00e9gration de rayures WP Adverts s&rsquo;av\u00e8re \u00eatre un outil exceptionnellement efficace pour optimiser et simplifier la proc\u00e9dure de paiement. En utilisant cette int\u00e9gration, les utilisateurs peuvent recevoir sans effort et rapidement les paiements via leur site Web \u00e0 l&rsquo;aide de Stripe. Remarquablement robuste, ce plugin permet aux utilisateurs de superviser et d&rsquo;administrer facilement les paiements, les abonnements et les remboursements, le tout dans une seule plate-forme unifi\u00e9e. Son int\u00e9gration parfaitement harmonis\u00e9e avec les publicit\u00e9s WP facilite l&rsquo;acceptation des paiements pour une vaste gamme de transactions, passant des achats en ligne aux abonnements r\u00e9currents. Peu importe que l&rsquo;on exploite un magasin de commerce \u00e9lectronique ou cherche \u00e0 solliciter des dons, l&rsquo;int\u00e9gration de Stripe des publicit\u00e9s WP se pr\u00e9sente ind\u00e9niablement comme la solution ultime pour toutes les exigences li\u00e9es au paiement.<\/p>\n","protected":false},"featured_media":146690,"comment_status":"open","ping_status":"open","template":"","meta":[],"product_brand":[2711],"product_cat":[1207,1181,1186],"product_tag":[2269],"class_list":{"0":"post-133897","1":"product","2":"type-product","3":"status-publish","4":"has-post-thumbnail","6":"product_brand-wp-adverts","7":"product_cat-commercialisation-wordpress-plugins","8":"product_cat-plugins","9":"product_cat-wordpress-plugins","10":"product_tag-wp-adverts","11":"member-discount","12":"discount-restricted","14":"first","15":"instock","16":"sale","17":"downloadable","18":"virtual","19":"sold-individually","20":"purchasable","21":"product-type-simple"},"_links":{"self":[{"href":"https:\/\/gpl-love.com\/fr\/wp-json\/wp\/v2\/product\/133897","targetHints":{"allow":["GET"]}}],"collection":[{"href":"https:\/\/gpl-love.com\/fr\/wp-json\/wp\/v2\/product"}],"about":[{"href":"https:\/\/gpl-love.com\/fr\/wp-json\/wp\/v2\/types\/product"}],"replies":[{"embeddable":true,"href":"https:\/\/gpl-love.com\/fr\/wp-json\/wp\/v2\/comments?post=133897"}],"wp:featuredmedia":[{"embeddable":true,"href":"https:\/\/gpl-love.com\/fr\/wp-json\/wp\/v2\/media\/146690"}],"wp:attachment":[{"href":"https:\/\/gpl-love.com\/fr\/wp-json\/wp\/v2\/media?parent=133897"}],"wp:term":[{"taxonomy":"product_brand","embeddable":true,"href":"https:\/\/gpl-love.com\/fr\/wp-json\/wp\/v2\/product_brand?post=133897"},{"taxonomy":"product_cat","embeddable":true,"href":"https:\/\/gpl-love.com\/fr\/wp-json\/wp\/v2\/product_cat?post=133897"},{"taxonomy":"product_tag","embeddable":true,"href":"https:\/\/gpl-love.com\/fr\/wp-json\/wp\/v2\/product_tag?post=133897"}],"curies":[{"name":"wp","href":"https:\/\/api.w.org\/{rel}","templated":true}]}}