{"id":133893,"date":"2025-02-04T00:00:00","date_gmt":"2025-02-03T23:00:00","guid":{"rendered":"https:\/\/gpl-love.com\/fr\/produit\/wp-adverts-maps-and-locations\/"},"modified":"2026-03-20T23:57:52","modified_gmt":"2026-03-20T22:57:52","slug":"wp-adverts-maps-and-locations","status":"publish","type":"product","link":"https:\/\/gpl-love.com\/fr\/produit\/wp-adverts-maps-and-locations\/","title":{"rendered":"WP Adverts Maps et Locations 1.6.3"},"content":{"rendered":"<h3>WP Adverts Maps et Locations Traits<\/h3>\n<p>Le plugin WP Adverts Maps and Localications est une solution id\u00e9ale pour les sites Web qui n\u00e9cessitent la pr\u00e9sentation d&rsquo;informations sp\u00e9cifiques \u00e0 la localisation, offrant une gamme compl\u00e8te de fonctionnalit\u00e9s. Ce plugin simplifie le processus d&rsquo;int\u00e9gration des affichages de carte visuellement attrayants et conviviaux dans vos messages, pages et types de publication personnalis\u00e9s.<\/p>\n<p>Que vous visiez \u00e0 montrer o\u00f9 se trouve votre entreprise, un \u00e9v\u00e9nement sp\u00e9cial ou une destination de voyage, ce plugin vous permet sans effort de d\u00e9montrer aux utilisateurs la pertinence de votre contenu. En utilisant simplement quelques clics, vous pouvez g\u00e9n\u00e9rer sans effort une carte visuellement captivante et informative qui met en \u00e9vidence efficacement vos donn\u00e9es de localisation d&rsquo;une mani\u00e8re esth\u00e9tique et intuitive.<\/p>\n<p>Le plugin WP Adverts Maps and Localiments pr\u00e9sente une interface conviviale qui garantit la facilit\u00e9 de navigation, m\u00eame pour ceux qui sont nouveaux dans le monde du d\u00e9veloppement de sites Web. De plus, il poss\u00e8de un niveau \u00e9lev\u00e9 de personnalisation avec ses options de configuration flexibles, vous permettant d&rsquo;adapter l&rsquo;apparence de votre affichage de carte en fonction de vos exigences uniques. De une gamme diversifi\u00e9e de styles de carte \u00e0 un \u00e9ventail de sch\u00e9mas de couleurs et de marqueurs, vous poss\u00e9dez la libert\u00e9 de cr\u00e9er une carte qui s&rsquo;int\u00e8gre de mani\u00e8re transparente \u00e0 la conception de votre site Web.<\/p>\n<p>Gr\u00e2ce \u00e0 la conception r\u00e9active du plugin, vos cartes conserveront leur attrait visuel et leur fonctionnalit\u00e9 sur divers appareils, y compris les ordinateurs de bureau, les tablettes et les smartphones. Par cons\u00e9quent, les utilisateurs peuvent acc\u00e9der sans effort \u00e0 vos donn\u00e9es de localisation, quelle que soit leur emplacement ou l&rsquo;appareil qu&rsquo;ils utilisent.<\/p>\n<p>Le plugin Maps et emplacements WP Adverts d\u00e9passe les limitations en vous permettant de pr\u00e9senter non seulement une, mais plusieurs cartes. Cette fonctionnalit\u00e9 vous donne la possibilit\u00e9 de mettre l&rsquo;accent sur diff\u00e9rents emplacements et de pr\u00e9senter une vari\u00e9t\u00e9 de contenu bas\u00e9 sur la localisation, am\u00e9liorant ainsi l&rsquo;exp\u00e9rience utilisateur globale.<\/p>\n<p>En conclusion, si vous d\u00e9sirez un moyen attrayant, intuitif et flexible d&rsquo;incorporer des informations sp\u00e9cifiques \u00e0 l&#8217;emplacement dans votre site Web, le plugin WP Adverts Maps and Emplaces sert d&rsquo;outil ultime \u00e0 cet effet. Sa nature conviviale, ses \u00e9tendues options de personnalisation et ses possibilit\u00e9s illimit\u00e9 pour afficher le contenu bas\u00e9 sur la localisation en font l&rsquo;ajout parfait \u00e0 votre site Web. Ne perdez pas de temps \u00e0 vivre la puissance remarquable du contenu bas\u00e9 sur la localisation en impl\u00e9mentant ce plugin aujourd&rsquo;hui!<\/p>\n<ul>\n<li>Moyen facile et efficace d&rsquo;ajouter des informations sp\u00e9cifiques \u00e0 la localisation \u00e0 votre site Web<\/li>\n<li>Interface conviviale que m\u00eame les d\u00e9butants peuvent naviguer facilement<\/li>\n<li>Hautement personnalisable avec des options de configuration flexibles<\/li>\n<li>Choisissez parmi divers styles de carte, sch\u00e9mas de couleurs et marqueurs<\/li>\n<li>Conception r\u00e9active pour l&rsquo;affichage parfait sur n&rsquo;importe quel appareil<\/li>\n<li>Option de cr\u00e9ation de cartes multiples pour mettre en surbrillance diff\u00e9rents emplacements et contenu bas\u00e9 sur la localisation<\/li>\n<li>Vous permet de montrer aux utilisateurs o\u00f9 votre contenu est le plus pertinent<\/li>\n<li>Parfait pour les entreprises, les \u00e9v\u00e9nements sp\u00e9ciaux et les destinations de voyage<\/li>\n<li>Cr\u00e9e des affichages de carte \u00e9tonnants et informatifs en quelques clics seulement<\/li>\n<li>D\u00e9couvrez la puissance du contenu bas\u00e9 sur la localisation sur votre site Web avec le plugin WP Adverts Maps and Localications.<\/li>\n<\/ul>\n","protected":false},"excerpt":{"rendered":"<p>Le plugin WP Adverts Maps and Localications, un outil tr\u00e8s crucial pour les sites Web cherchant \u00e0 pr\u00e9senter des informations sp\u00e9cifiques \u00e0 l&#8217;emplacement, permet l&rsquo;incorporation transparente des cartes dans les publications, les pages et Mani\u00e8re amicale. Que vous soyez int\u00e9ress\u00e9 \u00e0 divulguer o\u00f9 se trouve votre entreprise, une occasion sp\u00e9ciale ou une destination touristique, les cartes et les emplacements des publicit\u00e9s WP se r\u00e9v\u00e8lent \u00eatre la solution ultime pour diriger les utilisateurs vers le contenu pertinent. En outre, son interface conviviale et ses options de personnalisation adaptables le rendent sans effort configurable et impl\u00e9mentable pour tout objectif souhait\u00e9. Nous vous encourageons \u00e0 essayer aujourd&rsquo;hui et \u00e0 voir comment cela peut \u00e9lever la qualit\u00e9 du contenu de votre site Web.<\/p>\n","protected":false},"featured_media":146688,"comment_status":"open","ping_status":"open","template":"","meta":[],"product_brand":[2711],"product_cat":[1207,1181,1186],"product_tag":[2269],"class_list":{"0":"post-133893","1":"product","2":"type-product","3":"status-publish","4":"has-post-thumbnail","6":"product_brand-wp-adverts","7":"product_cat-commercialisation-wordpress-plugins","8":"product_cat-plugins","9":"product_cat-wordpress-plugins","10":"product_tag-wp-adverts","11":"member-discount","12":"discount-restricted","14":"first","15":"instock","16":"sale","17":"downloadable","18":"virtual","19":"sold-individually","20":"purchasable","21":"product-type-simple"},"_links":{"self":[{"href":"https:\/\/gpl-love.com\/fr\/wp-json\/wp\/v2\/product\/133893","targetHints":{"allow":["GET"]}}],"collection":[{"href":"https:\/\/gpl-love.com\/fr\/wp-json\/wp\/v2\/product"}],"about":[{"href":"https:\/\/gpl-love.com\/fr\/wp-json\/wp\/v2\/types\/product"}],"replies":[{"embeddable":true,"href":"https:\/\/gpl-love.com\/fr\/wp-json\/wp\/v2\/comments?post=133893"}],"wp:featuredmedia":[{"embeddable":true,"href":"https:\/\/gpl-love.com\/fr\/wp-json\/wp\/v2\/media\/146688"}],"wp:attachment":[{"href":"https:\/\/gpl-love.com\/fr\/wp-json\/wp\/v2\/media?parent=133893"}],"wp:term":[{"taxonomy":"product_brand","embeddable":true,"href":"https:\/\/gpl-love.com\/fr\/wp-json\/wp\/v2\/product_brand?post=133893"},{"taxonomy":"product_cat","embeddable":true,"href":"https:\/\/gpl-love.com\/fr\/wp-json\/wp\/v2\/product_cat?post=133893"},{"taxonomy":"product_tag","embeddable":true,"href":"https:\/\/gpl-love.com\/fr\/wp-json\/wp\/v2\/product_tag?post=133893"}],"curies":[{"name":"wp","href":"https:\/\/api.w.org\/{rel}","templated":true}]}}