{"id":133891,"date":"2025-04-02T00:00:00","date_gmt":"2025-04-01T22:00:00","guid":{"rendered":"https:\/\/gpl-love.com\/fr\/produit\/wp-adverts-google-analytics\/"},"modified":"2026-03-20T23:57:52","modified_gmt":"2026-03-20T22:57:52","slug":"wp-adverts-google-analytics","status":"publish","type":"product","link":"https:\/\/gpl-love.com\/fr\/produit\/wp-adverts-google-analytics\/","title":{"rendered":"WP Adverts Google Analytics 1.1.2"},"content":{"rendered":"<h3>WP Adverts Google Analytics Traits<\/h3>\n<p>Si vous \u00eates \u00e0 la recherche d&rsquo;un outil robuste et convivial qui peut efficacement suivre et analyser les performances de votre site Web WordPress Adverts, vous n&rsquo;avez pas besoin de chercher plus loin que WP Adverts Google Analytics. Ce plugin exceptionnel int\u00e8gre de mani\u00e8re transparente votre site Web \u00e0 Google Analytics, vous accordant ainsi l&rsquo;acc\u00e8s \u00e0 des informations inestimables concernant le comportement de vos utilisateurs et les sources du trafic de votre site Web. Arm\u00e9 de ces informations, vous pouvez prendre des d\u00e9cisions \u00e9clair\u00e9es sur vos strat\u00e9gies publicitaires et marketing, en fin de compte de vous aider \u00e0 atteindre vos objectifs commerciaux.<\/p>\n<p>WP Adverts Google Analytics regorge d&rsquo;une gamme de fonctionnalit\u00e9s extraordinaires sp\u00e9cialement con\u00e7ues pour rationaliser votre processus de suivi et d&rsquo;analyse. En utilisant ce plugin, vous pourrez afficher des donn\u00e9es en temps r\u00e9el qui pr\u00e9sentent le nombre de visites, les pages vues et le temps moyen pass\u00e9 sur votre site Web. De plus, vous pouvez \u00e9galement surveiller les performances de vos activit\u00e9s de commerce \u00e9lectronique et mesurer l&rsquo;efficacit\u00e9 de vos canaux publicitaires, entre autres capacit\u00e9s.<\/p>\n<p>L&rsquo;un des attributs notables de ce plugin exceptionnel est son interface conviviale. Vous n&rsquo;avez pas besoin de poss\u00e9der une expertise technique afin d&rsquo;utiliser pleinement les publicit\u00e9s WP Google Analytics. Le tableau de bord est simple, pr\u00e9sentant des graphiques et des graphiques conviviaux qui facilitent une meilleure compr\u00e9hension de vos donn\u00e9es.<\/p>\n<p>Dans le cas o\u00f9 vous avez encore des r\u00e9servations, il n&rsquo;est pas n\u00e9cessaire de s&rsquo;inqui\u00e9ter. WP Adverts Google Analytics s&rsquo;accompagne d&rsquo;une documentation compl\u00e8te qui vous guide tout au long du processus d&rsquo;utilisation de chaque fonctionnalit\u00e9, garantissant une exp\u00e9rience d&rsquo;apprentissage rapide et sans effort. Que vous soyez un novice ou un sp\u00e9cialiste du marketing exp\u00e9riment\u00e9, vous trouverez sans aucun doute une immense valeur dans ce plugin.<\/p>\n<p>Tout bien consid\u00e9r\u00e9, WP publie Google Analytics est un outil exceptionnel qui peut \u00e9lever votre strat\u00e9gie publicitaire \u00e0 de nouveaux sommets. Obtenez les informations dont vous avez besoin pour prendre des d\u00e9cisions \u00e9clair\u00e9es et optimiser votre site Web pour des performances maximales. Ne tardez pas &#8211; essayez les publicit\u00e9s WP Google Analytics aujourd&rsquo;hui.<\/p>\n<ul>\n<li>Int\u00e9grez de mani\u00e8re transparente votre site Web de publicit\u00e9s WordPress avec Google Analytics pour des informations pr\u00e9cieuses sur le comportement des utilisateurs et les sources de trafic<\/li>\n<li>Utilisez des donn\u00e9es pour prendre des d\u00e9cisions \u00e9clair\u00e9es sur les strat\u00e9gies de publicit\u00e9 et de marketing qui vous aideront \u00e0 atteindre vos objectifs commerciaux<\/li>\n<li>Les donn\u00e9es en temps r\u00e9el affichent le nombre de visites, les pages vues, le temps moyen pass\u00e9 sur le site Web, les performances du commerce \u00e9lectronique et l&rsquo;efficacit\u00e9 des canaux publicitaires<\/li>\n<li>Interface conviviale avec des graphiques et graphiques faciles \u00e0 comprendre<\/li>\n<li>Documentation compl\u00e8te pour les d\u00e9butants et les sp\u00e9cialistes du marketing exp\u00e9riment\u00e9<\/li>\n<li>Faites passer votre strat\u00e9gie publicitaire au niveau sup\u00e9rieur avec les publicit\u00e9s WP Google Analytics et optimisez votre site Web pour des performances maximales<\/li>\n<\/ul>\n","protected":false},"excerpt":{"rendered":"<p>WP Adverts Google Analytics est un plugin incroyablement robuste qui s&rsquo;int\u00e8gre de mani\u00e8re transparente aux publicit\u00e9s WordPress, offrant aux utilisateurs la possibilit\u00e9 de suivre et d&rsquo;analyser les performances de leur site Web en utilisant les capacit\u00e9s puissantes de Google Analytics. En utilisant cet outil, vous pouvez obtenir des informations inestimables sur le comportement des utilisateurs, ainsi que pour identifier les sources du trafic de votre site Web et bien plus encore. En ayant acc\u00e8s \u00e0 cette multitude d&rsquo;informations, vous \u00eates \u00e9quip\u00e9 pour prendre des d\u00e9cisions bien inform\u00e9es concernant vos efforts de publicit\u00e9 et de marketing. De plus, ce plugin propose une interface conviviale et une documentation compl\u00e8te, permettant m\u00eame \u00e0 ceux qui sont nouveaux dans le monde de l&rsquo;analyse pour naviguer facilement et utiliser ses fonctionnalit\u00e9s. Si vous \u00eates impatient d&rsquo;\u00e9lever votre strat\u00e9gie publicitaire \u00e0 de nouveaux sommets, ne cherchez pas plus loin que les publicit\u00e9s WP Google Analytics, car c&rsquo;est l&rsquo;outil ultime pour r\u00e9ussir dans ce domaine.<\/p>\n","protected":false},"featured_media":146687,"comment_status":"open","ping_status":"open","template":"","meta":[],"product_brand":[2711],"product_cat":[1207,1181,1186],"product_tag":[2269],"class_list":{"0":"post-133891","1":"product","2":"type-product","3":"status-publish","4":"has-post-thumbnail","6":"product_brand-wp-adverts","7":"product_cat-commercialisation-wordpress-plugins","8":"product_cat-plugins","9":"product_cat-wordpress-plugins","10":"product_tag-wp-adverts","11":"member-discount","12":"discount-restricted","14":"first","15":"instock","16":"sale","17":"downloadable","18":"virtual","19":"sold-individually","20":"purchasable","21":"product-type-simple"},"_links":{"self":[{"href":"https:\/\/gpl-love.com\/fr\/wp-json\/wp\/v2\/product\/133891","targetHints":{"allow":["GET"]}}],"collection":[{"href":"https:\/\/gpl-love.com\/fr\/wp-json\/wp\/v2\/product"}],"about":[{"href":"https:\/\/gpl-love.com\/fr\/wp-json\/wp\/v2\/types\/product"}],"replies":[{"embeddable":true,"href":"https:\/\/gpl-love.com\/fr\/wp-json\/wp\/v2\/comments?post=133891"}],"wp:featuredmedia":[{"embeddable":true,"href":"https:\/\/gpl-love.com\/fr\/wp-json\/wp\/v2\/media\/146687"}],"wp:attachment":[{"href":"https:\/\/gpl-love.com\/fr\/wp-json\/wp\/v2\/media?parent=133891"}],"wp:term":[{"taxonomy":"product_brand","embeddable":true,"href":"https:\/\/gpl-love.com\/fr\/wp-json\/wp\/v2\/product_brand?post=133891"},{"taxonomy":"product_cat","embeddable":true,"href":"https:\/\/gpl-love.com\/fr\/wp-json\/wp\/v2\/product_cat?post=133891"},{"taxonomy":"product_tag","embeddable":true,"href":"https:\/\/gpl-love.com\/fr\/wp-json\/wp\/v2\/product_tag?post=133891"}],"curies":[{"name":"wp","href":"https:\/\/api.w.org\/{rel}","templated":true}]}}