{"id":133889,"date":"2023-05-08T00:00:00","date_gmt":"2023-05-07T22:00:00","guid":{"rendered":"https:\/\/gpl-love.com\/fr\/produit\/wp-adverts-restricted-categories\/"},"modified":"2026-03-20T23:57:51","modified_gmt":"2026-03-20T22:57:51","slug":"wp-adverts-restricted-categories","status":"publish","type":"product","link":"https:\/\/gpl-love.com\/fr\/produit\/wp-adverts-restricted-categories\/","title":{"rendered":"WP Adverts Restricted Categories 1.0.2"},"content":{"rendered":"<h3>WP Adverts Restricted Categories Traits<\/h3>\n<p>\u00cates-vous fatigu\u00e9 de la lutte constante pour trouver une m\u00e9thode efficace pour prot\u00e9ger des cat\u00e9gories sp\u00e9cifiques sur votre site WordPress \u00e0 partir des yeux Prying? Que vous soyez exploit\u00e9 un site d&rsquo;adh\u00e9sion ou supervisez un r\u00e9pertoire d&rsquo;entreprise, la pr\u00e9servation de la vie priv\u00e9e et la mise en \u0153uvre de mesures de s\u00e9curit\u00e9 robustes sont de la plus haute importance pour assurer la protection de vos pr\u00e9cieux contenus et utilisateurs. C&rsquo;est pr\u00e9cis\u00e9ment l\u00e0 que le plugin WP Adverts Restreined Cat\u00e9gories entre en jeu.<\/p>\n<p>WP ADVERTS Cat\u00e9gories restreintes est un plugin exceptionnellement puissant qui vous accorde un contr\u00f4le in\u00e9gal\u00e9 sur les individus qui peuvent acc\u00e9der \u00e0 des cat\u00e9gories sp\u00e9cifiques sur votre site WordPress. En utilisant ce plugin, vous avez la possibilit\u00e9 de restreindre les cat\u00e9gories pour certains utilisateurs ou r\u00f4les utilisateur, garantissant ainsi que seuls ceux qui ont accord\u00e9 les autorisations requises sont en mesure de visualiser et de s&rsquo;engager avec votre contenu. Par cons\u00e9quent, des informations confidentielles telles que le contenu exclusive des membres et les donn\u00e9es sensibles destin\u00e9es uniquement au personnel autoris\u00e9 peuvent \u00eatre sauvegard\u00e9es contre un acc\u00e8s non autoris\u00e9.<\/p>\n<p>En votre qualit\u00e9 d&rsquo;administrateur du site, les cat\u00e9gories WP Adverts restreintes vous permettent d&rsquo;\u00e9tablir rapidement et sans effort des restrictions pour des cat\u00e9gories particuli\u00e8res. Vous pouvez allouer des autorisations en fonction des r\u00f4les utilisateur, simplifiant ainsi la gestion de l&rsquo;acc\u00e8s \u00e0 diff\u00e9rentes \u00e9quipes ou d\u00e9partements au sein de votre organisation. Par exemple, vous pouvez restreindre l&rsquo;acc\u00e8s \u00e0 certaines cat\u00e9gories uniquement pour votre \u00e9quipe de vente, tout en accordant \u00e0 votre \u00e9quipe marketing un acc\u00e8s sans restriction \u00e0 tout le contenu.<\/p>\n<p>Ce qui distingue ce plugin, c&rsquo;est sa remarquable convivialit\u00e9 et sa facilit\u00e9 de configuration. Lors de l&rsquo;installation et de l&rsquo;activation, vous pouvez imm\u00e9diatement commencer \u00e0 configurer des restrictions sans tracas. \u00c0 tout moment, vous pouvez ajouter ou supprimer sans effort des autorisations pour divers utilisateurs ou r\u00f4les utilisateur, exer\u00e7ant ainsi une autorit\u00e9 compl\u00e8te sur les individus capables d&rsquo;acc\u00e9der \u00e0 un contenu sp\u00e9cifique. De plus, ce plugin s&rsquo;int\u00e8gre de mani\u00e8re transparente au plugin WP Adverts, vous offrant ainsi la possibilit\u00e9 de personnaliser et de g\u00e9rer davantage votre contenu avec une facilit\u00e9 sans pr\u00e9c\u00e9dent.<\/p>\n<p>La s\u00e9lection des cat\u00e9gories restreintes des publicit\u00e9s WP augmentera la s\u00e9curit\u00e9 de votre site WordPress \u00e0 des hauteurs sans pr\u00e9c\u00e9dent. Rassurez-vous, ce plugin inculquera la tranquillit\u00e9 d&rsquo;esprit en garantissant la pr\u00e9servation s\u00e9curis\u00e9e de votre contenu, en le rendant la solution parfaite pour toute entreprise, organisation ou individu qui est profond\u00e9ment engag\u00e9e \u00e0 prot\u00e9ger leurs actifs en ligne. Alors, pourquoi en tarder davantage? Prenez en charge votre contenu aujourd&rsquo;hui et vivez la protection in\u00e9gal\u00e9e offerte par les cat\u00e9gories restreintes des publicit\u00e9s WP!<\/p>\n<ul>\n<li>WP ADVERTS Cat\u00e9gories restreintes est un puissant plugin WordPress qui vous donne un contr\u00f4le complet sur qui peut acc\u00e9der \u00e0 des cat\u00e9gories sp\u00e9cifiques sur votre site<\/li>\n<li>Vous pouvez facilement restreindre les cat\u00e9gories pour certains utilisateurs ou r\u00f4les, en vous assurant que seuls ceux qui ont des autorisations appropri\u00e9es peuvent afficher et s&rsquo;engager avec votre contenu<\/li>\n<li>Ce plugin est parfait pour les sites d&rsquo;adh\u00e9sion, les r\u00e9pertoires d&rsquo;entreprise ou toute personne qui souhaite prot\u00e9ger leur contenu et leur confidentialit\u00e9 des utilisateurs<\/li>\n<li>Vous pouvez attribuer des autorisations en fonction des r\u00f4les utilisateur, ce qui facilite la gestion de l&rsquo;acc\u00e8s pour diff\u00e9rentes \u00e9quipes ou d\u00e9partements au sein de votre organisation<\/li>\n<li>Le plugin est incroyablement convivial et facile \u00e0 configurer, avec la possibilit\u00e9 d&rsquo;ajouter ou de supprimer les autorisations \u00e0 tout moment<\/li>\n<li>Les cat\u00e9gories restreintes des publicit\u00e9s WP sont enti\u00e8rement compatibles avec le plugin WP Adverts, permettant une personnalisation et une gestion encore plus importantes du contenu<\/li>\n<li>Avec ce plugin, vous pouvez conserver des informations sensibles (comme le contenu uniquement des membres ou les donn\u00e9es confidentielles) \u00e0 l&rsquo;abri de l&rsquo;acc\u00e8s non autoris\u00e9<\/li>\n<li>WP Adverts Les cat\u00e9gories restreintes assurent la tranquillit\u00e9 d&rsquo;esprit et une s\u00e9curit\u00e9 accrue \u00e0 toute entreprise, organisation ou individuelle au s\u00e9rieux de prot\u00e9ger leurs actifs en ligne<\/li>\n<li>Installez et activez aujourd&rsquo;hui les cat\u00e9gories restreintes des publicit\u00e9s WP pour faire passer la s\u00e9curit\u00e9 de votre site WordPress au niveau suivant.<\/li>\n<\/ul>\n","protected":false},"excerpt":{"rendered":"<p>Le plugin Cat\u00e9gories WP Adverts restreint est un outil exceptionnellement robuste qui offre aux utilisateurs la possibilit\u00e9 d&rsquo;imposer des restrictions \u00e0 des cat\u00e9gories sp\u00e9cifiques en fonction des types d&rsquo;utilisateurs ou des r\u00f4les dans leur site WordPress. En utilisant ce plugin, les individus peuvent r\u00e9guler et limiter efficacement l&rsquo;acc\u00e8s aux cat\u00e9gories d\u00e9sign\u00e9es, garantissant ainsi la sauvegarde et la pr\u00e9servation de leur contenu. Que l&rsquo;on soit le surveillant d&rsquo;un site Web ax\u00e9 sur les membres ou le propri\u00e9taire d&rsquo;un r\u00e9pertoire d&rsquo;entreprise, les cat\u00e9gories restreintes des publicit\u00e9s WP constituent la solution par excellence pour g\u00e9rer efficacement le contenu et maintenir la confidentialit\u00e9 des utilisateurs. Alors pourquoi prolonger le processus? Initiez votre voyage vers le contr\u00f4le du contenu et l&rsquo;acquisition de cat\u00e9gories restreintes des publicit\u00e9s WP aujourd&rsquo;hui!<\/p>\n","protected":false},"featured_media":146686,"comment_status":"open","ping_status":"open","template":"","meta":[],"product_brand":[2711],"product_cat":[1207,1181,1186],"product_tag":[2269],"class_list":{"0":"post-133889","1":"product","2":"type-product","3":"status-publish","4":"has-post-thumbnail","6":"product_brand-wp-adverts","7":"product_cat-commercialisation-wordpress-plugins","8":"product_cat-plugins","9":"product_cat-wordpress-plugins","10":"product_tag-wp-adverts","11":"member-discount","12":"discount-restricted","14":"first","15":"instock","16":"sale","17":"downloadable","18":"virtual","19":"sold-individually","20":"purchasable","21":"product-type-simple"},"_links":{"self":[{"href":"https:\/\/gpl-love.com\/fr\/wp-json\/wp\/v2\/product\/133889","targetHints":{"allow":["GET"]}}],"collection":[{"href":"https:\/\/gpl-love.com\/fr\/wp-json\/wp\/v2\/product"}],"about":[{"href":"https:\/\/gpl-love.com\/fr\/wp-json\/wp\/v2\/types\/product"}],"replies":[{"embeddable":true,"href":"https:\/\/gpl-love.com\/fr\/wp-json\/wp\/v2\/comments?post=133889"}],"wp:featuredmedia":[{"embeddable":true,"href":"https:\/\/gpl-love.com\/fr\/wp-json\/wp\/v2\/media\/146686"}],"wp:attachment":[{"href":"https:\/\/gpl-love.com\/fr\/wp-json\/wp\/v2\/media?parent=133889"}],"wp:term":[{"taxonomy":"product_brand","embeddable":true,"href":"https:\/\/gpl-love.com\/fr\/wp-json\/wp\/v2\/product_brand?post=133889"},{"taxonomy":"product_cat","embeddable":true,"href":"https:\/\/gpl-love.com\/fr\/wp-json\/wp\/v2\/product_cat?post=133889"},{"taxonomy":"product_tag","embeddable":true,"href":"https:\/\/gpl-love.com\/fr\/wp-json\/wp\/v2\/product_tag?post=133889"}],"curies":[{"name":"wp","href":"https:\/\/api.w.org\/{rel}","templated":true}]}}