{"id":133887,"date":"2025-02-04T00:00:00","date_gmt":"2025-02-03T23:00:00","guid":{"rendered":"https:\/\/gpl-love.com\/fr\/produit\/wp-adverts-fee-per-category\/"},"modified":"2026-03-20T23:57:50","modified_gmt":"2026-03-20T22:57:50","slug":"wp-adverts-fee-per-category","status":"publish","type":"product","link":"https:\/\/gpl-love.com\/fr\/produit\/wp-adverts-fee-per-category\/","title":{"rendered":"WP Adverts Fee Per Category 1.2.3"},"content":{"rendered":"<h3>WP Adverts Fee Per Category Traits<\/h3>\n<p>Les frais de publicit\u00e9 WP par cat\u00e9gorie sont un plugin exceptionnel qui vous offre un contr\u00f4le complet sur vos sources de revenus, vous offrant la capacit\u00e9 de facturer des frais variables pour diff\u00e9rentes cat\u00e9gories ou sous-cat\u00e9gories sur votre site Web. Avec cet outil puissant, vous pouvez \u00e9tablir des options de paiement et des tarifs personnalis\u00e9s pour chaque liste dans chaque cat\u00e9gorie. Ce plugin riche en fonctionnalit\u00e9s est la solution id\u00e9ale pour les entreprises qui op\u00e9rent des sites d&#8217;emploi, des sites immobiliers ou toute autre plate-forme de classification.<\/p>\n<p>En incorporant des frais de publicit\u00e9 WP par cat\u00e9gorie, vous pourrez mon\u00e9tiser efficacement et flexiblement votre site Web. Son interface robuste et conviviale vous permet de cr\u00e9er sans effort des options de paiement personnalis\u00e9es et de d\u00e9finir des tarifs r\u00e9glables pour toutes vos annonces. Que vous pr\u00e9f\u00e9riez des frais fixes par liste ou un pourcentage du prix de vente, ce plugin vous a couvert. Cela vous oblige simplement \u00e0 configurer les options qui conviennent \u00e0 vos pr\u00e9f\u00e9rences professionnelles et personnelles.<\/p>\n<p>M\u00eame les personnes d\u00e9pourvues d&rsquo;expertise technique peuvent facilement utiliser les frais d&rsquo;annonces WP par cat\u00e9gorie. En quelques minutes, vous obtiendrez la possibilit\u00e9 d&rsquo;\u00e9tablir des options de paiement et des tarifs personnalis\u00e9s pour chacune de vos annonces dans chaque cat\u00e9gorie, vous permettant de maximiser vos sources de revenus sans effort. Vous avez la flexibilit\u00e9 de facturer des frais plus \u00e9lev\u00e9s pour les cat\u00e9gories premium ou de cr\u00e9er plusieurs niveaux de paiement en fonction des fonctionnalit\u00e9s souhait\u00e9es de vos clients.<\/p>\n<p>Ce plugin est livr\u00e9 avec un \u00e9ventail de fonctionnalit\u00e9s adapt\u00e9es aux besoins de votre entreprise. Vous pouvez configurer le plugin pour g\u00e9rer les frais r\u00e9currents via un mod\u00e8le d&rsquo;abonnement, facturer des utilisateurs pour les listes en vedette dans des cat\u00e9gories sp\u00e9cifiques et restreindre l&rsquo;acc\u00e8s aux listes premium derri\u00e8re un mur payant. Les frais de publicit\u00e9 WP par cat\u00e9gorie ont consid\u00e9rablement simplifi\u00e9 le processus de paiement, permettant aux individus d&rsquo;utiliser WordPress comme plate-forme de base pour g\u00e9n\u00e9rer des revenus sans les complications des int\u00e9grations de paiement.<\/p>\n<p>Si vous cherchez \u00e0 \u00e9tendre votre entreprise et \u00e0 augmenter vos revenus \u00e0 partir de contenu en ligne, les frais de publicit\u00e9 WP par cat\u00e9gorie sont un outil indispensable \u00e0 disposition. Il vous permet de mon\u00e9tiser votre site Web de la mani\u00e8re la plus efficace et la plus flexible tout en prenant la pleine commande de vos sources de revenus. N&rsquo;h\u00e9sitez pas! Installez les frais de publicit\u00e9 WP par cat\u00e9gorie aujourd&rsquo;hui et commencez \u00e0 r\u00e9colter les r\u00e9compenses de l&rsquo;augmentation des revenus!<\/p>\n<ul>\n<li>Donne un contr\u00f4le total sur les sources de revenus<\/li>\n<li>Facture diff\u00e9rents frais pour diff\u00e9rentes cat\u00e9gories ou sous-cat\u00e9gories<\/li>\n<li>Options et tarifs de paiement personnalis\u00e9s pour chaque annonce dans chaque cat\u00e9gorie<\/li>\n<li>Solution parfaite pour les panneaux d&#8217;emploi, les sites immobiliers ou toute autre plateforme de petites annonces<\/li>\n<li>Mon\u00e9tiser le site Web de la mani\u00e8re la plus efficace et la plus flexible possible<\/li>\n<li>Cr\u00e9e facilement des options de paiement personnalis\u00e9es et d\u00e9finit des tarifs flexibles pour toutes les annonces<\/li>\n<li>Peut facturer des frais fixes par cotation ou pourcentage du prix de vente<\/li>\n<li>Aucune expertise technique requise<\/li>\n<li>Maximise les sources de revenus sans tracas<\/li>\n<li>Peut facturer aux utilisateurs des listes pr\u00e9sent\u00e9es sur des cat\u00e9gories sp\u00e9cifiques<\/li>\n<li>Simplifie les paiements et permet \u00e0 l&rsquo;utilisation de WordPress comme plate-forme pour gagner de l&rsquo;argent<\/li>\n<li>Prend le contr\u00f4le des sources de revenus et aide \u00e0 d\u00e9velopper les affaires<\/li>\n<\/ul>\n","protected":false},"excerpt":{"rendered":"<p>Les frais de publicit\u00e9 WP par cat\u00e9gorie sont un plugin incroyablement robuste et dynamique qui vous donne la possibilit\u00e9 d&rsquo;imposer des frais variables aux cat\u00e9gories ou sous-cat\u00e9gories distinctes dans votre site Web estim\u00e9. Cet outil inestimable vous permet d&rsquo;\u00e9tablir des alternatives et des tarifs de paiement sur mesure pour chaque liste nich\u00e9e dans chaque cat\u00e9gorie, vous offrant ainsi une domination absolue sur vos divers sources de revenus. Peu importe si vous pr\u00e9sidez un conseil d&#8217;emploi anim\u00e9, un site immobilier illustre ou toute autre plate-forme distingu\u00e9e de petites annonces, les frais de publicit\u00e9 WP par cat\u00e9gorie facilitent de mani\u00e8re transparente la mon\u00e9tisation de votre contenu exclusif de la mani\u00e8re la plus optimale et la plus flexible concevable. Passez pas de temps et se lancez rapidement dans l&rsquo;installation de ce plugin extraordinaire, inaugurant ainsi une nouvelle \u00e8re de prosp\u00e9rit\u00e9 accrue pour votre estimation en ligne!<\/p>\n","protected":false},"featured_media":146685,"comment_status":"open","ping_status":"open","template":"","meta":[],"product_brand":[2711],"product_cat":[1207,1181,1186],"product_tag":[2269],"class_list":{"0":"post-133887","1":"product","2":"type-product","3":"status-publish","4":"has-post-thumbnail","6":"product_brand-wp-adverts","7":"product_cat-commercialisation-wordpress-plugins","8":"product_cat-plugins","9":"product_cat-wordpress-plugins","10":"product_tag-wp-adverts","11":"member-discount","12":"discount-restricted","14":"first","15":"instock","16":"sale","17":"downloadable","18":"virtual","19":"sold-individually","20":"purchasable","21":"product-type-simple"},"_links":{"self":[{"href":"https:\/\/gpl-love.com\/fr\/wp-json\/wp\/v2\/product\/133887","targetHints":{"allow":["GET"]}}],"collection":[{"href":"https:\/\/gpl-love.com\/fr\/wp-json\/wp\/v2\/product"}],"about":[{"href":"https:\/\/gpl-love.com\/fr\/wp-json\/wp\/v2\/types\/product"}],"replies":[{"embeddable":true,"href":"https:\/\/gpl-love.com\/fr\/wp-json\/wp\/v2\/comments?post=133887"}],"wp:featuredmedia":[{"embeddable":true,"href":"https:\/\/gpl-love.com\/fr\/wp-json\/wp\/v2\/media\/146685"}],"wp:attachment":[{"href":"https:\/\/gpl-love.com\/fr\/wp-json\/wp\/v2\/media?parent=133887"}],"wp:term":[{"taxonomy":"product_brand","embeddable":true,"href":"https:\/\/gpl-love.com\/fr\/wp-json\/wp\/v2\/product_brand?post=133887"},{"taxonomy":"product_cat","embeddable":true,"href":"https:\/\/gpl-love.com\/fr\/wp-json\/wp\/v2\/product_cat?post=133887"},{"taxonomy":"product_tag","embeddable":true,"href":"https:\/\/gpl-love.com\/fr\/wp-json\/wp\/v2\/product_tag?post=133887"}],"curies":[{"name":"wp","href":"https:\/\/api.w.org\/{rel}","templated":true}]}}