{"id":133885,"date":"2023-09-17T00:00:00","date_gmt":"2023-09-16T22:00:00","guid":{"rendered":"https:\/\/gpl-love.com\/fr\/produit\/wp-adverts-mark-as-sold\/"},"modified":"2026-03-20T23:57:49","modified_gmt":"2026-03-20T22:57:49","slug":"wp-adverts-mark-as-sold","status":"publish","type":"product","link":"https:\/\/gpl-love.com\/fr\/produit\/wp-adverts-mark-as-sold\/","title":{"rendered":"WP Adverts Mark As Sold 1.2.0"},"content":{"rendered":"<h3>WP Adverts Mark As Sold Traits<\/h3>\n<p>Les publicit\u00e9s WP Mark, telles que vendues, est un plugin tr\u00e8s polyvalent et complet pour WordPress qui vous offre la capacit\u00e9 transparente \u00e0 marquer vos listes telles que vendues. Cet outil remarquable est \u00e9quip\u00e9 d&rsquo;une gamme de fonctionnalit\u00e9s qui non seulement facilitent la pr\u00e9sentation sans stress de vos articles vendus, mais am\u00e9liorent \u00e9galement l&rsquo;efficacit\u00e9 de l&rsquo;ensemble du processus. Que vous exploitiez une boutique en ligne ou que vous ayez simplement quelques articles disponibles \u00e0 la vente sur votre site Web, l&rsquo;utilisation de ce plugin garantit que vos annonces actives sont toujours fra\u00eeches et \u00e0 jour, favorisant ainsi une exp\u00e9rience utilisateur optimale.<\/p>\n<p>L&rsquo;un des aspects les plus louables de la marque des publicit\u00e9s WP tel qu&rsquo;il est vendu r\u00e9side dans sa simplicit\u00e9 exceptionnelle de fonctionnement. Tout ce qu&rsquo;il n\u00e9cessite, c&rsquo;est le marquage de vos articles avec une balise \u00ab\u00a0vendue\u00a0\u00bb d\u00e9sign\u00e9e, apr\u00e8s quoi le plugin les d\u00e9m\u00e9nagera automatiquement dans la section vendue. Par cons\u00e9quent, cette fonctionnalit\u00e9 ing\u00e9nieuse \u00e9limine la n\u00e9cessit\u00e9 pour vous de mettre \u00e0 jour manuellement vos annonces, ce qui vous permet de gagner un temps pr\u00e9cieux et d&rsquo;\u00e9viter les tracas inutiles.<\/p>\n<p>De plus, ce plugin profite d&rsquo;une autre caract\u00e9ristique avantageuse sous la forme d&rsquo;une section vendue d\u00e9di\u00e9e qu&rsquo;elle cr\u00e9e. Cette section bien con\u00e7ue permet non seulement \u00e0 vos visiteurs de parcourir de mani\u00e8re transparente via vos articles vendus, mais am\u00e9liore \u00e9galement consid\u00e9rablement leur engagement et leur exp\u00e9rience utilisateur globale. Il est important de noter que vous poss\u00e9dez la possibilit\u00e9 de personnaliser la section vendue pour vous aligner avec vos exigences de marque et maintenir la coh\u00e9rence avec votre style de site Web en utilisant un large \u00e9ventail de param\u00e8tres personnalisables.<\/p>\n<p>De plus, WP Adverts Mark, tel que vendu, offre une s\u00e9lection impressionnante d&rsquo;options de personnalisation pour r\u00e9pondre \u00e0 vos pr\u00e9f\u00e9rences individuelles. Avec ce plugin, vous avez la libert\u00e9 de choisir s&rsquo;il faut afficher les miniatures de vos articles vendus, y compris des images et des descriptions, et personnaliser l&rsquo;esth\u00e9tique visuelle de la section vendue en apportant des modifications aux polices, aux couleurs et \u00e0 divers autres \u00e9l\u00e9ments. Cette capacit\u00e9 de personnalisation compl\u00e8te vous permet de cr\u00e9er une pr\u00e9sentation visuellement attrayante et coh\u00e9rente pour vos annonces vendues.<\/p>\n<p>En outre, les publicit\u00e9s WP marquent, telle qu&rsquo;elle est vendue de mani\u00e8re transparente, s&rsquo;int\u00e8gre de mani\u00e8re transparente \u00e0 tous les mod\u00e8les WPADVERTS, vous permettant ainsi de l&rsquo;utiliser en conjonction avec l&rsquo;un des mod\u00e8les pr\u00e9d\u00e9finis ou m\u00eame de cr\u00e9er vos propres mod\u00e8les personnalis\u00e9s. Cette flexibilit\u00e9 remarquable vous donne un plus grand contr\u00f4le sur l&rsquo;apparence de vos listes, garantissant qu&rsquo;ils restent sur la marque et captivants visuellement.<\/p>\n<p>Pour conclure, les publicit\u00e9s WP sont vendues est un plugin indispensable pour les personnes cherchant \u00e0 rationaliser leurs listes et \u00e0 pr\u00e9senter leurs r\u00e9alisations. Ses fonctionnalit\u00e9s puissantes, sa compatibilit\u00e9 transparente avec tous les mod\u00e8les WPADverts et l&rsquo;interface conviviale en font un atout inestimable pour tout propri\u00e9taire de site Web. En incorporant ce plugin exceptionnel dans votre r\u00e9pertoire, vous pouvez \u00e9lever votre jeu d&rsquo;inscription \u00e0 des hauteurs sans pr\u00e9c\u00e9dent.<\/p>\n<ul>\n<li>Les publicit\u00e9s WP Mark, comme vendu sont un plugin puissant et intuitif pour WordPress qui vous permet de marquer les listes comme vendues avec facilit\u00e9.<\/li>\n<li>Avec ce plugin, la mise \u00e0 jour de vos listes est sans stress et efficace, ce qui vous permet de gagner du temps et des tracas pr\u00e9cieux.<\/li>\n<li>La simplicit\u00e9 de ce plugin est l&rsquo;une de ses meilleures fonctionnalit\u00e9s, tout ce que vous avez \u00e0 faire est de marquer vos articles comme \u00abvendus\u00bb et le plugin les d\u00e9placera automatiquement vers la section vendue.<\/li>\n<li>La section vendue d\u00e9di\u00e9e que ce plugin cr\u00e9e permet \u00e0 vos visiteurs de parcourir vos articles vendus et d&rsquo;augmenter l&rsquo;engagement et l&rsquo;exp\u00e9rience utilisateur.<\/li>\n<li>Des options de personnalisation sont disponibles, comme l&rsquo;affichage des miniatures de vos articles vendus et la personnalisation de l&rsquo;apparence de la section vendue pour correspondre \u00e0 votre marque.<\/li>\n<li>Ce plugin est compatible avec tous les mod\u00e8les WPADVERTS, vous donnant la libert\u00e9 de contr\u00f4ler l&rsquo;apparence de vos annonces et de s&rsquo;assurer qu&rsquo;elles sont visuellement attrayantes.<\/li>\n<li>WP Adverts Mark, As Vend, offre une excellente valeur pour tout propri\u00e9taire de site Web et est un plugin essentiel pour rationaliser vos annonces et pr\u00e9senter vos succ\u00e8s en vente.<\/li>\n<li>Essayez ce plugin aujourd&rsquo;hui et passez votre jeu d&rsquo;inscription au niveau sup\u00e9rieur!<\/li>\n<\/ul>\n","protected":false},"excerpt":{"rendered":"<p>Les publicit\u00e9s WP Mark, telles que vendues sont un plugin incroyablement robuste et efficace sp\u00e9cialement con\u00e7u pour WordPress. Sa fonction principale est de fournir aux utilisateurs la commodit\u00e9 de d\u00e9signer sans effort leurs listes telles que vendues. En utilisant ce plugin remarquable, vous avez la possibilit\u00e9 de pr\u00e9senter vos articles vendus avec succ\u00e8s dans une section compl\u00e8tement distincte tout en maintenant une apparence visuellement attrayante et \u00e0 jour pour vos annonces actives. En outre, la simplicit\u00e9 et la convivialit\u00e9 des publicit\u00e9s WP marquent comme vendu ne peuvent pas \u00eatre sous-estim\u00e9es. Appliquez simplement une balise \u00ab\u00a0vendue\u00a0\u00bb distinctive \u00e0 vos listes, et comme la magie, ils migreront automatiquement vers la section Venue d\u00e9sign\u00e9e. Que vous soyez exploit\u00e9 une boutique en ligne prosp\u00e8re ou que vous ayez simplement un assortiment modeste d&rsquo;articles disponibles \u00e0 l&rsquo;achat sur votre site Web, l&rsquo;int\u00e9gration des publicit\u00e9s WP comme vendu est un must absolu. Cet outil inestimable rationalise non seulement l&rsquo;ensemble de votre processus d&rsquo;inscription, mais sert \u00e9galement de plate-forme exceptionnelle pour pr\u00e9senter fi\u00e8rement et mettre en \u00e9vidence vos nombreuses ventes r\u00e9ussies. Faites-vous une faveur et saisissez l&rsquo;occasion de d\u00e9couvrir les capacit\u00e9s remarquables de la marque des publicit\u00e9s WP comme vendu aujourd&rsquo;hui!<\/p>\n","protected":false},"featured_media":146684,"comment_status":"open","ping_status":"open","template":"","meta":[],"product_brand":[2711],"product_cat":[1207,1181,1186],"product_tag":[2269],"class_list":{"0":"post-133885","1":"product","2":"type-product","3":"status-publish","4":"has-post-thumbnail","6":"product_brand-wp-adverts","7":"product_cat-commercialisation-wordpress-plugins","8":"product_cat-plugins","9":"product_cat-wordpress-plugins","10":"product_tag-wp-adverts","11":"member-discount","12":"discount-restricted","14":"first","15":"instock","16":"sale","17":"downloadable","18":"virtual","19":"sold-individually","20":"purchasable","21":"product-type-simple"},"_links":{"self":[{"href":"https:\/\/gpl-love.com\/fr\/wp-json\/wp\/v2\/product\/133885","targetHints":{"allow":["GET"]}}],"collection":[{"href":"https:\/\/gpl-love.com\/fr\/wp-json\/wp\/v2\/product"}],"about":[{"href":"https:\/\/gpl-love.com\/fr\/wp-json\/wp\/v2\/types\/product"}],"replies":[{"embeddable":true,"href":"https:\/\/gpl-love.com\/fr\/wp-json\/wp\/v2\/comments?post=133885"}],"wp:featuredmedia":[{"embeddable":true,"href":"https:\/\/gpl-love.com\/fr\/wp-json\/wp\/v2\/media\/146684"}],"wp:attachment":[{"href":"https:\/\/gpl-love.com\/fr\/wp-json\/wp\/v2\/media?parent=133885"}],"wp:term":[{"taxonomy":"product_brand","embeddable":true,"href":"https:\/\/gpl-love.com\/fr\/wp-json\/wp\/v2\/product_brand?post=133885"},{"taxonomy":"product_cat","embeddable":true,"href":"https:\/\/gpl-love.com\/fr\/wp-json\/wp\/v2\/product_cat?post=133885"},{"taxonomy":"product_tag","embeddable":true,"href":"https:\/\/gpl-love.com\/fr\/wp-json\/wp\/v2\/product_tag?post=133885"}],"curies":[{"name":"wp","href":"https:\/\/api.w.org\/{rel}","templated":true}]}}