{"id":133883,"date":"2025-02-04T00:00:00","date_gmt":"2025-02-03T23:00:00","guid":{"rendered":"https:\/\/gpl-love.com\/fr\/produit\/wp-adverts-authors\/"},"modified":"2026-03-20T23:57:47","modified_gmt":"2026-03-20T22:57:47","slug":"wp-adverts-authors","status":"publish","type":"product","link":"https:\/\/gpl-love.com\/fr\/produit\/wp-adverts-authors\/","title":{"rendered":"WP Adverts Authors 1.5.0"},"content":{"rendered":"<h3>WP Adverts Authors Traits<\/h3>\n<p>WP Adverts Auteurs est un plugin tr\u00e8s robuste et largement rempli de fonctionnalit\u00e9s qui a \u00e9t\u00e9 sp\u00e9cialement con\u00e7u pour optimiser votre site Web WordPress. Il y parvient en introduisant un syst\u00e8me de gestion des auteurs complet et tr\u00e8s efficace. Si vous recherchez actuellement une m\u00e9thode simple mais tr\u00e8s efficace pour g\u00e9rer plusieurs auteurs et leurs contributions respectives \u00e0 votre site Web, ce plugin exceptionnel est certainement la solution id\u00e9ale pour vous.<\/p>\n<p>En utilisant les auteurs de publicit\u00e9s WP, vous avez acc\u00e8s \u00e0 un large \u00e9ventail de fonctionnalit\u00e9s personnalisables qui vous permettent de cr\u00e9er et de concevoir des profils d&rsquo;auteurs qui repr\u00e9sentent impeccablement votre marque et pr\u00e9sentent sans effort les comp\u00e9tences exceptionnelles poss\u00e9d\u00e9es par vos \u00e9crivains estim\u00e9s. Ces fonctionnalit\u00e9s remarquables englobent tout, des informations sur la biographie de l&rsquo;auteur, des images de profil et m\u00eame des liens sur les r\u00e9seaux sociaux, jusqu&rsquo;\u00e0 des mod\u00e8les enti\u00e8rement personnalisables, vous permettant ainsi d&rsquo;exercer un contr\u00f4le complet sur l&rsquo;esth\u00e9tique et l&rsquo;apparence globales de vos pages d&rsquo;auteur.<\/p>\n<p>En outre, les auteurs de publicit\u00e9s WP facilitent \u00e9galement la cr\u00e9ation d&rsquo;une page d&rsquo;archive d&rsquo;autant ing\u00e9nieuse, qui permet par la suite \u00e0 vos pr\u00e9cieux lecteurs de parcourir et d&rsquo;explorer sans effort tout le contenu g\u00e9n\u00e9r\u00e9 par un auteur particulier. Cette fonctionnalit\u00e9 inestimable sert \u00e0 am\u00e9liorer l&rsquo;exp\u00e9rience utilisateur globale fournie par votre site Web, tout en permettant simultan\u00e9ment \u00e0 vos lecteurs de d\u00e9nicher facilement un contenu suppl\u00e9mentaire qui est contextuellement pertinent pour leurs int\u00e9r\u00eats individuels.<\/p>\n<p>L&rsquo;un des nombreux avantages notables offerts par les auteurs de publicit\u00e9s WP est l&rsquo;int\u00e9gration de r\u00f4les personnalis\u00e9s. Cette fonctionnalit\u00e9 garantit que vos auteurs se voient attribuer le niveau d&rsquo;acc\u00e8s appropri\u00e9 et les autorisations n\u00e9cessaires pour cr\u00e9er et publier efficacement leur contenu exceptionnel. De plus, ce plugin exceptionnel vous permet \u00e9galement de surveiller avec diligence les activit\u00e9s et les contributions de vos auteurs gr\u00e2ce \u00e0 l&rsquo;utilisation d&rsquo;analyses perspicaces. En tirant effectivement ces analyses inestimables, vous \u00eates en mesure de suivre sans effort les progr\u00e8s et les contributions globales faites par vos auteurs estim\u00e9s \u00e0 votre site Web estim\u00e9.<\/p>\n<p>En prime, le plugin WP Adverts Authors int\u00e8gre \u00e9galement une s\u00e9lection de widgets incroyablement pratiques, qui comprennent des publications r\u00e9centes par l&rsquo;auteur et les widgets de liaison auteur. Ces widgets extraordinaires vous offrent la capacit\u00e9 in\u00e9gal\u00e9e pour afficher de mani\u00e8re transparente les informations li\u00e9es aux auteurs dans des barres lat\u00e9rales ou des pieds de page d\u00e9sign\u00e9s. En utilisant ces widgets, vous \u00eates en mesure de faciliter sans effort la capacit\u00e9 de vos pr\u00e9cieux lecteurs \u00e0 localiser et par la suite par fois le contenu remarquable produit par leurs auteurs pr\u00e9f\u00e9r\u00e9s.<\/p>\n<p>En conclusion, les auteurs de publicit\u00e9s WP sert d&rsquo;outil vraiment exceptionnel qui vous permet de fournir \u00e0 vos utilisateurs estim\u00e9s une exp\u00e9rience utilisateur in\u00e9gal\u00e9e et hautement professionnelle. Ceci est r\u00e9alis\u00e9 en simplifiant la gestion de vos auteurs estim\u00e9s, vous permettant ainsi de consacrer votre temps et vos ressources pr\u00e9cieux \u00e0 la cr\u00e9ation d&rsquo;un contenu vraiment exceptionnel et de qualit\u00e9 sup\u00e9rieure. De plus, ce plugin remarquable vous offre \u00e9galement l&rsquo;occasion inestimable pour \u00e9tablir<\/p>\n<ul>\n<li>WP Adverts Auteurs est un plugin WordPress qui optimise votre site Web en fournissant un syst\u00e8me complet de gestion des auteurs.<\/li>\n<li>Il vous permet de cr\u00e9er des profils d&rsquo;auteur personnalisables avec des informations bio, des images de profil et des liens de m\u00e9dias sociaux qui repr\u00e9sentent votre marque.<\/li>\n<li>Vous pouvez cr\u00e9er une page d&rsquo;archive d&rsquo;auteur qui aide vos lecteurs \u00e0 d\u00e9couvrir plus de contenu li\u00e9 \u00e0 leurs int\u00e9r\u00eats.<\/li>\n<li>Le plugin est livr\u00e9 avec des r\u00f4les et des autorisations personnalis\u00e9s, donc vos auteurs ont le bon niveau d&rsquo;acc\u00e8s pour cr\u00e9er et publier du contenu.<\/li>\n<li>Vous pouvez surveiller leur activit\u00e9 et leurs contributions gr\u00e2ce \u00e0 des analyses perspicaces afin que vous puissiez suivre leurs progr\u00e8s et leur contribution globale \u00e0 votre site.<\/li>\n<li>Les auteurs de publicit\u00e9s WP comprennent plusieurs widgets pratiques, tels que les articles r\u00e9cents des widgets de liaison auteur et auteur, qui permettent aux lecteurs de trouver et de lire facilement le contenu de leur auteur pr\u00e9f\u00e9r\u00e9.<\/li>\n<li>Le plugin simplifie la gestion des auteurs, vous permettant de vous concentrer sur la cr\u00e9ation de contenu de haute qualit\u00e9.<\/li>\n<li>Vous pouvez configurer des notifications par e-mail pour vous tenir inform\u00e9 de toutes les activit\u00e9s effectu\u00e9es par des auteurs sur votre site Web, en vous assurant que vous contr\u00f4lez toutes les activit\u00e9s effectu\u00e9es sur votre site Web.<\/li>\n<li>WP Adverts Auteurs est un plugin robuste et puissant qui vous aide \u00e0 g\u00e9rer facilement les profils, le contenu et le contr\u00f4le.<\/li>\n<\/ul>\n","protected":false},"excerpt":{"rendered":"<p>WP Adverts Auteurs est un plugin remarquablement robuste qui vise \u00e0 renforcer votre site Web WordPress, \u00e9levant ses fonctionnalit\u00e9s avec l&rsquo;int\u00e9gration d&rsquo;un syst\u00e8me complet de gestion des auteurs. Cet outil ing\u00e9nieux int\u00e8gre de mani\u00e8re transparente les profils d&rsquo;auteur personnalisables, une page d&rsquo;archive d&rsquo;auteur, ainsi qu&rsquo;un assortiment de widgets sp\u00e9cialement con\u00e7u pour pr\u00e9senter des informations essentielles li\u00e9es aux auteurs. De plus, il offre aux utilisateurs la possibilit\u00e9 d&rsquo;allouer des r\u00f4les sur mesure aux auteurs, de parcourir leurs contributions inestimables \u00e0 votre site Web estim\u00e9 et m\u00eame de recevoir des notifications en temps opportun concernant leurs activit\u00e9s. Avec l&rsquo;utilisation des auteurs de publicit\u00e9s WP, vous pouvez maintenir sans effort la plus grande qualit\u00e9 et int\u00e9grit\u00e9 de votre site Web bien-aim\u00e9 en g\u00e9rant habilement vos auteurs estim\u00e9s.<\/p>\n","protected":false},"featured_media":146683,"comment_status":"open","ping_status":"open","template":"","meta":[],"product_brand":[2711],"product_cat":[1207,1181,1186],"product_tag":[2269],"class_list":{"0":"post-133883","1":"product","2":"type-product","3":"status-publish","4":"has-post-thumbnail","6":"product_brand-wp-adverts","7":"product_cat-commercialisation-wordpress-plugins","8":"product_cat-plugins","9":"product_cat-wordpress-plugins","10":"product_tag-wp-adverts","11":"member-discount","12":"discount-restricted","14":"first","15":"instock","16":"sale","17":"downloadable","18":"virtual","19":"sold-individually","20":"purchasable","21":"product-type-simple"},"_links":{"self":[{"href":"https:\/\/gpl-love.com\/fr\/wp-json\/wp\/v2\/product\/133883","targetHints":{"allow":["GET"]}}],"collection":[{"href":"https:\/\/gpl-love.com\/fr\/wp-json\/wp\/v2\/product"}],"about":[{"href":"https:\/\/gpl-love.com\/fr\/wp-json\/wp\/v2\/types\/product"}],"replies":[{"embeddable":true,"href":"https:\/\/gpl-love.com\/fr\/wp-json\/wp\/v2\/comments?post=133883"}],"wp:featuredmedia":[{"embeddable":true,"href":"https:\/\/gpl-love.com\/fr\/wp-json\/wp\/v2\/media\/146683"}],"wp:attachment":[{"href":"https:\/\/gpl-love.com\/fr\/wp-json\/wp\/v2\/media?parent=133883"}],"wp:term":[{"taxonomy":"product_brand","embeddable":true,"href":"https:\/\/gpl-love.com\/fr\/wp-json\/wp\/v2\/product_brand?post=133883"},{"taxonomy":"product_cat","embeddable":true,"href":"https:\/\/gpl-love.com\/fr\/wp-json\/wp\/v2\/product_cat?post=133883"},{"taxonomy":"product_tag","embeddable":true,"href":"https:\/\/gpl-love.com\/fr\/wp-json\/wp\/v2\/product_tag?post=133883"}],"curies":[{"name":"wp","href":"https:\/\/api.w.org\/{rel}","templated":true}]}}