{"id":133881,"date":"2023-05-08T00:00:00","date_gmt":"2023-05-07T22:00:00","guid":{"rendered":"https:\/\/gpl-love.com\/fr\/produit\/wp-adverts-category-icons\/"},"modified":"2026-03-20T23:57:46","modified_gmt":"2026-03-20T22:57:46","slug":"wp-adverts-category-icons","status":"publish","type":"product","link":"https:\/\/gpl-love.com\/fr\/produit\/wp-adverts-category-icons\/","title":{"rendered":"WP Adverts Category Icons 1.1.1"},"content":{"rendered":"<h3>WP Adverts Category Icons Traits<\/h3>\n<p>Si vous \u00eates le propri\u00e9taire d&rsquo;un site Web WordPress qui pr\u00e9sente des publicit\u00e9s dans un large \u00e9ventail de cat\u00e9gories, et que vous vous retrouvez \u00e0 d\u00e9sirer une interface plus conviviale et visuellement attrayante pour la navigation et la localisation des annonces sur votre site, ne cherchez pas plus loin que les Plugin Icons de cat\u00e9gorie WP Adverts!<\/p>\n<p>Ce formidable plugin, Ic\u00f4nes de cat\u00e9gorie des publicit\u00e9s WP, est sp\u00e9cialement con\u00e7u pour r\u00e9pondre aux besoins uniques de votre site Web. Avec sa conception intuitivement con\u00e7ue et son interface conviviale, ce plugin offre une solution simple pour ajouter des ic\u00f4nes de cat\u00e9gorie personnalis\u00e9es aux publicit\u00e9s de votre site Web. En mettant en \u0153uvre cette fonctionnalit\u00e9, vous pouvez am\u00e9liorer consid\u00e9rablement l&rsquo;exp\u00e9rience globale de l&rsquo;esth\u00e9tique et de la navigation de votre site, conduisant finalement \u00e0 un engagement am\u00e9lior\u00e9 des utilisateurs, des taux de clics et des revenus publicitaires.<\/p>\n<p>Gr\u00e2ce au large \u00e9ventail de choix d&rsquo;ic\u00f4nes qui sont \u00e0 votre disposition, vous avez la libert\u00e9 de s\u00e9lectionner des ic\u00f4nes qui repr\u00e9sentent sans effort vos cat\u00e9gories et vous alignez sur le th\u00e8me global de votre site Web. Les options d&rsquo;affichage sont \u00e9galement assez diverses, allant des formes de cercle classiques et carr\u00e9es \u00e0 des choix d&rsquo;images encore plus personnalisables. Par cons\u00e9quent, vos annonces seront plus importantes, gr\u00e2ce aux ic\u00f4nes uniques et captivantes qui sont affect\u00e9es \u00e0 chaque cat\u00e9gorie. Ces ic\u00f4nes servent de signaux visuels qui aident les utilisateurs \u00e0 distinguer facilement les diff\u00e9rents types d&rsquo;annonces, ce qui leur permet de s\u00e9lectionner sans effort celles qu&rsquo;ils souhaitent voir.<\/p>\n<p>Les ic\u00f4nes de cat\u00e9gorie des publicit\u00e9s WP pr\u00e9sentent une m\u00e9thode sans effort et sans effort pour ajouter une touche visuellement agr\u00e9able aux publicit\u00e9s de votre site Web. Que vous convoquiez un blog, un magasin en ligne ou m\u00eame un site de petites annonces qui pr\u00e9sente un assortiment de cat\u00e9gories, ce plugin est l&rsquo;ajout id\u00e9al \u00e0 votre site Web WordPress. La meilleure partie est que vous ne n\u00e9cessitez aucune exp\u00e9rience de codage pour installer et activer avec succ\u00e8s ce plugin. De plus, il fonctionne de mani\u00e8re transparente avec la plupart des th\u00e8mes et mod\u00e8les WordPress, assurant une int\u00e9gration sans tracas.<\/p>\n<p>Alors pourquoi tarder plus longtemps? Faites le premier pas vers l&rsquo;am\u00e9lioration de l&rsquo;exp\u00e9rience utilisateur sur votre site Web en t\u00e9l\u00e9chargeant le plugin Icons de cat\u00e9gorie WP Adverts d\u00e8s aujourd&rsquo;hui!<\/p>\n<ul>\n<li>Ajoutez sans effort les ic\u00f4nes de cat\u00e9gorie personnalis\u00e9es aux publicit\u00e9s de votre site Web WordPress<\/li>\n<li>Am\u00e9liorez l&rsquo;esth\u00e9tique et l&rsquo;exp\u00e9rience de navigation de votre site Web pour les utilisateurs<\/li>\n<li>Choisissez parmi une vari\u00e9t\u00e9 de choix d&rsquo;ic\u00f4nes, d&rsquo;options d&rsquo;affichage et d&rsquo;options d&rsquo;image personnalis\u00e9es en fonction du th\u00e8me de votre site Web<\/li>\n<li>Comportez des annonces en bonne place avec des ic\u00f4nes uniques et accrocheuses affect\u00e9es \u00e0 chaque cat\u00e9gorie<\/li>\n<li>Servir d&rsquo;indices visuels aux utilisateurs pour faire la diff\u00e9rence entre diff\u00e9rents types d&rsquo;annonces et choisir celles qu&rsquo;ils souhaitent afficher<\/li>\n<li>Ajout parfait pour les blogs, les vitrines en ligne ou les sites de petites annonces avec plusieurs cat\u00e9gories<\/li>\n<li>Aucune exp\u00e9rience de codage requise pour installer et activer le plugin<\/li>\n<li>Compatible avec la plupart des th\u00e8mes et mod\u00e8les WordPress<\/li>\n<li>Augmenter l&rsquo;engagement des utilisateurs, les taux de clics et les revenus publicitaires avec les ic\u00f4nes de cat\u00e9gorie des publicit\u00e9s WP<\/li>\n<li>T\u00e9l\u00e9chargez maintenant pour am\u00e9liorer l&rsquo;exp\u00e9rience utilisateur de votre site Web.<\/li>\n<\/ul>\n","protected":false},"excerpt":{"rendered":"<p>WP Adverts Cat\u00e9gorie Ic\u00f4nes est un plugin tr\u00e8s intuitif et convivial con\u00e7ues magistralement pour l&rsquo;int\u00e9gration avec les sites Web WordPress. Ce plugin ing\u00e9nieux vous permet \u00e0 l&rsquo;incorporation de cat\u00e9gorie distinctive et sur mesure dans les publicit\u00e9s de votre site Web, facilitant ainsi la navigation sans effort et l&#8217;emplacement rapide des publicit\u00e9s souhait\u00e9es pour vos utilisateurs. Avec un large \u00e9ventail de s\u00e9lections d&rsquo;ic\u00f4nes \u00e0 votre disposition, vous poss\u00e9dez l&rsquo;autonomie \u00e0 des ic\u00f4nes de cueillette m\u00e9ticuleusement qui s&rsquo;alignent impeccablement avec vos cat\u00e9gories d\u00e9sign\u00e9es et s&rsquo;harmonisent parfaitement avec l&rsquo;esth\u00e9tique globale de votre site Web. Les ic\u00f4nes de cat\u00e9gorie des publicit\u00e9s WP vous accordent sans effort un m\u00e9canisme simple et remarquablement efficace pour \u00e9lever l&rsquo;attrait visuel de vos publicit\u00e9s et favoriser une exp\u00e9rience utilisateur am\u00e9lior\u00e9e et sublime dans les limites sereins de votre site Web estim\u00e9.<\/p>\n","protected":false},"featured_media":146682,"comment_status":"open","ping_status":"open","template":"","meta":[],"product_brand":[2711],"product_cat":[1207,1181,1186],"product_tag":[2269],"class_list":{"0":"post-133881","1":"product","2":"type-product","3":"status-publish","4":"has-post-thumbnail","6":"product_brand-wp-adverts","7":"product_cat-commercialisation-wordpress-plugins","8":"product_cat-plugins","9":"product_cat-wordpress-plugins","10":"product_tag-wp-adverts","11":"member-discount","12":"discount-restricted","14":"first","15":"instock","16":"sale","17":"downloadable","18":"virtual","19":"sold-individually","20":"purchasable","21":"product-type-simple"},"_links":{"self":[{"href":"https:\/\/gpl-love.com\/fr\/wp-json\/wp\/v2\/product\/133881","targetHints":{"allow":["GET"]}}],"collection":[{"href":"https:\/\/gpl-love.com\/fr\/wp-json\/wp\/v2\/product"}],"about":[{"href":"https:\/\/gpl-love.com\/fr\/wp-json\/wp\/v2\/types\/product"}],"replies":[{"embeddable":true,"href":"https:\/\/gpl-love.com\/fr\/wp-json\/wp\/v2\/comments?post=133881"}],"wp:featuredmedia":[{"embeddable":true,"href":"https:\/\/gpl-love.com\/fr\/wp-json\/wp\/v2\/media\/146682"}],"wp:attachment":[{"href":"https:\/\/gpl-love.com\/fr\/wp-json\/wp\/v2\/media?parent=133881"}],"wp:term":[{"taxonomy":"product_brand","embeddable":true,"href":"https:\/\/gpl-love.com\/fr\/wp-json\/wp\/v2\/product_brand?post=133881"},{"taxonomy":"product_cat","embeddable":true,"href":"https:\/\/gpl-love.com\/fr\/wp-json\/wp\/v2\/product_cat?post=133881"},{"taxonomy":"product_tag","embeddable":true,"href":"https:\/\/gpl-love.com\/fr\/wp-json\/wp\/v2\/product_tag?post=133881"}],"curies":[{"name":"wp","href":"https:\/\/api.w.org\/{rel}","templated":true}]}}