{"id":133879,"date":"2025-07-09T00:00:00","date_gmt":"2025-07-08T22:00:00","guid":{"rendered":"https:\/\/gpl-love.com\/fr\/produit\/woocommerce-show-single-variations\/"},"modified":"2026-03-20T23:57:44","modified_gmt":"2026-03-20T22:57:44","slug":"woocommerce-show-single-variations","status":"publish","type":"product","link":"https:\/\/gpl-love.com\/fr\/produit\/woocommerce-show-single-variations\/","title":{"rendered":"WooCommerce Show Single Variations 1.26.0"},"content":{"rendered":"<h3>WooCommerce Show Single Variations Traits<\/h3>\n<p>Le plugin WooCommerce Show Single Variations est un outil indispensable pour toute boutique en ligne qui traite des produits qui ont plusieurs variations, car il fournit une solution transparente pour afficher diff\u00e9rentes versions de vos produits sur votre site Web. En utilisant ce plugin, vous pouvez pr\u00e9senter sans effort une seule variation d&rsquo;un produit sur les pages de produits, en garantissant une exp\u00e9rience d&rsquo;achat sans tracas pour vos clients et en leur permettant de trouver facilement l&rsquo;\u00e9l\u00e9ment sp\u00e9cifique qu&rsquo;ils recherchent. Cette fonctionnalit\u00e9 est particuli\u00e8rement avantageuse pour les magasins qui offrent des produits avec de nombreuses variations, telles que les v\u00eatements disponibles dans diff\u00e9rentes tailles et couleurs.<\/p>\n<p>L&rsquo;un des avantages notables du plugin WooCommerce Show Afficher des variations est sa nature conviviale et hautement personnalisable. Avec ce plugin, vous avez la flexibilit\u00e9 de r\u00e9gler les param\u00e8tres pour aligner pr\u00e9cis\u00e9ment les exigences uniques de votre magasin. L&rsquo;interface intuitive du plugin simplifie les processus d&rsquo;installation, de configuration et de personnalisation, \u00e9liminant le besoin d&rsquo;une expertise technique.<\/p>\n<p>Les d\u00e9veloppeurs de ce plugin l&rsquo;ont con\u00e7u avec diligence pour s&rsquo;int\u00e9grer de mani\u00e8re transparente \u00e0 la plate-forme WooCommerce. En cons\u00e9quence, vous pouvez l&rsquo;int\u00e9grer sans effort dans votre magasin WooCommerce existant sans rencontrer d&rsquo;obstacles importants. De plus, le plugin est enti\u00e8rement compatible avec tous les principaux navigateurs Web, garantissant une fonctionnalit\u00e9 optimale et \u00e9liminant toutes les pr\u00e9occupations concernant les probl\u00e8mes de compatibilit\u00e9.<\/p>\n<p>L&rsquo;am\u00e9lioration des fonctionnalit\u00e9s et l&rsquo;am\u00e9lioration de l&rsquo;exp\u00e9rience client globale de votre boutique en ligne sont des facteurs cruciaux dans la conduite de votre entreprise. La mise en \u0153uvre du plugin WooCommerce Show Variations SEUNCET remplira sans aucun doute ces objectifs en rationalisant l&rsquo;exp\u00e9rience d&rsquo;achat de vos pr\u00e9cieux clients. En acqu\u00e9rant ce plugin sans d\u00e9lai, vous pouvez assister \u00e0 une augmentation remarquable des taux de satisfaction des clients et \u00e0 une augmentation impressionnante des chiffres de vente.<\/p>\n<ul>\n<li>Afficher facilement une seule variation d&rsquo;un produit sur les pages de produits<\/li>\n<li>Exp\u00e9rience d&rsquo;achat sans tracas pour les clients<\/li>\n<li>Id\u00e9al pour les magasins avec des produits avec plusieurs variations<\/li>\n<li>Param\u00e8tres personnalisables pour r\u00e9pondre aux besoins de votre magasin<\/li>\n<li>Convivial et facile \u00e0 installer, \u00e0 configurer et \u00e0 personnaliser<\/li>\n<li>Int\u00e9gration transparente avec WooCommerce<\/li>\n<li>Compatible avec tous les principaux navigateurs Web<\/li>\n<li>Am\u00e9liore la fonctionnalit\u00e9 et l&rsquo;exp\u00e9rience client<\/li>\n<li>Am\u00e9liore les r\u00e9sultats avec une satisfaction accrue des clients et des chiffres de vente<\/li>\n<\/ul>\n","protected":false},"excerpt":{"rendered":"<p>Le plugin WooCommerce Show Variations est un outil indispensable pour les magasins en ligne qui fournissent aux produits de nombreuses variations, s&rsquo;adressant ainsi \u00e0 une gamme plus large de pr\u00e9f\u00e9rences des clients. En utilisant ce plugin, les d\u00e9taillants en ligne peuvent pr\u00e9senter sans effort une variation solitaire d&rsquo;un article sp\u00e9cifique sur leurs pages de produits, simplifiant ainsi le processus d&rsquo;achat pour les clients et leur permettant de localiser et d&rsquo;acqu\u00e9rir sans effort le produit pr\u00e9cis qui s&rsquo;aligne sur leurs exigences individuelles. En outre, non seulement le plugin est convivial, mais il poss\u00e8de \u00e9galement une personnalisation compl\u00e8te, ce qui permet aux commer\u00e7ants d&rsquo;adapter leur interface d&rsquo;achat en ligne pour r\u00e9pondre aux exigences uniques de leur client\u00e8le. De plus, ce plugin remarquable s&rsquo;int\u00e8gre de mani\u00e8re transparente avec la plate-forme WooCommerce, la principale solution de commerce \u00e9lectronique, assurant la compatibilit\u00e9 avec tous les principaux navigateurs Web. Pascez pas de temps et acqu\u00e9rir le plugin WooCommerce Show Variations d\u00e8s aujourd&rsquo;hui pour optimiser les fonctionnalit\u00e9s de votre boutique en ligne et \u00e9lever l&rsquo;exp\u00e9rience client globale \u00e0 des hauteurs in\u00e9gal\u00e9es!<\/p>\n","protected":false},"featured_media":146679,"comment_status":"open","ping_status":"open","template":"","meta":[],"product_brand":[2572],"product_cat":[1182,1223,1181],"product_tag":[1587],"class_list":{"0":"post-133879","1":"product","2":"type-product","3":"status-publish","4":"has-post-thumbnail","6":"product_brand-iconic","7":"product_cat-commerce-electronique-plugins","8":"product_cat-personnalisation-commerce-electronique-plugins","9":"product_cat-plugins","10":"product_tag-iconic","11":"member-discount","12":"discount-restricted","14":"first","15":"instock","16":"sale","17":"downloadable","18":"virtual","19":"sold-individually","20":"purchasable","21":"product-type-simple"},"_links":{"self":[{"href":"https:\/\/gpl-love.com\/fr\/wp-json\/wp\/v2\/product\/133879","targetHints":{"allow":["GET"]}}],"collection":[{"href":"https:\/\/gpl-love.com\/fr\/wp-json\/wp\/v2\/product"}],"about":[{"href":"https:\/\/gpl-love.com\/fr\/wp-json\/wp\/v2\/types\/product"}],"replies":[{"embeddable":true,"href":"https:\/\/gpl-love.com\/fr\/wp-json\/wp\/v2\/comments?post=133879"}],"wp:featuredmedia":[{"embeddable":true,"href":"https:\/\/gpl-love.com\/fr\/wp-json\/wp\/v2\/media\/146679"}],"wp:attachment":[{"href":"https:\/\/gpl-love.com\/fr\/wp-json\/wp\/v2\/media?parent=133879"}],"wp:term":[{"taxonomy":"product_brand","embeddable":true,"href":"https:\/\/gpl-love.com\/fr\/wp-json\/wp\/v2\/product_brand?post=133879"},{"taxonomy":"product_cat","embeddable":true,"href":"https:\/\/gpl-love.com\/fr\/wp-json\/wp\/v2\/product_cat?post=133879"},{"taxonomy":"product_tag","embeddable":true,"href":"https:\/\/gpl-love.com\/fr\/wp-json\/wp\/v2\/product_tag?post=133879"}],"curies":[{"name":"wp","href":"https:\/\/api.w.org\/{rel}","templated":true}]}}