{"id":133836,"date":"2026-02-14T00:00:00","date_gmt":"2026-02-13T23:00:00","guid":{"rendered":"https:\/\/gpl-love.com\/fr\/produit\/jetsloth-gravity-forms-bulk-add-fields\/"},"modified":"2026-03-20T23:21:00","modified_gmt":"2026-03-20T22:21:00","slug":"jetsloth-gravity-forms-bulk-add-fields","status":"publish","type":"product","link":"https:\/\/gpl-love.com\/fr\/produit\/jetsloth-gravity-forms-bulk-add-fields\/","title":{"rendered":"Jetsloth Gravity Forms Bulk Add Fields 1.2.6"},"content":{"rendered":"<h3>Jetsloth Gravity Forms Bulk Add Fields Traits<\/h3>\n<p>Jetsresh Formulaires de gravit\u00e9 Les champs Ajouter en vrac sont un outil tr\u00e8s efficace et pr\u00e9cieux qui a \u00e9t\u00e9 m\u00e9ticuleusement con\u00e7u pour simplifier et acc\u00e9l\u00e9rer l&rsquo;ensemble du processus d&rsquo;incorporation de plusieurs champs dans les formes de gravit\u00e9. En utilisant ce plugin exceptionnel, les utilisateurs sont autoris\u00e9s \u00e0 int\u00e9grer de mani\u00e8re transparente de nombreux champs en m\u00eame temps, leur permettant ainsi de conserver \u00e0 la fois leur temps pr\u00e9cieux et leur effort. L&rsquo;une des caract\u00e9ristiques notables de ce plugin r\u00e9side dans son interface remarquablement conviviale, qui facilite la s\u00e9lection sans effort des types de champs souhait\u00e9s, la personnalisation des propri\u00e9t\u00e9s du champ pour atteindre les r\u00e9sultats souhait\u00e9s et la fourniture d&rsquo;une fonctionnalit\u00e9 d&rsquo;aper\u00e7u pour \u00e9valuer et \u00e9valuer m\u00e9ticuleusement les immeubles modifications avant leur mise en \u0153uvre. Notamment, ce plugin exceptionnel \u00e9tend son support pour s&rsquo;adapter \u00e0 un \u00e9ventail \u00e9tendu de types de champs dans les formulaires de gravit\u00e9, y compris ceux les plus complexes et sophistiqu\u00e9s tels que le t\u00e9l\u00e9chargement de fichiers, la logique conditionnelle et les champs de tarification. Par cons\u00e9quent, les formulaires de gravit\u00e9 des jets de jets en vrac \u00e9mergent comme un outil indispensable et inestimable qui est garanti pour r\u00e9volutionner et optimiser le processus de construction de formulaire pour tout utilisateur de formulaires de gravit\u00e9 d\u00e9di\u00e9 et exigeant.<\/p>\n<ul>\n<li>Ajoutez sans effort plusieurs champs \u00e0 une forme de formes de gravit\u00e9 en une seule fois<\/li>\n<li>Gagnez du temps en \u00e9vitant la n\u00e9cessit\u00e9 d&rsquo;ajouter des champs un \u00e0 la fois<\/li>\n<li>Choisissez parmi une vari\u00e9t\u00e9 de types de champs, y compris le texte, la liste d\u00e9roulante, le t\u00e9l\u00e9chargement de fichiers, et plus<\/li>\n<li>Ajouter des \u00e9tiquettes et des espaces r\u00e9serv\u00e9s personnalis\u00e9s pour chaque champ<\/li>\n<li>R\u00e9organisez facilement les champs \u00e0 l&rsquo;aide d&rsquo;une interface glisser-d\u00e9poser<\/li>\n<li>Compatible avec l&rsquo;\u00e9diteur classique et bloc dans WordPress<\/li>\n<li>L&rsquo;interface intuitive garantit une exp\u00e9rience utilisateur fluide<\/li>\n<li>Augmente la productivit\u00e9 et l&rsquo;efficacit\u00e9 des d\u00e9veloppeurs Web et des administrateurs de sites<\/li>\n<li>Mises \u00e0 jour r\u00e9guli\u00e8res et support de l&rsquo;\u00e9quipe JetsLoth pour assurer la compatibilit\u00e9 avec les derni\u00e8res versions des formulaires de gravit\u00e9 et WordPress<\/li>\n<\/ul>\n","protected":false},"excerpt":{"rendered":"<p>Le plugin sur les champs de gravit\u00e9 des jets en masse offre une solution transparente pour incorporer sans effort de nombreux champs de formulaire dans vos formulaires de gravit\u00e9, ne n\u00e9cessitant que quelques clics. En permettant aux utilisateurs de cr\u00e9er des champs personnalis\u00e9s en masse au lieu de individuellement, ce plugin garantit une utilisation plus efficace du temps. B\u00e9n\u00e9ficiant d&rsquo;une interface simple et d&rsquo;une conception intuitive, le processus d&rsquo;incorporation de champs n&rsquo;a jamais \u00e9t\u00e9 plus convivial. Ce plugin est id\u00e9al pour les personnes qui cherchent \u00e0 optimiser leur processus de cr\u00e9ation de forme et \u00e0 am\u00e9liorer l&rsquo;exp\u00e9rience utilisateur globale de leur site Web.<\/p>\n","protected":false},"featured_media":144278,"comment_status":"open","ping_status":"open","template":"","meta":[],"product_brand":[2577],"product_cat":[1187,1181,1186],"product_tag":[1292],"class_list":{"0":"post-133836","1":"product","2":"type-product","3":"status-publish","4":"has-post-thumbnail","6":"product_brand-jetsloth","7":"product_cat-administration-wordpress-plugins","8":"product_cat-plugins","9":"product_cat-wordpress-plugins","10":"product_tag-jetsloth","11":"member-discount","12":"discount-restricted","14":"first","15":"instock","16":"sale","17":"downloadable","18":"virtual","19":"sold-individually","20":"purchasable","21":"product-type-simple"},"_links":{"self":[{"href":"https:\/\/gpl-love.com\/fr\/wp-json\/wp\/v2\/product\/133836","targetHints":{"allow":["GET"]}}],"collection":[{"href":"https:\/\/gpl-love.com\/fr\/wp-json\/wp\/v2\/product"}],"about":[{"href":"https:\/\/gpl-love.com\/fr\/wp-json\/wp\/v2\/types\/product"}],"replies":[{"embeddable":true,"href":"https:\/\/gpl-love.com\/fr\/wp-json\/wp\/v2\/comments?post=133836"}],"wp:featuredmedia":[{"embeddable":true,"href":"https:\/\/gpl-love.com\/fr\/wp-json\/wp\/v2\/media\/144278"}],"wp:attachment":[{"href":"https:\/\/gpl-love.com\/fr\/wp-json\/wp\/v2\/media?parent=133836"}],"wp:term":[{"taxonomy":"product_brand","embeddable":true,"href":"https:\/\/gpl-love.com\/fr\/wp-json\/wp\/v2\/product_brand?post=133836"},{"taxonomy":"product_cat","embeddable":true,"href":"https:\/\/gpl-love.com\/fr\/wp-json\/wp\/v2\/product_cat?post=133836"},{"taxonomy":"product_tag","embeddable":true,"href":"https:\/\/gpl-love.com\/fr\/wp-json\/wp\/v2\/product_tag?post=133836"}],"curies":[{"name":"wp","href":"https:\/\/api.w.org\/{rel}","templated":true}]}}