{"id":133834,"date":"2025-10-28T00:00:00","date_gmt":"2025-10-27T23:00:00","guid":{"rendered":"https:\/\/gpl-love.com\/fr\/produit\/jetsloth-gravity-forms-bulk-actions-pro\/"},"modified":"2026-03-20T23:20:59","modified_gmt":"2026-03-20T22:20:59","slug":"jetsloth-gravity-forms-bulk-actions-pro","status":"publish","type":"product","link":"https:\/\/gpl-love.com\/fr\/produit\/jetsloth-gravity-forms-bulk-actions-pro\/","title":{"rendered":"Jetsloth Gravity Forms Bulk Actions Pro 1.4.8"},"content":{"rendered":"<h3>Jetsloth Gravity Forms Bulk Actions Pro Traits<\/h3>\n<p>Les JetsLoth Gravity Forms Bulk Actions Pro, un plugin WordPress tr\u00e8s puissant et robuste, accorde aux utilisateurs la possibilit\u00e9 d&rsquo;ex\u00e9cuter une multitude d&rsquo;actions en vrac en ce qui concerne leurs donn\u00e9es de forme de gravit\u00e9. \u00c9quip\u00e9s de cet outil exceptionnel, les utilisateurs peuvent superviser et g\u00e9rer sans effort leurs soumissions, entr\u00e9es et notifications de formulaire de mani\u00e8re plus rationalis\u00e9e et m\u00e9thodique. Ce qui distingue ce plugin, c&rsquo;est sa capacit\u00e9 remarquable pour faciliter l&rsquo;exportation des donn\u00e9es de forme dans une vari\u00e9t\u00e9 de formats, tels que CSV, PDF et Excel. En outre, il permet aux utilisateurs de planifier des exportations pour la livraison automatique, ce qui optimiserait ainsi davantage leur flux de travail. En plus de cela, le plugin permet \u00e9galement aux utilisateurs de filtrer leurs entr\u00e9es de formulaire en fonction de diff\u00e9rents crit\u00e8res, leur offrant la commodit\u00e9 d&rsquo;ex\u00e9cuter des actions en vrac comme la suppression, l&rsquo;approbation ou l&rsquo;archivage de plusieurs entr\u00e9es simultan\u00e9ment. La gravit\u00e9 des jets forme des actions en vrac pro torque d&rsquo;offrir aux utilisateurs une interface intuitive aux c\u00f4t\u00e9s d&rsquo;une pl\u00e9thore d&rsquo;options de personnalisation, servant finalement \u00e0 am\u00e9liorer leur productivit\u00e9 globale en rationalisant leur flux de travail.<\/p>\n<ul>\n<li>Capacit\u00e9 \u00e0 effectuer des actions en vrac sur les entr\u00e9es de formes de gravit\u00e9, de gagner du temps et des efforts<\/li>\n<li>Param\u00e8tres hautement personnalisables, permettant aux utilisateurs de choisir les actions en vrac \u00e0 effectuer et sur les formulaires<\/li>\n<li>Int\u00e9gration avec d&rsquo;autres plugins WordPress populaires tels que Jetpack et WPForms<\/li>\n<li>Interface simple et conviviale pour une navigation et une utilisation faciles<\/li>\n<li>Permet l&rsquo;automatisation des t\u00e2ches r\u00e9p\u00e9titives, lib\u00e9rant du temps pour des t\u00e2ches plus importantes<\/li>\n<li>Mises \u00e0 jour r\u00e9guli\u00e8res et support pour assurer la compatibilit\u00e9 avec la derni\u00e8re version de WordPress et des formulaires de gravit\u00e9<\/li>\n<li>\u00c9conomiser de l&rsquo;argent en \u00e9liminant le besoin de plugins suppl\u00e9mentaires ou de d\u00e9veloppement personnalis\u00e9 pour effectuer des actions en vrac sur les entr\u00e9es de formulaires de gravit\u00e9<\/li>\n<li>Am\u00e9liore la productivit\u00e9 et l&rsquo;efficacit\u00e9 en rationalisant les actions en vrac et les processus de gestion des donn\u00e9es<\/li>\n<li>Augmente la flexibilit\u00e9 de la gestion des donn\u00e9es en permettant aux utilisateurs de combiner et de manipuler les donn\u00e9es de mani\u00e8re nouvelle et utile<\/li>\n<li>\u00c9quip\u00e9 de fonctionnalit\u00e9s avanc\u00e9es telles que les filtres et la logique conditionnelle pour affiner les actions en vrac pour une efficacit\u00e9 maximale.<\/li>\n<\/ul>\n","protected":false},"excerpt":{"rendered":"<p>Les Formulaires de gravit\u00e9 des jets en bulcs Pro sont un plugin WordPress extr\u00eamement robuste qui vous accorde la possibilit\u00e9 d&rsquo;administrer sans effort le traitement de grandes quantit\u00e9s de donn\u00e9es dans les formulaires de gravit\u00e9. En raison de ses fonctionnalit\u00e9s hautement sophistiqu\u00e9es, vous pouvez effectuer sans effort la modification, la suppression et l&rsquo;exportation de nombreuses entr\u00e9es en une seule fois, vous offrant ainsi le luxe du temps \u00e9conomis\u00e9 et une efficacit\u00e9 accrue dans votre flux de travail. L&rsquo;interface conviviale qu&rsquo;il propose vous pr\u00e9sente une gamme d&rsquo;options de personnalisation, ce qui en fait un outil indispensable pour toute personne qui utilise des formulaires de gravit\u00e9 comme moyen de collecte de donn\u00e9es. Que vous pr\u00e9siiez une entreprise diminutive ou une soci\u00e9t\u00e9 gigantesque, la gravit\u00e9 de jets en boule r\u00e9v\u00e8le des actions en vrac pro sert de ressource inestimable capable de rationaliser votre processus de gestion des donn\u00e9es et d&rsquo;augmenter la productivit\u00e9 \u00e0 des hauteurs in\u00e9gal\u00e9es.<\/p>\n","protected":false},"featured_media":144277,"comment_status":"open","ping_status":"open","template":"","meta":[],"product_brand":[2577],"product_cat":[1187,1181,1186],"product_tag":[1292],"class_list":{"0":"post-133834","1":"product","2":"type-product","3":"status-publish","4":"has-post-thumbnail","6":"product_brand-jetsloth","7":"product_cat-administration-wordpress-plugins","8":"product_cat-plugins","9":"product_cat-wordpress-plugins","10":"product_tag-jetsloth","11":"member-discount","12":"discount-restricted","14":"first","15":"instock","16":"sale","17":"downloadable","18":"virtual","19":"sold-individually","20":"purchasable","21":"product-type-simple"},"_links":{"self":[{"href":"https:\/\/gpl-love.com\/fr\/wp-json\/wp\/v2\/product\/133834","targetHints":{"allow":["GET"]}}],"collection":[{"href":"https:\/\/gpl-love.com\/fr\/wp-json\/wp\/v2\/product"}],"about":[{"href":"https:\/\/gpl-love.com\/fr\/wp-json\/wp\/v2\/types\/product"}],"replies":[{"embeddable":true,"href":"https:\/\/gpl-love.com\/fr\/wp-json\/wp\/v2\/comments?post=133834"}],"wp:featuredmedia":[{"embeddable":true,"href":"https:\/\/gpl-love.com\/fr\/wp-json\/wp\/v2\/media\/144277"}],"wp:attachment":[{"href":"https:\/\/gpl-love.com\/fr\/wp-json\/wp\/v2\/media?parent=133834"}],"wp:term":[{"taxonomy":"product_brand","embeddable":true,"href":"https:\/\/gpl-love.com\/fr\/wp-json\/wp\/v2\/product_brand?post=133834"},{"taxonomy":"product_cat","embeddable":true,"href":"https:\/\/gpl-love.com\/fr\/wp-json\/wp\/v2\/product_cat?post=133834"},{"taxonomy":"product_tag","embeddable":true,"href":"https:\/\/gpl-love.com\/fr\/wp-json\/wp\/v2\/product_tag?post=133834"}],"curies":[{"name":"wp","href":"https:\/\/api.w.org\/{rel}","templated":true}]}}