{"id":133830,"date":"2025-11-10T00:00:00","date_gmt":"2025-11-09T23:00:00","guid":{"rendered":"https:\/\/gpl-love.com\/fr\/produit\/jet-tricks-for-elementor\/"},"modified":"2026-03-20T23:20:57","modified_gmt":"2026-03-20T22:20:57","slug":"jet-tricks-for-elementor","status":"publish","type":"product","link":"https:\/\/gpl-love.com\/fr\/produit\/jet-tricks-for-elementor\/","title":{"rendered":"Jet Tricks For Elementor 1.5.9"},"content":{"rendered":"<h3>Jet Tricks For Elementor Traits<\/h3>\n<p>Les astuces de jet pour Elementor sont un plugin extr\u00eamement robuste qui permet aux utilisateurs la possibilit\u00e9 d&rsquo;incorporer des effets visuels exceptionnellement distinctifs et accrocheurs dans leurs sites Web Elementor. Poss\u00e9dant un \u00e9ventail d&rsquo;alternatives d&rsquo;animation et d&rsquo;interaction, ce plugin profite \u00e0 un moyen facile pour augmenter l&rsquo;exp\u00e9rience utilisateur et augmenter l&rsquo;engagement. De la parallaxe captivante \u00e0 faire d\u00e9filer l&rsquo;art raffin\u00e9 du suivi de la souris, Jet Tricks accorde un vaste r\u00e9pertoire d&rsquo;effets qui peuvent \u00eatre adapt\u00e9s de mani\u00e8re transparente pour s&rsquo;harmoniser avec n&rsquo;importe quelle conception de site Web. De plus, il est dot\u00e9 d&rsquo;un niveau extraordinaire de convivialit\u00e9 et ne n\u00e9cessite aucune prouesse de codage pr\u00e9alable, garantissant ainsi l&rsquo;accessibilit\u00e9 aux utilisateurs de chaque niveau de comp\u00e9tence. En conclusion, les astuces de jet pour Elementor sont indiscutablement comme un plugin essentiel pour les individus aspirant \u00e0 infuser leurs sites Web avec un soup\u00e7on d&rsquo;ing\u00e9niosit\u00e9 artistique et d&rsquo;interactivit\u00e9.<\/p>\n<ul>\n<li>Plugin r\u00e9volutionnaire \u00e0 Jet Trick pour Elementor<\/li>\n<li>Lib\u00e9rez le plein potentiel de Elementor avec des tours \u00e0 jet<\/li>\n<li>Artisanat des transitions, animations et effets ing\u00e9nieux sur votre site Web<\/li>\n<li>Facile \u00e0 utiliser et aucun codage requis<\/li>\n<li>Choisissez parmi plus de 40 effets d&rsquo;animation et visuels diff\u00e9rents<\/li>\n<li>Cr\u00e9er des exp\u00e9riences utilisateur engageantes et interactives avec des astuces \u00e0 jet<\/li>\n<li>Compatible avec tous les widgets et modules Elementor<\/li>\n<li>Boostez l&rsquo;engagement des utilisateurs et am\u00e9liorez les performances du site Web avec des tours de jet<\/li>\n<li>Documentation compl\u00e8te et soutien \u00e0 l&rsquo;int\u00e9gration transparente<\/li>\n<li>Achetez des astuces \u00e0 jet aujourd&rsquo;hui et commencez \u00e0 cr\u00e9er de superbes sites Web en quelques minutes.<\/li>\n<\/ul>\n","protected":false},"excerpt":{"rendered":"<p>Jet Tricks for Elementor est une extension extr\u00eamement robuste, avec un r\u00e9pertoire \u00e9tendu de plus de 50 effets visuels avanc\u00e9s, tous con\u00e7us pour \u00e9lever l&rsquo;esth\u00e9tique de votre site Web. Avec l&rsquo;int\u00e9gration des astuces de jet, les possibilit\u00e9s sont illimit\u00e9es car vous \u00e9voquez sans effort les animations fascinantes, impl\u00e9mentez des effets de parallaxe captivants, int\u00e9grant sans effort des \u00e9l\u00e9ments collants, curseurs de souris personnalis\u00e9s en conserve, et bien plus encore. Ce plugin exceptionnel s&rsquo;harmonise de mani\u00e8re transparente avec Elementor, le constructeur de pages in\u00e9gal\u00e9 pour WordPress, vous offrant un arsenal d&rsquo;outils n\u00e9cessaires pour construire un site Web impressionnant qui est certain de captiver et de captiver vos visiteurs estim\u00e9s. Que vous poss\u00e9diez un talent pour la conception Web, une comp\u00e9tence en d\u00e9veloppement, ou m\u00eame si vous \u00eates un propri\u00e9taire d&rsquo;entreprise qui s&rsquo;efforce de faire votre marque en ligne, les astuces de jet pour Elementor sont sans \u00e9quivoque votre billet pour monter \u00e0 des hauteurs sans pr\u00e9c\u00e9dent, transcendant les limites des limites de m\u00e9diocrit\u00e9.<\/p>\n","protected":false},"featured_media":144275,"comment_status":"open","ping_status":"open","template":"","meta":[],"product_brand":[2576],"product_cat":[1189,1181,1186],"product_tag":[2329],"class_list":{"0":"post-133830","1":"product","2":"type-product","3":"status-publish","4":"has-post-thumbnail","6":"product_brand-crocoblock","7":"product_cat-personnalisation","8":"product_cat-plugins","9":"product_cat-wordpress-plugins","10":"product_tag-crocoblock","11":"member-discount","12":"discount-restricted","14":"first","15":"instock","16":"sale","17":"downloadable","18":"virtual","19":"sold-individually","20":"purchasable","21":"product-type-simple"},"_links":{"self":[{"href":"https:\/\/gpl-love.com\/fr\/wp-json\/wp\/v2\/product\/133830","targetHints":{"allow":["GET"]}}],"collection":[{"href":"https:\/\/gpl-love.com\/fr\/wp-json\/wp\/v2\/product"}],"about":[{"href":"https:\/\/gpl-love.com\/fr\/wp-json\/wp\/v2\/types\/product"}],"replies":[{"embeddable":true,"href":"https:\/\/gpl-love.com\/fr\/wp-json\/wp\/v2\/comments?post=133830"}],"wp:featuredmedia":[{"embeddable":true,"href":"https:\/\/gpl-love.com\/fr\/wp-json\/wp\/v2\/media\/144275"}],"wp:attachment":[{"href":"https:\/\/gpl-love.com\/fr\/wp-json\/wp\/v2\/media?parent=133830"}],"wp:term":[{"taxonomy":"product_brand","embeddable":true,"href":"https:\/\/gpl-love.com\/fr\/wp-json\/wp\/v2\/product_brand?post=133830"},{"taxonomy":"product_cat","embeddable":true,"href":"https:\/\/gpl-love.com\/fr\/wp-json\/wp\/v2\/product_cat?post=133830"},{"taxonomy":"product_tag","embeddable":true,"href":"https:\/\/gpl-love.com\/fr\/wp-json\/wp\/v2\/product_tag?post=133830"}],"curies":[{"name":"wp","href":"https:\/\/api.w.org\/{rel}","templated":true}]}}