{"id":133828,"date":"2025-12-04T00:00:00","date_gmt":"2025-12-03T23:00:00","guid":{"rendered":"https:\/\/gpl-love.com\/fr\/produit\/jet-theme-core-for-elementor\/"},"modified":"2026-03-20T23:20:57","modified_gmt":"2026-03-20T22:20:57","slug":"jet-theme-core-for-elementor","status":"publish","type":"product","link":"https:\/\/gpl-love.com\/fr\/produit\/jet-theme-core-for-elementor\/","title":{"rendered":"Jet Th\u00e8me Core For Elementor 2.3.1.1"},"content":{"rendered":"<h3>Jet Th\u00e8me Core For Elementor Traits<\/h3>\n<p>Pour les personnes qui cherchent \u00e0 construire des sites Web de premier ordre et sophistiqu\u00e9s, le noyau de th\u00e8me de jet pour Elementor sert d&rsquo;outil indispensable. Cet outil propose non seulement une vaste gamme de widgets et modules personnalisables, mais fournit \u00e9galement une approche rationalis\u00e9e et efficace pour concevoir et d\u00e9velopper des sites WordPress visuellement captivants. Que vous poss\u00e9diez une formation en conception graphique ou en d\u00e9veloppement Web, ou que vous souhaitiez simplement \u00e9laborer des pages Web dynamiques et r\u00e9actives sans effort, le noyau du th\u00e8me de jet pour Elementor est sur mesure pour vous. Peu importe que votre objectif soit d&rsquo;\u00e9tablir un site Web d&rsquo;entreprise, une boutique en ligne ou un blog personnel, cet outil remarquable vous offre toutes les ressources n\u00e9cessaires pour fa\u00e7onner un site Web extraordinaire qui d\u00e9passera ind\u00e9niablement toutes les attentes.<\/p>\n<ul>\n<li>Un plugin puissant pour le constructeur de page Elementor populaire<\/li>\n<li>Donne acc\u00e8s \u00e0 une vari\u00e9t\u00e9 de mod\u00e8les de th\u00e8me pr\u00e9-con\u00e7us<\/li>\n<li>Options de conception personnalisables qui permettent un contr\u00f4le total sur l&rsquo;apparence de votre site Web<\/li>\n<li>Int\u00e9gre parfaitement l&rsquo;interface Elementor pour une utilisation facile<\/li>\n<li>Comprend une vaste biblioth\u00e8que de widgets, sections et modules \u00e0 ajouter \u00e0 vos pages<\/li>\n<li>Options de fonctionnalit\u00e9 avanc\u00e9es telles que le contenu dynamique, les en-t\u00eates et les pieds de page collants et les types de messages personnalis\u00e9s<\/li>\n<li>Mises \u00e0 jour et support r\u00e9guliers pour s&rsquo;assurer que le plugin fonctionne toujours en douceur<\/li>\n<li>Compatibilit\u00e9 avec une large gamme de th\u00e8mes et plugins WordPress<\/li>\n<li>Aide \u00e0 am\u00e9liorer les temps de chargement du site Web avec sa base de code l\u00e9g\u00e8re<\/li>\n<li>Peut cr\u00e9er des en-t\u00eates de site Web personnalis\u00e9s, des pieds de page et d&rsquo;autres fonctionnalit\u00e9s uniques avec facilit\u00e9.<\/li>\n<\/ul>\n","protected":false},"excerpt":{"rendered":"<p>Jet Theme Core for Elementor est un plugin WordPress incroyablement robuste et dynamique qui offre une gamme diversifi\u00e9e de fonctionnalit\u00e9s indispensables pour fabriquer sans effort des sites Web \u00e0 couper le souffle et \u00e0 captiver visuellement. En int\u00e9grant ce plugin exceptionnel dans votre site WordPress, vous obtenez la capacit\u00e9 in\u00e9gal\u00e9e \u00e0 personnaliser et affiner sans effort divers aspects vitaux de l&rsquo;esth\u00e9tique globale de votre site Web, telles que sa mise en page, sa typographie, sa palette de couleurs et sa multitude d&rsquo;autres \u00e9l\u00e9ments de conception, donc Permettre \u00e0 votre site de se distinguer sans effort de la myriade d&rsquo;autres sites Web g\u00e9n\u00e9riques qui peuplent le domaine en ligne. Que vous ayez une compr\u00e9hension limit\u00e9e de la conception Web ou que vous poss\u00e9diez une vaste exp\u00e9rience dans ce domaine, le noyau du th\u00e8me de Jet sert de solution ultime, offrant une interface extraordinairement conviviale qui garantit le processus de construction de sites Web visuellement convaincants et esth\u00e9tiques reste un simple non compliqu\u00e9 de restes un simple non compliqu\u00e9 et Swift Endeavour. En outre, les options de conception r\u00e9actives exceptionnelles facilit\u00e9es par le th\u00e8me de Jet garantissent que votre site Web s&rsquo;adaptera de mani\u00e8re transparente et appara\u00eetra magnifiquement sur une vaste gamme d&rsquo;appareils. N&rsquo;h\u00e9sitez pas \u00e0 acqu\u00e9rir le noyau de th\u00e8me de jet dans la premi\u00e8re occasion, car il \u00e9l\u00e8vera sans aucun doute le calibre et l&rsquo;attrait visuel de votre site Web \u00e0 des hauteurs sans pr\u00e9c\u00e9dent, d\u00e9passant ainsi m\u00eame les attentes les plus \u00e9lev\u00e9es!<\/p>\n","protected":false},"featured_media":144274,"comment_status":"open","ping_status":"open","template":"","meta":[],"product_brand":[2576],"product_cat":[1187,1181,1186],"product_tag":[2329],"class_list":{"0":"post-133828","1":"product","2":"type-product","3":"status-publish","4":"has-post-thumbnail","6":"product_brand-crocoblock","7":"product_cat-administration-wordpress-plugins","8":"product_cat-plugins","9":"product_cat-wordpress-plugins","10":"product_tag-crocoblock","11":"member-discount","12":"discount-restricted","14":"first","15":"instock","16":"sale","17":"downloadable","18":"virtual","19":"sold-individually","20":"purchasable","21":"product-type-simple"},"_links":{"self":[{"href":"https:\/\/gpl-love.com\/fr\/wp-json\/wp\/v2\/product\/133828","targetHints":{"allow":["GET"]}}],"collection":[{"href":"https:\/\/gpl-love.com\/fr\/wp-json\/wp\/v2\/product"}],"about":[{"href":"https:\/\/gpl-love.com\/fr\/wp-json\/wp\/v2\/types\/product"}],"replies":[{"embeddable":true,"href":"https:\/\/gpl-love.com\/fr\/wp-json\/wp\/v2\/comments?post=133828"}],"wp:featuredmedia":[{"embeddable":true,"href":"https:\/\/gpl-love.com\/fr\/wp-json\/wp\/v2\/media\/144274"}],"wp:attachment":[{"href":"https:\/\/gpl-love.com\/fr\/wp-json\/wp\/v2\/media?parent=133828"}],"wp:term":[{"taxonomy":"product_brand","embeddable":true,"href":"https:\/\/gpl-love.com\/fr\/wp-json\/wp\/v2\/product_brand?post=133828"},{"taxonomy":"product_cat","embeddable":true,"href":"https:\/\/gpl-love.com\/fr\/wp-json\/wp\/v2\/product_cat?post=133828"},{"taxonomy":"product_tag","embeddable":true,"href":"https:\/\/gpl-love.com\/fr\/wp-json\/wp\/v2\/product_tag?post=133828"}],"curies":[{"name":"wp","href":"https:\/\/api.w.org\/{rel}","templated":true}]}}