{"id":133826,"date":"2026-03-02T00:00:00","date_gmt":"2026-03-01T23:00:00","guid":{"rendered":"https:\/\/gpl-love.com\/fr\/produit\/jet-smart-filters-for-elementor\/"},"modified":"2026-03-20T23:20:54","modified_gmt":"2026-03-20T22:20:54","slug":"jet-smart-filters-for-elementor","status":"publish","type":"product","link":"https:\/\/gpl-love.com\/fr\/produit\/jet-smart-filters-for-elementor\/","title":{"rendered":"Jet Smart Filters For Elementor 3.7.5"},"content":{"rendered":"<h3>Jet Smart Filters For Elementor Traits<\/h3>\n<p>Jet Smart Filtres pour Elementor est un outil incroyablement pr\u00e9cieux qui s&rsquo;av\u00e8re exceptionnellement avantageux pour les personnes qui cherchent \u00e0 cr\u00e9er des filtres pour leurs sites Web \u00e0 la fois hautement personnalisables et interactifs. Ce plugin exceptionnel propose une gamme diversifi\u00e9e de types de filtres, y compris, mais sans s&rsquo;y limiter, les cases \u00e0 cocher, les curseurs de gamme et les bo\u00eetes de recherche, qui peuvent toutes \u00eatre utilis\u00e9es efficacement pour affiner les r\u00e9sultats de recherche et faciliter le processus pour les visiteurs en localisant pr\u00e9cis\u00e9ment ce qu&rsquo;ils recherchent. Avec l&rsquo;utilisation des filtres Smart Jet, les utilisateurs ont la possibilit\u00e9 de personnaliser l&rsquo;apparence de leurs filtres pour s&rsquo;harmoniser avec la marque et la conception de leurs sites Web respectifs. De plus, les utilisateurs ont la possibilit\u00e9 d&rsquo;incorporer des fonctionnalit\u00e9s avanc\u00e9es telles que le filtrage bas\u00e9 sur l&rsquo;Ajax et la capacit\u00e9 pratique pour enregistrer les pr\u00e9r\u00e9glages filtrants. En r\u00e9sum\u00e9, Jet Smart Filtres pour Elementor se pr\u00e9sente comme une solution extr\u00eamement puissante et polyvalente, permettant efficacement aux propri\u00e9taires de sites de am\u00e9liorer l&rsquo;exp\u00e9rience utilisateur globale et \u00e0 promouvoir des niveaux d&rsquo;engagement accrus sur leurs sites respectifs.<\/p>\n<ul>\n<li>Jet Smart Filtres est un plugin pour le constructeur de page Elementor qui vous permet d&rsquo;ajouter des filtres avanc\u00e9s \u00e0 votre site Web.<\/li>\n<li>Avec Jet Smart Filtres, vous pouvez cr\u00e9er des options de filtre personnalis\u00e9es pour votre boutique en ligne ou votre portefeuille.<\/li>\n<li>Le plugin est livr\u00e9 avec une gamme de styles de filtrage, y compris la bo\u00eete \u00e0 cocher, la radio, la gamme, la s\u00e9lection, le datepicker et le colorpicker.<\/li>\n<li>Jet Smart Filtres est enti\u00e8rement personnalisable, vous pouvez donc modifier la conception en fonction de votre marque.<\/li>\n<li>Le plugin propose un filtrage en direct, ce qui signifie que les utilisateurs voient instantan\u00e9ment les r\u00e9sultats de leurs filtres.<\/li>\n<li>Gr\u00e2ce \u00e0 une interface intuitive, Jet Smart Filtres est facile \u00e0 utiliser, m\u00eame si vous n&rsquo;avez aucune exp\u00e9rience de codage.<\/li>\n<li>Le plugin est construit en tenant compte des performances, donc il ne ralentit pas votre site Web.<\/li>\n<li>Jet Smart Filtres s&rsquo;int\u00e8gre parfaitement \u00e0 WooCommerce et \u00e0 d&rsquo;autres plateformes de commerce \u00e9lectronique populaires.<\/li>\n<li>Le plugin comprend \u00e9galement plusieurs widgets, tels que la recherche Ajax, le tri Ajax et la pagination AJAX, pour am\u00e9liorer l&rsquo;exp\u00e9rience utilisateur.<\/li>\n<li>Jet Smart Filtres est livr\u00e9 avec une documentation compl\u00e8te et un support d&rsquo;experts, vous pouvez donc vous sentir confiant en l&rsquo;utilisant sur votre site Web.<\/li>\n<\/ul>\n","protected":false},"excerpt":{"rendered":"<p>Jet Smart Filtres pour Elementor est un module compl\u00e9mentaire tr\u00e8s robuste et efficace, qui accorde \u00e0 tout site Web aliment\u00e9 par Elementor la possibilit\u00e9 d&rsquo;exploiter les fonctionnalit\u00e9s de filtrage avanc\u00e9. Offrant une pl\u00e9thore de filtres personnalisables, englobant une gamme d&rsquo;options telles que des cases \u00e0 cocher, des boutons radio, des barres de recherche, et plus encore, ce plugin remarquable permet aux visiteurs de perfectionner et de r\u00e9duire leurs requ\u00eates de recherche sans effort, facilitant ainsi la d\u00e9couverte de ce qu&rsquo;ils recherchent pr\u00e9cis\u00e9ment. B\u00e9n\u00e9ficiant d&rsquo;une r\u00e9activit\u00e9 compl\u00e8te et d&rsquo;une optimisation destin\u00e9e \u00e0 am\u00e9liorer les performances, les filtres intelligents \u00e0 Jet \u00e9mergent incontestablement comme l&rsquo;outil par excellence pour les individus engag\u00e9s dans la construction d&rsquo;un site \u00e9l\u00e9mentor qui n\u00e9cessite l&rsquo;int\u00e9gration des capacit\u00e9s de recherche de pointe.<\/p>\n","protected":false},"featured_media":144271,"comment_status":"open","ping_status":"open","template":"","meta":[],"product_brand":[2576],"product_cat":[1189,1181,1186],"product_tag":[2329],"class_list":{"0":"post-133826","1":"product","2":"type-product","3":"status-publish","4":"has-post-thumbnail","6":"product_brand-crocoblock","7":"product_cat-personnalisation","8":"product_cat-plugins","9":"product_cat-wordpress-plugins","10":"product_tag-crocoblock","11":"member-discount","12":"discount-restricted","14":"first","15":"instock","16":"sale","17":"downloadable","18":"virtual","19":"sold-individually","20":"purchasable","21":"product-type-simple"},"_links":{"self":[{"href":"https:\/\/gpl-love.com\/fr\/wp-json\/wp\/v2\/product\/133826","targetHints":{"allow":["GET"]}}],"collection":[{"href":"https:\/\/gpl-love.com\/fr\/wp-json\/wp\/v2\/product"}],"about":[{"href":"https:\/\/gpl-love.com\/fr\/wp-json\/wp\/v2\/types\/product"}],"replies":[{"embeddable":true,"href":"https:\/\/gpl-love.com\/fr\/wp-json\/wp\/v2\/comments?post=133826"}],"wp:featuredmedia":[{"embeddable":true,"href":"https:\/\/gpl-love.com\/fr\/wp-json\/wp\/v2\/media\/144271"}],"wp:attachment":[{"href":"https:\/\/gpl-love.com\/fr\/wp-json\/wp\/v2\/media?parent=133826"}],"wp:term":[{"taxonomy":"product_brand","embeddable":true,"href":"https:\/\/gpl-love.com\/fr\/wp-json\/wp\/v2\/product_brand?post=133826"},{"taxonomy":"product_cat","embeddable":true,"href":"https:\/\/gpl-love.com\/fr\/wp-json\/wp\/v2\/product_cat?post=133826"},{"taxonomy":"product_tag","embeddable":true,"href":"https:\/\/gpl-love.com\/fr\/wp-json\/wp\/v2\/product_tag?post=133826"}],"curies":[{"name":"wp","href":"https:\/\/api.w.org\/{rel}","templated":true}]}}