{"id":133824,"date":"2026-05-05T00:00:00","date_gmt":"2026-05-04T22:00:00","guid":{"rendered":"https:\/\/gpl-love.com\/fr\/produit\/jet-search-for-elementor\/"},"modified":"2026-05-05T12:30:35","modified_gmt":"2026-05-05T10:30:35","slug":"jet-search-for-elementor","status":"publish","type":"product","link":"https:\/\/gpl-love.com\/fr\/produit\/jet-search-for-elementor\/","title":{"rendered":"Jet Search For Elementor 3.5.17.2"},"content":{"rendered":"<h3>Jet Search For Elementor Traits<\/h3>\n<p>Jet Search for Elementor est un plugin de recherche extr\u00eamement robuste, ce qui permet aux utilisateurs de rechercher sans effort tout contenu souhait\u00e9 sur leur site Web. Ce plugin remarquable poss\u00e8de une gamme diversifi\u00e9e de widgets de recherche personnalisables, de barres de recherche et de dispositions qui s&rsquo;int\u00e8grent de mani\u00e8re transparente dans n&rsquo;importe quelle page ou message. Notamment, Jet Search offre un niveau de flexibilit\u00e9 in\u00e9gal\u00e9 en permettant aux utilisateurs d&rsquo;affiner leurs r\u00e9sultats de recherche en fonction des cat\u00e9gories, des balises, des types de messages personnalis\u00e9s et m\u00eame des taxonomies personnalis\u00e9es. Pour am\u00e9liorer davantage la satisfaction des utilisateurs, ce plugin a \u00e9t\u00e9 m\u00e9ticuleusement optimis\u00e9 pour la vitesse et les performances, garantissant les r\u00e9sultats de recherche rapides. De plus, Jet Search s&rsquo;int\u00e8gre de mani\u00e8re transparente \u00e0 une large gamme de plugins et de th\u00e8mes tiers, solidant ainsi sa position de solution incroyablement polyvalente pour les sites Web de toutes sortes. En r\u00e9sum\u00e9, l&rsquo;indispensabilit\u00e9 de la recherche de jet pour Elementor ne peut pas \u00eatre surestim\u00e9e, car elle incarne la quintessence d&rsquo;une exp\u00e9rience de recherche sans faille pour les utilisateurs.<\/p>\n<ul>\n<li>Fonctionnalit\u00e9 de recherche puissante et efficace pour votre site Web Elementor<\/li>\n<li>Int\u00e9gration facile avec votre g\u00e9n\u00e9rateur de page Elementor<\/li>\n<li>Conception de barre de recherche personnalisable pour correspondre \u00e0 l&rsquo;esth\u00e9tique de votre site Web<\/li>\n<li>Plusieurs options de recherche, y compris les mots cl\u00e9s, la cat\u00e9gorie et le filtrage des balises<\/li>\n<li>R\u00e9sultats de recherche rapide et rapide avec une technologie aliment\u00e9e par Ajax<\/li>\n<li>Page de r\u00e9sultats de recherche conviviale avec une organisation claire et des options de tri<\/li>\n<li>Param\u00e8tres flexibles pour personnaliser le comportement de recherche et exclure certaines pages ou articles<\/li>\n<li>Compatible avec les plugins tiers populaires tels que WooCommerce et ACF<\/li>\n<li>Support expert et mises \u00e0 jour r\u00e9guli\u00e8res pour les performances et les fonctionnalit\u00e9s optimales.<\/li>\n<\/ul>\n","protected":false},"excerpt":{"rendered":"<p>Jet Search for Elementor est un plugin de recherche hautement sophistiqu\u00e9 qui offre aux utilisateurs une exp\u00e9rience de recherche am\u00e9lior\u00e9e sur les sites Web qui ont \u00e9t\u00e9 d\u00e9velopp\u00e9s \u00e0 l&rsquo;aide de Elementor. Ce plugin remarquable permet aux utilisateurs de naviguer sans effort et d&rsquo;explorer divers types de contenu, tels que les publications, les pages, les types de publication personnalis\u00e9s et les produits WooCommerce, gr\u00e2ce \u00e0 ses filtres robustes et \u00e0 la fonctionnalit\u00e9 de recherche en direct. Avec les capacit\u00e9s incroyables de la recherche de jets, les utilisateurs ont la possibilit\u00e9 d&rsquo;adapter leurs r\u00e9sultats de recherche en utilisant des mod\u00e8les pr\u00e9d\u00e9finis ou m\u00eame en cr\u00e9ant leurs propres mod\u00e8les personnalis\u00e9s qui se m\u00e9langent de mani\u00e8re transparente avec la conception globale de leur site Web. De plus, ce plugin exceptionnel int\u00e8gre \u00e9galement des suggestions de recherche, une entreprise automatique et des animations de recherche qui peuvent \u00eatre enti\u00e8rement personnalis\u00e9es pour augmenter davantage l&rsquo;exp\u00e9rience utilisateur globale. En substance, Jet Search for Elementor est un outil indispensable pour les sites Web visant \u00e0 am\u00e9liorer leurs capacit\u00e9s de recherche et sa convivialit\u00e9 globale.<\/p>\n","protected":false},"featured_media":144270,"comment_status":"open","ping_status":"open","template":"","meta":[],"product_brand":[2576],"product_cat":[1189,1181,1186],"product_tag":[2329],"class_list":{"0":"post-133824","1":"product","2":"type-product","3":"status-publish","4":"has-post-thumbnail","6":"product_brand-crocoblock","7":"product_cat-personnalisation","8":"product_cat-plugins","9":"product_cat-wordpress-plugins","10":"product_tag-crocoblock","11":"member-discount","12":"discount-restricted","14":"first","15":"instock","16":"sale","17":"downloadable","18":"virtual","19":"sold-individually","20":"purchasable","21":"product-type-simple"},"_links":{"self":[{"href":"https:\/\/gpl-love.com\/fr\/wp-json\/wp\/v2\/product\/133824","targetHints":{"allow":["GET"]}}],"collection":[{"href":"https:\/\/gpl-love.com\/fr\/wp-json\/wp\/v2\/product"}],"about":[{"href":"https:\/\/gpl-love.com\/fr\/wp-json\/wp\/v2\/types\/product"}],"replies":[{"embeddable":true,"href":"https:\/\/gpl-love.com\/fr\/wp-json\/wp\/v2\/comments?post=133824"}],"wp:featuredmedia":[{"embeddable":true,"href":"https:\/\/gpl-love.com\/fr\/wp-json\/wp\/v2\/media\/144270"}],"wp:attachment":[{"href":"https:\/\/gpl-love.com\/fr\/wp-json\/wp\/v2\/media?parent=133824"}],"wp:term":[{"taxonomy":"product_brand","embeddable":true,"href":"https:\/\/gpl-love.com\/fr\/wp-json\/wp\/v2\/product_brand?post=133824"},{"taxonomy":"product_cat","embeddable":true,"href":"https:\/\/gpl-love.com\/fr\/wp-json\/wp\/v2\/product_cat?post=133824"},{"taxonomy":"product_tag","embeddable":true,"href":"https:\/\/gpl-love.com\/fr\/wp-json\/wp\/v2\/product_tag?post=133824"}],"curies":[{"name":"wp","href":"https:\/\/api.w.org\/{rel}","templated":true}]}}