{"id":133822,"date":"2025-03-20T00:00:00","date_gmt":"2025-03-19T23:00:00","guid":{"rendered":"https:\/\/gpl-love.com\/fr\/produit\/jet-reviews-for-elementor\/"},"modified":"2026-03-20T23:20:52","modified_gmt":"2026-03-20T22:20:52","slug":"jet-reviews-for-elementor","status":"publish","type":"product","link":"https:\/\/gpl-love.com\/fr\/produit\/jet-reviews-for-elementor\/","title":{"rendered":"Jet Reviews For Elementor 3.0.0"},"content":{"rendered":"<h3>Jet Reviews For Elementor Traits<\/h3>\n<p>Les avis Jet pour Elementor sont un plugin extr\u00eamement puissant qui vous offre la possibilit\u00e9 de montrer des commentaires des clients sur votre site Web d&rsquo;une mani\u00e8re remarquablement professionnelle et visuellement captivante. Ce plugin propose un large \u00e9ventail de widgets personnalisables qui vous permettent d&rsquo;int\u00e9grer de mani\u00e8re transparente des critiques et des notes dans vos pages Web en utilisant le constructeur de page Elementor extr\u00eamement populaire. De plus, ce plugin vous accorde une myriade d&rsquo;options et de conceptions d&rsquo;affichage, vous donnant une autonomie compl\u00e8te sur l&rsquo;esth\u00e9tique et l&rsquo;ambiance de votre section Avis. De plus, il englobe des fonctionnalit\u00e9s avanc\u00e9es telles que le filtrage et le tri, facilitant ainsi les utilisateurs en d\u00e9couvrant sans effort les informations pertinentes qu&rsquo;ils recherchent. Dans l&rsquo;ensemble, les avis Jet pour Elementor sont un outil absolument indispensable pour toute entreprise en d\u00e9sirant pour cultiver la confiance parmi les clients potentiels et augmenter les taux de conversion.<\/p>\n<ul>\n<li>Un addon puissant pour le constructeur de page Elementor qui rationalise le processus d&rsquo;ajouter des avis \u00e0 votre site Web<\/li>\n<li>Utilise une interface conviviale et des mod\u00e8les personnalisables pour faciliter la pr\u00e9sentation des avis des clients et des clients<\/li>\n<li>Int\u00e9gre parfaitement avec d&rsquo;autres plugins \u00e0 jet pour encore plus de fonctionnalit\u00e9s<\/li>\n<li>Fonctionne les options de filtrage avanc\u00e9es et affiche les avis d&rsquo;une mani\u00e8re visuellement attrayante et engageante<\/li>\n<li>Incorporez facilement votre propre style de marque et votre esth\u00e9tique avec des options de couleurs personnalisables et des pr\u00e9r\u00e9glages de style multiple<\/li>\n<li>Compatible avec WooCommerce et plusieurs autres plugins WordPress populaires pour plus de polyvalence et de commodit\u00e9.<\/li>\n<\/ul>\n","protected":false},"excerpt":{"rendered":"<p>Les avis Jet pour Elementor sont un plugin WordPress extr\u00eamement robuste, r\u00e9put\u00e9 pour ses capacit\u00e9s exceptionnelles en int\u00e9grant de mani\u00e8re transparente des avis de produits \u00e9tonnants et largement personnalisables dans vos sites Web. Offrant une vaste gamme d&rsquo;\u00e9l\u00e9ments personnalisables et un assortiment impressionnant de param\u00e8tres, ce plugin vous permet de fa\u00e7onner sans effort visuellement captivant et remarquablement \u00e9clairant des critiques, augmentant ainsi consid\u00e9rablement la cr\u00e9dibilit\u00e9 globale de votre site Web et stimule efficacement les taux de conversion plus \u00e9lev\u00e9s. Il importe que vous soyez engag\u00e9 dans la vente de produits, de services ou de toute autre forme d&rsquo;offres en ligne, car les avis de r\u00e9action pour Elementor sert de suppl\u00e9mentation ultime qui augmentera ind\u00e9niablement votre site Web \u00e0 des sommets de succ\u00e8s sans pr\u00e9c\u00e9dent.<\/p>\n","protected":false},"featured_media":144269,"comment_status":"open","ping_status":"open","template":"","meta":[],"product_brand":[2576],"product_cat":[1189,1181,1186],"product_tag":[2329],"class_list":{"0":"post-133822","1":"product","2":"type-product","3":"status-publish","4":"has-post-thumbnail","6":"product_brand-crocoblock","7":"product_cat-personnalisation","8":"product_cat-plugins","9":"product_cat-wordpress-plugins","10":"product_tag-crocoblock","11":"member-discount","12":"discount-restricted","14":"first","15":"instock","16":"sale","17":"downloadable","18":"virtual","19":"sold-individually","20":"purchasable","21":"product-type-simple"},"_links":{"self":[{"href":"https:\/\/gpl-love.com\/fr\/wp-json\/wp\/v2\/product\/133822","targetHints":{"allow":["GET"]}}],"collection":[{"href":"https:\/\/gpl-love.com\/fr\/wp-json\/wp\/v2\/product"}],"about":[{"href":"https:\/\/gpl-love.com\/fr\/wp-json\/wp\/v2\/types\/product"}],"replies":[{"embeddable":true,"href":"https:\/\/gpl-love.com\/fr\/wp-json\/wp\/v2\/comments?post=133822"}],"wp:featuredmedia":[{"embeddable":true,"href":"https:\/\/gpl-love.com\/fr\/wp-json\/wp\/v2\/media\/144269"}],"wp:attachment":[{"href":"https:\/\/gpl-love.com\/fr\/wp-json\/wp\/v2\/media?parent=133822"}],"wp:term":[{"taxonomy":"product_brand","embeddable":true,"href":"https:\/\/gpl-love.com\/fr\/wp-json\/wp\/v2\/product_brand?post=133822"},{"taxonomy":"product_cat","embeddable":true,"href":"https:\/\/gpl-love.com\/fr\/wp-json\/wp\/v2\/product_cat?post=133822"},{"taxonomy":"product_tag","embeddable":true,"href":"https:\/\/gpl-love.com\/fr\/wp-json\/wp\/v2\/product_tag?post=133822"}],"curies":[{"name":"wp","href":"https:\/\/api.w.org\/{rel}","templated":true}]}}