{"id":133820,"date":"2026-03-02T00:00:00","date_gmt":"2026-03-01T23:00:00","guid":{"rendered":"https:\/\/gpl-love.com\/fr\/produit\/jet-product-gallery-for-elementor\/"},"modified":"2026-03-20T23:20:51","modified_gmt":"2026-03-20T22:20:51","slug":"jet-product-gallery-for-elementor","status":"publish","type":"product","link":"https:\/\/gpl-love.com\/fr\/produit\/jet-product-gallery-for-elementor\/","title":{"rendered":"Jet Product Gallery For Elementor 2.2.6"},"content":{"rendered":"<h3>Jet Product Gallery For Elementor Traits<\/h3>\n<p>La Jet Product Gallery for Elementor, un outil remarquablement puissant, offre \u00e0 ses utilisateurs la possibilit\u00e9 de fa\u00e7onner les galeries de produits frappantes pour leurs sites Web respectifs. B\u00e9n\u00e9ficiant d&rsquo;un \u00e9ventail d&rsquo;options de personnalisation, les individus peuvent montrer sans effort leur marchandise de mani\u00e8re esth\u00e9tique. Ce plugin, caract\u00e9ris\u00e9 par sa nature conviviale et sa compatibilit\u00e9 transparente avec Elementor, appara\u00eet comme une s\u00e9lection id\u00e9ale pour ceux qui recherchent une am\u00e9lioration de leur emporium num\u00e9rique. Que les produits en question soient des biens tangibles, du contenu num\u00e9rique t\u00e9l\u00e9chargeable ou des services, la galerie de produits Jet pour Elementor sert d&rsquo;instrument par excellence pour mener ses offres et s\u00e9duire une client\u00e8le plus grande. Embrassant une conception r\u00e9active, ces galeries de produits d\u00e9gagent une allure ind\u00e9niable sur un appareil donn\u00e9, garantissant ainsi que les clients naviguent et se procurent les articles souhait\u00e9s avec la plus grande commodit\u00e9.<\/p>\n<ul>\n<li>Affichez facilement de superbes galeries de produits sur n&rsquo;importe quel site Web construit avec Elementor<\/li>\n<li>Aucun codage n\u00e9cessaire &#8211; Installez simplement le plugin et personnalisez votre galerie avec l&rsquo;interface intuitive de glisser-d\u00e9poser d&rsquo;Elementor<\/li>\n<li>Choisissez parmi une vari\u00e9t\u00e9 de mod\u00e8les pr\u00e9d\u00e9finis ou concevez votre propre mise en page personnalis\u00e9e<\/li>\n<li>Cr\u00e9er des galeries avec des produits illimit\u00e9s et inclure des informations d\u00e9taill\u00e9es telles que les prix, les descriptions, et plus<\/li>\n<li>La conception tr\u00e8s r\u00e9active garantit que votre galerie a fi\u00e8re allure sur tous les appareils, des ordinateurs de bureau aux appareils mobiles<\/li>\n<li>Optimis\u00e9 pour les temps de chargement rapides, garantissant que vos visiteurs n&rsquo;ont pas \u00e0 attendre que vos produits se chargent<\/li>\n<li>Compatible avec WooCommerce, Shopify et de nombreuses autres plateformes de commerce \u00e9lectronique pour une int\u00e9gration facile<\/li>\n<li>Comprend des fonctionnalit\u00e9s avanc\u00e9es telles que la fonctionnalit\u00e9 Lightbox, les effets de survol et plus encore pour faire ressortir vos galeries<\/li>\n<li>Les mises \u00e0 jour r\u00e9guli\u00e8res et le support d\u00e9di\u00e9 garantissent que votre galerie reste \u00e0 jour et fonctionne bien<\/li>\n<\/ul>\n","protected":false},"excerpt":{"rendered":"<p>La galerie de produits Jet pour Elementor est un outil incroyablement robuste et efficace qui a \u00e9t\u00e9 m\u00e9ticuleusement con\u00e7u avec l&rsquo;intention explicite de vous aider \u00e0 pr\u00e9senter vos produits d&rsquo;une mani\u00e8re \u00e0 couper le souffle et captivante. Compl\u00e8tement convivial et poss\u00e9dant un \u00e9ventail de fonctionnalit\u00e9s avanc\u00e9es, ce plugin particulier vous permet de fabriquer des galeries de produits \u00e9poustouflantes et r\u00e9actives de la plus grande qualit\u00e9, captivant et captivant ainsi votre public sans effort. Vous avez la possibilit\u00e9 de s\u00e9lectionner dans un \u00e9ventail diversifi\u00e9 de styles de galerie, de la grille, du carrousel et des dispositions de ma\u00e7onnerie, en plus de pouvoir personnaliser librement un assortiment d&rsquo;\u00e9l\u00e9ments de conception, tels que les couleurs, la typographie, etc. avec votre identit\u00e9 de marque. La galerie de produits Jet pour Elementor est ind\u00e9niablement votre passerelle vers une croissance exponentielle, propulsant votre boutique en ligne \u00e0 des sommets auparavant inaccessibles.<\/p>\n","protected":false},"featured_media":144268,"comment_status":"open","ping_status":"open","template":"","meta":[],"product_brand":[2576],"product_cat":[1189,1181,1186],"product_tag":[2329],"class_list":{"0":"post-133820","1":"product","2":"type-product","3":"status-publish","4":"has-post-thumbnail","6":"product_brand-crocoblock","7":"product_cat-personnalisation","8":"product_cat-plugins","9":"product_cat-wordpress-plugins","10":"product_tag-crocoblock","11":"member-discount","12":"discount-restricted","14":"first","15":"instock","16":"sale","17":"downloadable","18":"virtual","19":"sold-individually","20":"purchasable","21":"product-type-simple"},"_links":{"self":[{"href":"https:\/\/gpl-love.com\/fr\/wp-json\/wp\/v2\/product\/133820","targetHints":{"allow":["GET"]}}],"collection":[{"href":"https:\/\/gpl-love.com\/fr\/wp-json\/wp\/v2\/product"}],"about":[{"href":"https:\/\/gpl-love.com\/fr\/wp-json\/wp\/v2\/types\/product"}],"replies":[{"embeddable":true,"href":"https:\/\/gpl-love.com\/fr\/wp-json\/wp\/v2\/comments?post=133820"}],"wp:featuredmedia":[{"embeddable":true,"href":"https:\/\/gpl-love.com\/fr\/wp-json\/wp\/v2\/media\/144268"}],"wp:attachment":[{"href":"https:\/\/gpl-love.com\/fr\/wp-json\/wp\/v2\/media?parent=133820"}],"wp:term":[{"taxonomy":"product_brand","embeddable":true,"href":"https:\/\/gpl-love.com\/fr\/wp-json\/wp\/v2\/product_brand?post=133820"},{"taxonomy":"product_cat","embeddable":true,"href":"https:\/\/gpl-love.com\/fr\/wp-json\/wp\/v2\/product_cat?post=133820"},{"taxonomy":"product_tag","embeddable":true,"href":"https:\/\/gpl-love.com\/fr\/wp-json\/wp\/v2\/product_tag?post=133820"}],"curies":[{"name":"wp","href":"https:\/\/api.w.org\/{rel}","templated":true}]}}