{"id":133818,"date":"2026-02-18T00:00:00","date_gmt":"2026-02-17T23:00:00","guid":{"rendered":"https:\/\/gpl-love.com\/fr\/produit\/jet-popup-for-elementor\/"},"modified":"2026-04-07T00:31:12","modified_gmt":"2026-04-06T22:31:12","slug":"jet-popup-for-elementor","status":"publish","type":"product","link":"https:\/\/gpl-love.com\/fr\/produit\/jet-popup-for-elementor\/","title":{"rendered":"Jet Popup For Elementor 2.1.0"},"content":{"rendered":"<h3>Jet Popup For Elementor Traits<\/h3>\n<p>Jet Popup pour Elementor est un plugin incroyablement robuste qui vous accorde la possibilit\u00e9 de fabriquer des fen\u00eatres populaires visuellement captivantes pour votre site Web propuls\u00e9 par Elementor. \u00c9quip\u00e9e d&rsquo;une interface intuitive et d&rsquo;une gamme de fonctionnalit\u00e9s personnalisables, ce plugin vous permet de fa\u00e7onner des popups qui sont uniquement adapt\u00e9s \u00e0 votre marque, captivant finalement l&rsquo;attention de vos visiteurs estim\u00e9s. Que votre objectif soit de publier un nouveau produit, de prolonger une remise tentante ou d&rsquo;obtenir des adresses e-mail, la popup jet pour Elementor vous offre les outils n\u00e9cessaires pour fabriquer des popups tr\u00e8s efficaces. De plus, ce plugin exceptionnel poss\u00e8de une vaste gamme d&rsquo;options de d\u00e9clenchement, englobant l&rsquo;intention de clics, de d\u00e9filement et de sortie, en s&rsquo;assurant que vos fen\u00eatres contextuelles sont affich\u00e9es pr\u00e9cis\u00e9ment au moment opportun. En tirant parti des capacit\u00e9s in\u00e9gal\u00e9es de la popup jet, vous pouvez \u00e9lever votre site Web Elementor \u00e0 des hauteurs sans pr\u00e9c\u00e9dent en livrant des popups \u00e0 couper le souffle qui engagent activement vos visiteurs et conduisent des conversions.<\/p>\n<ul>\n<li>Permet aux utilisateurs de cr\u00e9er facilement des fen\u00eatres populaires personnalisables sur leurs sites Web Elementor<\/li>\n<li>Compatible avec tous les widgets Elementor et fonctionne avec n&rsquo;importe quel th\u00e8me WordPress<\/li>\n<li>Offre plusieurs options de conception, notamment diff\u00e9rentes tailles, formes et couleurs d&rsquo;arri\u00e8re-plan<\/li>\n<li>Comprend une vari\u00e9t\u00e9 de d\u00e9clencheurs tels que le retard, le pourcentage de d\u00e9filement et le mouvement de la souris<\/li>\n<li>Fournit des options de contexte cibl\u00e9es pour des pages ou des utilisateurs sp\u00e9cifiques en fonction du comportement et de l&#8217;emplacement<\/li>\n<li>Prend en charge les tests A \/ B pour analyser l&rsquo;efficacit\u00e9 des diff\u00e9rentes conceptions et d\u00e9clencheurs de popup<\/li>\n<li>Facile \u00e0 utiliser et \u00e0 configurer avec une interface conviviale et des mod\u00e8les pr\u00e9-con\u00e7us<\/li>\n<li>Fournit des analyses d\u00e9taill\u00e9es et des rapports sur les performances de la fen\u00eatre contextuelle et les taux de conversion<\/li>\n<li>La conception r\u00e9active garantit que les popups fonctionnent de mani\u00e8re transparente sur tous les appareils, y compris le mobile<\/li>\n<li>Offre des fonctionnalit\u00e9s avanc\u00e9es pour les utilisateurs de puissances tels que les options CSS et JavaScript personnalis\u00e9es.<\/li>\n<\/ul>\n","protected":false},"excerpt":{"rendered":"<p>La popup \u00e0 r\u00e9action pour Elementor est un plugin extr\u00eamement robuste qui vous pr\u00e9sente la possibilit\u00e9 de fabriquer sans effort des fen\u00eatres populaires captivantes pour votre site Web gr\u00e2ce \u00e0 l&rsquo;utilisation du constructeur de page Elementor immens\u00e9ment populaire. Au moyen de la popup jet, vous poss\u00e9dez la capacit\u00e9 de construire rapidement et sans effort un assortiment de fen\u00eatres contextuelles, englobant des formulaires d&rsquo;opt-in, des annonces, des promotions et une myriade d&rsquo;autres possibilit\u00e9s, le tout sans n\u00e9cessiter de ma\u00eetrise du codage. Le plugin fournit une vaste gamme de mod\u00e8les et d&rsquo;alternatives de style, vous permettant de personnaliser vos fen\u00eatres contextuelles pour s&rsquo;aligner impeccablement sur l&rsquo;esth\u00e9tique visuelle de votre site Web. De plus, vous avez la libert\u00e9 de choisir parmi un assortiment de d\u00e9clencheurs contextuels et de r\u00e9glementations d&rsquo;affichage pour garantir que vos fen\u00eatres popupales \u00e9mergent \u00e0 des moments opportuns et dans des endroits saillants. Avec l&rsquo;aide de Jet Popup pour Elementor, l&rsquo;augmentation des taux de conversion de votre site Web et l&rsquo;engagement de vos visiteurs seront adopt\u00e9s \u00e0 des sommets sans pr\u00e9c\u00e9dent.<\/p>\n","protected":false},"featured_media":144267,"comment_status":"open","ping_status":"open","template":"","meta":[],"product_brand":[2576],"product_cat":[1207,1181,1186],"product_tag":[2329],"class_list":{"0":"post-133818","1":"product","2":"type-product","3":"status-publish","4":"has-post-thumbnail","6":"product_brand-crocoblock","7":"product_cat-commercialisation-wordpress-plugins","8":"product_cat-plugins","9":"product_cat-wordpress-plugins","10":"product_tag-crocoblock","11":"member-discount","12":"discount-restricted","14":"first","15":"instock","16":"sale","17":"downloadable","18":"virtual","19":"sold-individually","20":"purchasable","21":"product-type-simple"},"_links":{"self":[{"href":"https:\/\/gpl-love.com\/fr\/wp-json\/wp\/v2\/product\/133818","targetHints":{"allow":["GET"]}}],"collection":[{"href":"https:\/\/gpl-love.com\/fr\/wp-json\/wp\/v2\/product"}],"about":[{"href":"https:\/\/gpl-love.com\/fr\/wp-json\/wp\/v2\/types\/product"}],"replies":[{"embeddable":true,"href":"https:\/\/gpl-love.com\/fr\/wp-json\/wp\/v2\/comments?post=133818"}],"wp:featuredmedia":[{"embeddable":true,"href":"https:\/\/gpl-love.com\/fr\/wp-json\/wp\/v2\/media\/144267"}],"wp:attachment":[{"href":"https:\/\/gpl-love.com\/fr\/wp-json\/wp\/v2\/media?parent=133818"}],"wp:term":[{"taxonomy":"product_brand","embeddable":true,"href":"https:\/\/gpl-love.com\/fr\/wp-json\/wp\/v2\/product_brand?post=133818"},{"taxonomy":"product_cat","embeddable":true,"href":"https:\/\/gpl-love.com\/fr\/wp-json\/wp\/v2\/product_cat?post=133818"},{"taxonomy":"product_tag","embeddable":true,"href":"https:\/\/gpl-love.com\/fr\/wp-json\/wp\/v2\/product_tag?post=133818"}],"curies":[{"name":"wp","href":"https:\/\/api.w.org\/{rel}","templated":true}]}}