{"id":133452,"date":"2025-08-09T00:00:00","date_gmt":"2025-08-08T22:00:00","guid":{"rendered":"https:\/\/gpl-love.com\/fr\/produit\/mycred-time-based-reward\/"},"modified":"2026-03-20T23:57:43","modified_gmt":"2026-03-20T22:57:43","slug":"mycred-time-based-reward","status":"publish","type":"product","link":"https:\/\/gpl-love.com\/fr\/produit\/mycred-time-based-reward\/","title":{"rendered":"myCred Time Based Reward 1.0.2"},"content":{"rendered":"<h3>myCred Time Based Reward Traits<\/h3>\n<p>\u00cates-vous \u00e0 la recherche d&rsquo;une m\u00e9thode efficace pour maintenir l&rsquo;engagement et la r\u00e9tention des utilisateurs de votre site Web? Vous visez-vous \u00e0 vous assurer que vos utilisateurs se sentent valoris\u00e9s et pouss\u00e9s \u00e0 rester actifs sur votre site? Si tel est le cas, alors la magnifique r\u00e9compense du temps MyCred est pr\u00e9cis\u00e9ment la solution que vous recherchez!<\/p>\n<p>La r\u00e9compense MyCred Time-Based sert d&rsquo;outil influent qui vous permet de inciter vos utilisateurs \u00e0 maintenir leur engagement avec votre site Web au fil du temps. En utilisant cet outil, vous pouvez fournir sans effort des r\u00e9compenses \u00e0 vos utilisateurs en fonction de la dur\u00e9e de leur activit\u00e9 sur votre site. Par cons\u00e9quent, plus vos utilisateurs restent actifs, plus ils doivent acqu\u00e9rir des r\u00e9compenses.<\/p>\n<p>Ce qui distingue vraiment MyCred comme une solution exceptionnelle, c&rsquo;est sa flexibilit\u00e9 remarquable. Vous avez la capacit\u00e9 de personnaliser de mani\u00e8re transparente la fonction de r\u00e9compense bas\u00e9e sur le temps en fonction de vos exigences et objectifs uniques. Que vous souhaitiez stimuler les utilisateurs \u00e0 visiter votre site plus fr\u00e9quemment ou \u00e0 \u00e9tablir une base d&rsquo;utilisateurs d\u00e9vou\u00e9e et durable, MyCred vous a couvert.<\/p>\n<p>La fonction de r\u00e9compense bas\u00e9e sur le temps est exceptionnellement conviviale et g\u00e9rable. Vous poss\u00e9dez la libert\u00e9 de s\u00e9lectionner les r\u00e9compenses que vous souhaitez offrir, de d\u00e9finir les seuils de dur\u00e9e qui d\u00e9clenchent ces r\u00e9compenses et de surveiller l&rsquo;activit\u00e9 et les r\u00e9compenses de vos utilisateurs en temps r\u00e9el. De plus, les formidables options de personnalisation de MyCred vous permettent d&rsquo;adapter vos r\u00e9compenses pour vous aligner sur votre image de marque et votre messagerie.<\/p>\n<p>Avec MyCred \u00e0 votre disposition, vous pouvez \u00eatre convaincu que vos utilisateurs se sentiront reconnus et motiv\u00e9s pour maintenir leur activit\u00e9 sur votre site. Par cons\u00e9quent, cela entra\u00eenera non seulement une augmentation de l&rsquo;engagement et de la loyaut\u00e9, mais entra\u00eenera \u00e9galement des conversions amplifi\u00e9es, des ventes et des revenus globaux.<\/p>\n<p>Alors pourquoi en tarder davantage? Faites le pas et inscrivez-vous \u00e0 MyCred aujourd&rsquo;hui pour commencer \u00e0 r\u00e9compenser vos utilisateurs pour leur temps et leur d\u00e9vouement in\u00e9branlable. En tirant parti de la fonction de r\u00e9compense extraordinaire bas\u00e9e sur le temps de MyCred, vous poss\u00e9derez tous les outils n\u00e9cessaires pour favoriser l&rsquo;engagement continu, la motivation et le retour de vos utilisateurs!<\/p>\n<ul>\n<li>La r\u00e9compense MyCred Time-Based aide \u00e0 inciter l&rsquo;engagement des utilisateurs sur les sites Web<\/li>\n<li>Offre des r\u00e9compenses aux utilisateurs en fonction de la dur\u00e9e de l&rsquo;activit\u00e9 sur place<\/li>\n<li>Personnalisable pour r\u00e9pondre aux besoins et aux objectifs sp\u00e9cifiques<\/li>\n<li>Facile \u00e0 configurer et \u00e0 g\u00e9rer avec un suivi en temps r\u00e9el<\/li>\n<li>Augmente la fid\u00e9lit\u00e9 et l&rsquo;engagement des utilisateurs, conduisant \u00e0 des conversions, des ventes et des revenus accrus<\/li>\n<li>Inscrivez-vous \u00e0 MyCred aujourd&rsquo;hui pour commencer les utilisateurs enrichissants<\/li>\n<\/ul>\n","protected":false},"excerpt":{"rendered":"<p>La r\u00e9compense MyCred Time-Based est un outil incroyablement robuste et efficace qui offre aux propri\u00e9taires de sites Web la possibilit\u00e9 d&rsquo;inciter g\u00e9n\u00e9reusement et de reconna\u00eetre leurs utilisateurs pour leur engagement et leur implication in\u00e9branlables sur leurs plateformes respectives. En mettant en \u0153uvre MYCRED, les propri\u00e9taires de sites Web peuvent r\u00e9ussir \u00e0 motiver et \u00e0 encourager les utilisateurs \u00e0 participer activement et coh\u00e9rente sur leurs sites, car ils seront r\u00e9compens\u00e9s par des incitations et des avantages progressivement accumul\u00e9s qui sont proportionn\u00e9s \u00e0 la dur\u00e9e et \u00e0 l&rsquo;\u00e9tendue de leur implication. Qu&rsquo;un individu s&rsquo;efforce de favoriser une plus grande fr\u00e9quence de visites ou de viser \u00e0 cultiver une communaut\u00e9 d&rsquo;utilisateurs constante et fid\u00e8le, la r\u00e9compense de Mycred bas\u00e9e sur le temps sert sans aucun doute de solution id\u00e9ale et in\u00e9gal\u00e9e pour tout propri\u00e9taire de site Web. Par cons\u00e9quent, pourquoi tergiverser plus longtemps? Ne perdez pas de temps et saisissez cette opportunit\u00e9 remarquable en vous inscrivant aujourd&rsquo;hui, car vous pourrez non seulement reconna\u00eetre et appr\u00e9cier efficacement l&rsquo;investissement par vos utilisateurs de leur temps pr\u00e9cieux et de leur d\u00e9vouement in\u00e9branlable, mais aussi de favoriser une connexion forte et durable et des relations avec eux.<\/p>\n","protected":false},"featured_media":146678,"comment_status":"open","ping_status":"open","template":"","meta":[],"product_brand":[2599],"product_cat":[1189,1181,1186],"product_tag":[2238],"class_list":{"0":"post-133452","1":"product","2":"type-product","3":"status-publish","4":"has-post-thumbnail","6":"product_brand-mycred","7":"product_cat-personnalisation","8":"product_cat-plugins","9":"product_cat-wordpress-plugins","10":"product_tag-mycred","11":"member-discount","12":"discount-restricted","14":"first","15":"instock","16":"sale","17":"downloadable","18":"virtual","19":"sold-individually","20":"purchasable","21":"product-type-simple"},"_links":{"self":[{"href":"https:\/\/gpl-love.com\/fr\/wp-json\/wp\/v2\/product\/133452","targetHints":{"allow":["GET"]}}],"collection":[{"href":"https:\/\/gpl-love.com\/fr\/wp-json\/wp\/v2\/product"}],"about":[{"href":"https:\/\/gpl-love.com\/fr\/wp-json\/wp\/v2\/types\/product"}],"replies":[{"embeddable":true,"href":"https:\/\/gpl-love.com\/fr\/wp-json\/wp\/v2\/comments?post=133452"}],"wp:featuredmedia":[{"embeddable":true,"href":"https:\/\/gpl-love.com\/fr\/wp-json\/wp\/v2\/media\/146678"}],"wp:attachment":[{"href":"https:\/\/gpl-love.com\/fr\/wp-json\/wp\/v2\/media?parent=133452"}],"wp:term":[{"taxonomy":"product_brand","embeddable":true,"href":"https:\/\/gpl-love.com\/fr\/wp-json\/wp\/v2\/product_brand?post=133452"},{"taxonomy":"product_cat","embeddable":true,"href":"https:\/\/gpl-love.com\/fr\/wp-json\/wp\/v2\/product_cat?post=133452"},{"taxonomy":"product_tag","embeddable":true,"href":"https:\/\/gpl-love.com\/fr\/wp-json\/wp\/v2\/product_tag?post=133452"}],"curies":[{"name":"wp","href":"https:\/\/api.w.org\/{rel}","templated":true}]}}