{"id":133451,"date":"2025-08-09T00:00:00","date_gmt":"2025-08-08T22:00:00","guid":{"rendered":"https:\/\/gpl-love.com\/fr\/produit\/mycred-birthday-plus\/"},"modified":"2026-03-20T23:57:42","modified_gmt":"2026-03-20T22:57:42","slug":"mycred-birthday-plus","status":"publish","type":"product","link":"https:\/\/gpl-love.com\/fr\/produit\/mycred-birthday-plus\/","title":{"rendered":"myCred Birthday Plus 1.0.4"},"content":{"rendered":"<h3>myCred Birthday Plus Traits<\/h3>\n<p>Le plugin MyCred Birthday Plus est un plugin WordPress exceptionnel et riche en fonctionnalit\u00e9s sp\u00e9cialement con\u00e7u pour les entreprises et les propri\u00e9taires de sites Web qui souhaitent comm\u00e9morer les anniversaires de leurs utilisateurs de mani\u00e8re distincte et extraordinaire. Il fournit une gamme robuste d&rsquo;outils et de fonctionnalit\u00e9s qui vous permettent de cr\u00e9er des campagnes d&rsquo;anniversaire hautement personnalis\u00e9es adapt\u00e9es \u00e0 votre public, facilitant ainsi l&rsquo;engagement, la fid\u00e9lit\u00e9 et les ventes accrus.<\/p>\n<p>Au c\u0153ur du plugin MyCred Birthday Plus se trouve un puissant syst\u00e8me de r\u00e9compenses, vous permettant d&rsquo;offrir des r\u00e9compenses personnalis\u00e9es \u00e0 vos utilisateurs lors de leur journ\u00e9e sp\u00e9ciale. Vous avez la possibilit\u00e9 de cr\u00e9er une gamme diversifi\u00e9e de r\u00e9compenses et d&rsquo;avantages, y compris des remises exclusives, des cadeaux compl\u00e9mentaires, des points bonus, et plus encore, tous adapt\u00e9s \u00e0 l&rsquo;alignement avec les objectifs de votre entreprise et les int\u00e9r\u00eats de vos utilisateurs.<\/p>\n<p>Parmi les fonctionnalit\u00e9s remarquables de ce plugin figure la capacit\u00e9 de configurer des mod\u00e8les de messagerie personnalis\u00e9s qui sont automatiquement envoy\u00e9s \u00e0 vos utilisateurs lors de leurs anniversaires. Cette fonctionnalit\u00e9 vous permet d&rsquo;\u00e9laborer des messages convaincants et personnalis\u00e9s qui r\u00e9sonnent directement avec vos utilisateurs, favorisant une connexion plus profonde et plus significative avec eux.<\/p>\n<p>Cependant, le plugin MyCred Birthday Plus va au-del\u00e0 en offrant une pl\u00e9thore d&rsquo;options de personnalisation, vous permettant de cr\u00e9er des campagnes qui s&rsquo;alignent de mani\u00e8re transparente avec votre marque et votre identit\u00e9 visuelle. Que vous optiez pour des mod\u00e8les pr\u00e9-construits ou que vous optiez de concevoir vos propres dispositions personnalis\u00e9es, vous pouvez vous assurer que vos campagnes poss\u00e8dent une apparence distincte et unique qui est synonyme de votre entreprise.<\/p>\n<p>En r\u00e9sum\u00e9, MyCred Birthday Plus est un plugin exceptionnellement polyvalent et puissant qui offre une abondance d&rsquo;avantages et de r\u00e9compenses, facilitant ainsi la cr\u00e9ation d&rsquo;une exp\u00e9rience utilisateur m\u00e9morable et captivante. Si vous cherchez un moyen de c\u00e9l\u00e9brer les anniversaires de vos utilisateurs d&rsquo;une mani\u00e8re distincte et extraordinaire, ce plugin est la solution id\u00e9ale pour vous.<\/p>\n<ul>\n<li>MyCred Birthday Plus est un plugin WordPress con\u00e7u pour les entreprises et les propri\u00e9taires de sites Web \u00e0 la recherche de moyens uniques pour c\u00e9l\u00e9brer les anniversaires des utilisateurs.<\/li>\n<li>Le plugin propose une gamme d&rsquo;outils et de fonctionnalit\u00e9s pour cr\u00e9er des campagnes d&rsquo;anniversaire hautement personnalis\u00e9es et stimuler l&rsquo;engagement, la loyaut\u00e9 et les ventes.<\/li>\n<li>Un puissant syst\u00e8me de r\u00e9compenses permet des r\u00e9compenses personnalis\u00e9es comme des remises, des cadeaux gratuits et des points bonus.<\/li>\n<li>Les mod\u00e8les de messagerie personnalis\u00e9s sont envoy\u00e9s aux utilisateurs le jour de leur anniversaire pour \u00e9tablir une connexion plus profonde.<\/li>\n<li>Les options de personnalisation garantissent que les campagnes s&rsquo;adaptent \u00e0 la marque et au style visuel de mani\u00e8re transparente.<\/li>\n<li>MyCred Birthday Plus est polyvalent, puissant et offre une exp\u00e9rience utilisateur m\u00e9morable et engageante.<\/li>\n<\/ul>\n","protected":false},"excerpt":{"rendered":"<p>MyCred Birthday Plus, un plugin WordPress robuste, pr\u00e9sente les propri\u00e9taires de sites Web dans la possibilit\u00e9 de comm\u00e9morer les anniversaires de leurs utilisateurs par le biais de r\u00e9compenses et de privil\u00e8ges distinctifs. En utilisant ce plugin, vous \u00eates capable de mener sans effort des campagnes d&rsquo;anniversaire, de configurer des mod\u00e8les de messagerie personnalis\u00e9s, ainsi que de donner des r\u00e9compenses exclusives bas\u00e9es sur un syst\u00e8me de points \u00e0 votre public d\u00e9di\u00e9. Que votre intention soit de diffuser des remises \u00e0 dur\u00e9e limit\u00e9e ou de distribuer des offres gratuites, MyCred Birthday Plus sert de catalyseur pour fabriquer une exp\u00e9rience utilisateur inoubliable et immersive qui cultive une d\u00e9votion in\u00e9branlable envers votre marque et \u00e9l\u00e8ve simultan\u00e9ment vos chiffres de vente.<\/p>\n","protected":false},"featured_media":146677,"comment_status":"open","ping_status":"open","template":"","meta":[],"product_brand":[2599],"product_cat":[1189,1181,1186],"product_tag":[2238],"class_list":{"0":"post-133451","1":"product","2":"type-product","3":"status-publish","4":"has-post-thumbnail","6":"product_brand-mycred","7":"product_cat-personnalisation","8":"product_cat-plugins","9":"product_cat-wordpress-plugins","10":"product_tag-mycred","11":"member-discount","12":"discount-restricted","14":"first","15":"instock","16":"sale","17":"downloadable","18":"virtual","19":"sold-individually","20":"purchasable","21":"product-type-simple"},"_links":{"self":[{"href":"https:\/\/gpl-love.com\/fr\/wp-json\/wp\/v2\/product\/133451","targetHints":{"allow":["GET"]}}],"collection":[{"href":"https:\/\/gpl-love.com\/fr\/wp-json\/wp\/v2\/product"}],"about":[{"href":"https:\/\/gpl-love.com\/fr\/wp-json\/wp\/v2\/types\/product"}],"replies":[{"embeddable":true,"href":"https:\/\/gpl-love.com\/fr\/wp-json\/wp\/v2\/comments?post=133451"}],"wp:featuredmedia":[{"embeddable":true,"href":"https:\/\/gpl-love.com\/fr\/wp-json\/wp\/v2\/media\/146677"}],"wp:attachment":[{"href":"https:\/\/gpl-love.com\/fr\/wp-json\/wp\/v2\/media?parent=133451"}],"wp:term":[{"taxonomy":"product_brand","embeddable":true,"href":"https:\/\/gpl-love.com\/fr\/wp-json\/wp\/v2\/product_brand?post=133451"},{"taxonomy":"product_cat","embeddable":true,"href":"https:\/\/gpl-love.com\/fr\/wp-json\/wp\/v2\/product_cat?post=133451"},{"taxonomy":"product_tag","embeddable":true,"href":"https:\/\/gpl-love.com\/fr\/wp-json\/wp\/v2\/product_tag?post=133451"}],"curies":[{"name":"wp","href":"https:\/\/api.w.org\/{rel}","templated":true}]}}