{"id":133450,"date":"2025-08-09T00:00:00","date_gmt":"2025-08-08T22:00:00","guid":{"rendered":"https:\/\/gpl-love.com\/fr\/produit\/mycred-pending-points\/"},"modified":"2026-03-20T23:57:41","modified_gmt":"2026-03-20T22:57:41","slug":"mycred-pending-points","status":"publish","type":"product","link":"https:\/\/gpl-love.com\/fr\/produit\/mycred-pending-points\/","title":{"rendered":"myCred Pending Points 1.0.3"},"content":{"rendered":"<h3>myCred Pending Points Traits<\/h3>\n<p>La fonctionnalit\u00e9 des points en attente de MyCred, qui incite les utilisateurs \u00e0 s&rsquo;engager avec une plate-forme, a \u00e9t\u00e9 ing\u00e9nieusement con\u00e7ue pour offrir un syst\u00e8me de r\u00e9compense distinctif qui permet aux utilisateurs de gagner des points pour des actions sp\u00e9cifiques. Ces points gagn\u00e9s peuvent ensuite \u00eatre utilis\u00e9s pour d\u00e9bloquer une vari\u00e9t\u00e9 de r\u00e9compenses, de badges ou d&rsquo;autres incitations attrayantes fournies par l&rsquo;administrateur du site.<\/p>\n<p>La fonctionnalit\u00e9 des points en attente de MyCred, d\u00e9velopp\u00e9e dans le seul but de inciter les comportements utilisateur souhait\u00e9s sur un site Web, r\u00e9compense efficacement les utilisateurs pour s&rsquo;engager dans des activit\u00e9s telles que la cr\u00e9ation de contenu, le partage de contenu, la participation aux discussions, l&rsquo;ach\u00e8vement des quiz ou des enqu\u00eates, et de nombreuses autres actions vis\u00e9es par destin\u00e9es \u00e0 favoriser l&rsquo;engagement. Au fur et \u00e0 mesure que les utilisateurs accumulent des points, ils sont initialement marqu\u00e9s comme \u00ab\u00a0en attente\u00a0\u00bb jusqu&rsquo;\u00e0 ce qu&rsquo;ils re\u00e7oivent l&rsquo;approbation de l&rsquo;administrateur du site et sont ensuite ajout\u00e9s au solde du compte de l&rsquo;utilisateur.<\/p>\n<p>Un aspect particuli\u00e8rement intrigant de cette fonctionnalit\u00e9 est le fait qu&rsquo;il offre aux utilisateurs des commentaires imm\u00e9diats sur leurs performances, leur permettant d&rsquo;\u00e9valuer leurs progr\u00e8s en temps r\u00e9el. Les utilisateurs ont la possibilit\u00e9 de visualiser leurs points en attente, leur permettant de suivre leur avancement et de recevoir une gratification instantan\u00e9e pour leurs efforts. Cette gratification instantan\u00e9e peut s&rsquo;av\u00e9rer \u00eatre un motivateur incroyablement puissant, favorisant un fort d\u00e9sir au sein des utilisateurs de continuer \u00e0 revenir sur la plate-forme.<\/p>\n<p>De plus, la fonctionnalit\u00e9 des points en attente de MyCred est notamment conviviale et configurable sans effort. Les administrateurs de sites ont la flexibilit\u00e9 de personnaliser les points allou\u00e9s pour chaque action, ainsi que pour \u00e9tablir un syst\u00e8me de badges ou de troph\u00e9es qui servent d&rsquo;incitations suppl\u00e9mentaires, le tout dans un effort pour motiver davantage les utilisateurs \u00e0 participer activement. Telle est l&rsquo;efficacit\u00e9 de la caract\u00e9ristique des points en attente de MyCred que de nombreuses plateformes en ligne ont commenc\u00e9 \u00e0 l&rsquo;int\u00e9grer dans leurs strat\u00e9gies de gamification, cultivant ainsi l&rsquo;engagement et cr\u00e9ant une exp\u00e9rience en ligne captivante et interactive pour leurs utilisateurs.<\/p>\n<p>En conclusion, la fonctionnalit\u00e9 des points en attente MYCRED est un outil exceptionnel pour toute plate-forme en ligne cherchant \u00e0 inciter l&rsquo;engagement des utilisateurs et \u00e0 encourager les comportements souhait\u00e9s de leurs utilisateurs. Avec la mise en \u0153uvre de cette fonctionnalit\u00e9, les utilisateurs sont garantis une exp\u00e9rience en ligne plus immersive et interactive, tandis que les administrateurs de sites obtiennent un outil pr\u00e9cieux pour attirer plus d&rsquo;utilisateurs et am\u00e9liorer l&rsquo;engagement global.<\/p>\n<ul>\n<li>Les points en attente de MyCred sont un syst\u00e8me de r\u00e9compense unique qui motive les utilisateurs \u00e0 s&rsquo;engager avec une plate-forme en gagnant des points pour certaines actions.<\/li>\n<li>Cette fonctionnalit\u00e9 incite les comportements souhait\u00e9s sur un site Web, tels que la cr\u00e9ation et le partage de contenu, la participation \u00e0 des discussions et la prise de quiz ou des enqu\u00eates.<\/li>\n<li>Les utilisateurs accumulent des points qui sont marqu\u00e9s comme \u00ab\u00a0en attente\u00a0\u00bb jusqu&rsquo;\u00e0 ce qu&rsquo;ils soient approuv\u00e9s par l&rsquo;administrateur du site et ajout\u00e9s au solde de leur compte.<\/li>\n<li>Les utilisateurs peuvent visualiser leurs points en attente et suivre leurs progr\u00e8s en temps r\u00e9el, offrant des commentaires imm\u00e9diats et des gratifications.<\/li>\n<li>Les administrateurs du site peuvent personnaliser les points attribu\u00e9s pour chaque action et configurer un syst\u00e8me de badges ou de troph\u00e9es pour motiver encore plus les utilisateurs.<\/li>\n<li>Les points en attente de MyCred sont un outil efficace pour les strat\u00e9gies de gamification qui cr\u00e9ent l&rsquo;engagement et cr\u00e9ent une exp\u00e9rience en ligne amusante et interactive pour les utilisateurs.<\/li>\n<li>Cette fonctionnalit\u00e9 est facile \u00e0 utiliser et \u00e0 configurer, ce qui en fait un excellent outil pour toute plate-forme en ligne qui cherche \u00e0 inciter l&rsquo;engagement des utilisateurs et \u00e0 encourager le comportement souhait\u00e9.<\/li>\n<\/ul>\n","protected":false},"excerpt":{"rendered":"<p>La fonctionnalit\u00e9 des points en attente MYCRED sert de m\u00e9canisme \u00e0 r\u00e9compenser les r\u00e9compenses sous la forme de points \u00e0 travers des actions sp\u00e9cifiques, telles que la cr\u00e9ation de contenu ou l&rsquo;engagement dans des activit\u00e9s d\u00e9sign\u00e9es. Ces points restent dans un \u00e9tat de \u00absuspension\u00bb jusqu&rsquo;\u00e0 ce qu&rsquo;ils subissent l&rsquo;approbation par l&rsquo;administrateur du site et contribuent finalement au solde du compte de l&rsquo;utilisateur. En mettant en \u0153uvre un tel syst\u00e8me, on peut favoriser efficacement l&rsquo;engagement accru des utilisateurs et motiver efficacement les comportements souhait\u00e9s sur un site Web ou une plate-forme en ligne donn\u00e9e.<\/p>\n","protected":false},"featured_media":146676,"comment_status":"open","ping_status":"open","template":"","meta":[],"product_brand":[2599],"product_cat":[1189,1181,1186],"product_tag":[2238],"class_list":{"0":"post-133450","1":"product","2":"type-product","3":"status-publish","4":"has-post-thumbnail","6":"product_brand-mycred","7":"product_cat-personnalisation","8":"product_cat-plugins","9":"product_cat-wordpress-plugins","10":"product_tag-mycred","11":"member-discount","12":"discount-restricted","14":"first","15":"instock","16":"sale","17":"downloadable","18":"virtual","19":"sold-individually","20":"purchasable","21":"product-type-simple"},"_links":{"self":[{"href":"https:\/\/gpl-love.com\/fr\/wp-json\/wp\/v2\/product\/133450","targetHints":{"allow":["GET"]}}],"collection":[{"href":"https:\/\/gpl-love.com\/fr\/wp-json\/wp\/v2\/product"}],"about":[{"href":"https:\/\/gpl-love.com\/fr\/wp-json\/wp\/v2\/types\/product"}],"replies":[{"embeddable":true,"href":"https:\/\/gpl-love.com\/fr\/wp-json\/wp\/v2\/comments?post=133450"}],"wp:featuredmedia":[{"embeddable":true,"href":"https:\/\/gpl-love.com\/fr\/wp-json\/wp\/v2\/media\/146676"}],"wp:attachment":[{"href":"https:\/\/gpl-love.com\/fr\/wp-json\/wp\/v2\/media?parent=133450"}],"wp:term":[{"taxonomy":"product_brand","embeddable":true,"href":"https:\/\/gpl-love.com\/fr\/wp-json\/wp\/v2\/product_brand?post=133450"},{"taxonomy":"product_cat","embeddable":true,"href":"https:\/\/gpl-love.com\/fr\/wp-json\/wp\/v2\/product_cat?post=133450"},{"taxonomy":"product_tag","embeddable":true,"href":"https:\/\/gpl-love.com\/fr\/wp-json\/wp\/v2\/product_tag?post=133450"}],"curies":[{"name":"wp","href":"https:\/\/api.w.org\/{rel}","templated":true}]}}