{"id":133449,"date":"2025-08-08T00:00:00","date_gmt":"2025-08-07T22:00:00","guid":{"rendered":"https:\/\/gpl-love.com\/fr\/produit\/mycred-nominations\/"},"modified":"2026-03-20T23:57:41","modified_gmt":"2026-03-20T22:57:41","slug":"mycred-nominations","status":"publish","type":"product","link":"https:\/\/gpl-love.com\/fr\/produit\/mycred-nominations\/","title":{"rendered":"myCred Nominations 1.0.3"},"content":{"rendered":"<h3>myCred Nominations Traits<\/h3>\n<p>La fonctionnalit\u00e9 des nominations MYCRED, un outil innovant, pr\u00e9sente aux utilisateurs la possibilit\u00e9 de nommer ses autres utilisateurs pour reconna\u00eetre ou r\u00e9compenses dans un site Web ou une communaut\u00e9. Dans l&rsquo;intention de reconna\u00eetre des contributions ou des r\u00e9alisations exceptionnelles, de promouvoir une concurrence saine et de favoriser un sentiment de communaut\u00e9 et de collaboration entre les utilisateurs de la plate-forme, cette fonctionnalit\u00e9 a \u00e9t\u00e9 soigneusement con\u00e7ue.<\/p>\n<p>La pr\u00e9misse sous-jacente derri\u00e8re la fonctionnalit\u00e9 des nominations MYCRED consiste \u00e0 fournir aux utilisateurs des incitations et de la motivation \u00e0 participer activement et \u00e0 contribuer \u00e0 la plate-forme. En accordant une reconnaissance aux utilisateurs qui ont apport\u00e9 des contributions remarquables ou d\u00e9montr\u00e9 des comp\u00e9tences ou des connaissances remarquables dans un domaine sp\u00e9cifique, cette caract\u00e9ristique inculque non seulement un sentiment d&rsquo;accomplissement chez les destinataires, mais sert \u00e9galement de source d&rsquo;inspiration pour les autres pour aspirer \u00e0 la grandeur.<\/p>\n<p>La fonctionnalit\u00e9 des nominations MYCRED a le potentiel d&rsquo;\u00eatre utilis\u00e9 de diverses mani\u00e8res, en fonction de la nature sp\u00e9cifique du site Web ou de la communaut\u00e9. Par exemple, dans un cadre \u00e9ducatif, cet outil pourrait \u00eatre employ\u00e9 pour honorer des \u00e9tudiants ou des enseignants exceptionnels qui ont d\u00e9pass\u00e9 les attentes dans leurs activit\u00e9s acad\u00e9miques. De m\u00eame, au sein d&rsquo;une communaut\u00e9 de jeux, la fonctionnalit\u00e9 pourrait \u00eatre exploit\u00e9e pour pr\u00e9senter les talents exceptionnels des meilleurs interpr\u00e8tes ou des individus qui ont affich\u00e9 des prouesses extraordinaires dans un jeu ou un genre sp\u00e9cifique.<\/p>\n<p>Les r\u00e9sultats g\u00e9n\u00e9r\u00e9s par la fonctionnalit\u00e9 des nominations MYCRED peuvent se manifester sous diverses formes. G\u00e9n\u00e9ralement, des notifications sont utilis\u00e9es pour informer les utilisateurs lorsqu&rsquo;ils ont \u00e9t\u00e9 nomin\u00e9s pour un prix ou une reconnaissance, attirant efficacement leur attention sur le statut estim\u00e9 qu&rsquo;ils ont atteint. De plus, des badges ou des classements peuvent \u00eatre utilis\u00e9s pour mettre en \u00e9vidence les r\u00e9alisations de ceux qui ont re\u00e7u des nominations. Ces manifestations de reconnaissance tangibles servent \u00e0 instiller un profond sentiment de r\u00e9ussite et motivent les utilisateurs \u00e0 continuer \u00e0 participer activement \u00e0 la plateforme.<\/p>\n<p>En fin de compte, la caract\u00e9ristique des nominations MYCRED s&rsquo;av\u00e8re \u00eatre un moyen exceptionnel de cultiver un sens de la communaut\u00e9 et une collaboration au sein d&rsquo;un site Web ou d&rsquo;une communaut\u00e9. En reconnaissant les contributions inestimables apport\u00e9es par les utilisateurs et en fournissant des incitations \u00e0 l&rsquo;engagement continu, cette fonctionnalit\u00e9 aide \u00e0 la cr\u00e9ation d&rsquo;un environnement caract\u00e9ris\u00e9 par une concurrence saine, propulsant les utilisateurs pour viser l&rsquo;excellence. Qu&rsquo;il soit d\u00e9ploy\u00e9 dans un cadre \u00e9ducatif, une communaut\u00e9 de jeux ou toute autre plate-forme en ligne, la fonctionnalit\u00e9 de nominations MYCRED est un outil exemplaire pour reconna\u00eetre les r\u00e9alisations louables des utilisateurs et favoriser un sens solide de la communaut\u00e9 et de la collaboration.<\/p>\n<ul>\n<li>La fonction de nominations MyCred permet aux utilisateurs de nommer d&rsquo;autres personnes pour reconna\u00eetre ou r\u00e9compenses<\/li>\n<li>Il incite les utilisateurs \u00e0 participer activement et \u00e0 contribuer \u00e0 une plate-forme<\/li>\n<li>La fonctionnalit\u00e9 favorise une concurrence saine et favorise un sentiment de communaut\u00e9 et de collaboration<\/li>\n<li>La fonction de nominations MYCRED peut \u00eatre appliqu\u00e9e dans divers contextes, tels que l&rsquo;\u00e9ducation ou les communaut\u00e9s de jeux<\/li>\n<li>La sortie peut prendre la forme de notifications, de badges ou de classements pour pr\u00e9senter les r\u00e9alisations des utilisateurs<\/li>\n<li>La fonctionnalit\u00e9 cr\u00e9e un environnement de concurrence saine et encourage les utilisateurs \u00e0 rechercher l&rsquo;excellence<\/li>\n<li>C&rsquo;est un excellent outil pour reconna\u00eetre les r\u00e9alisations des utilisateurs et favoriser un sentiment de communaut\u00e9 et de collaboration.<\/li>\n<\/ul>\n","protected":false},"excerpt":{"rendered":"<p>La fonctionnalit\u00e9 des nominations MYCRED, qui fait partie int\u00e9grante de la plate-forme, offre aux utilisateurs la possibilit\u00e9 de nommer d&rsquo;autres utilisateurs pour des \u00e9loges ou des distinctions dans les limites d&rsquo;un site Web ou d&rsquo;une communaut\u00e9. En utilisant cette fonctionnalit\u00e9 remarquable, les utilisateurs sont en mesure de reconna\u00eetre et de c\u00e9l\u00e9brer d\u00fbment les contributions ou les r\u00e9alisations exceptionnelles, cultivant ainsi un environnement qui encourage une rivalit\u00e9 saine et favorise un profond sentiment de camaraderie et de collaboration entre les membres de la communaut\u00e9. En cons\u00e9quence, la sortie g\u00e9n\u00e9r\u00e9e par cette fonctionnalit\u00e9 englobe g\u00e9n\u00e9ralement un large \u00e9ventail d&rsquo;\u00e9l\u00e9ments enrichissants tels que les notifications, les badges, les classements et diverses autres formes de reconnaissance, qui servent tous \u00e0 inciter et \u00e0 motiver efficacement les utilisateurs \u00e0 participer activement et \u00e0 apporter des contributions significatives \u00e0 la plate-forme \u00e0 port\u00e9e de main.<\/p>\n","protected":false},"featured_media":146675,"comment_status":"open","ping_status":"open","template":"","meta":[],"product_brand":[2599],"product_cat":[1189,1181,1186],"product_tag":[2238],"class_list":{"0":"post-133449","1":"product","2":"type-product","3":"status-publish","4":"has-post-thumbnail","6":"product_brand-mycred","7":"product_cat-personnalisation","8":"product_cat-plugins","9":"product_cat-wordpress-plugins","10":"product_tag-mycred","11":"member-discount","12":"discount-restricted","14":"first","15":"instock","16":"sale","17":"downloadable","18":"virtual","19":"sold-individually","20":"purchasable","21":"product-type-simple"},"_links":{"self":[{"href":"https:\/\/gpl-love.com\/fr\/wp-json\/wp\/v2\/product\/133449","targetHints":{"allow":["GET"]}}],"collection":[{"href":"https:\/\/gpl-love.com\/fr\/wp-json\/wp\/v2\/product"}],"about":[{"href":"https:\/\/gpl-love.com\/fr\/wp-json\/wp\/v2\/types\/product"}],"replies":[{"embeddable":true,"href":"https:\/\/gpl-love.com\/fr\/wp-json\/wp\/v2\/comments?post=133449"}],"wp:featuredmedia":[{"embeddable":true,"href":"https:\/\/gpl-love.com\/fr\/wp-json\/wp\/v2\/media\/146675"}],"wp:attachment":[{"href":"https:\/\/gpl-love.com\/fr\/wp-json\/wp\/v2\/media?parent=133449"}],"wp:term":[{"taxonomy":"product_brand","embeddable":true,"href":"https:\/\/gpl-love.com\/fr\/wp-json\/wp\/v2\/product_brand?post=133449"},{"taxonomy":"product_cat","embeddable":true,"href":"https:\/\/gpl-love.com\/fr\/wp-json\/wp\/v2\/product_cat?post=133449"},{"taxonomy":"product_tag","embeddable":true,"href":"https:\/\/gpl-love.com\/fr\/wp-json\/wp\/v2\/product_tag?post=133449"}],"curies":[{"name":"wp","href":"https:\/\/api.w.org\/{rel}","templated":true}]}}