{"id":133448,"date":"2024-02-07T00:00:00","date_gmt":"2024-02-06T23:00:00","guid":{"rendered":"https:\/\/gpl-love.com\/fr\/produit\/mycred-submission\/"},"modified":"2026-03-20T23:57:40","modified_gmt":"2026-03-20T22:57:40","slug":"mycred-submission","status":"publish","type":"product","link":"https:\/\/gpl-love.com\/fr\/produit\/mycred-submission\/","title":{"rendered":"myCred Submission 1.0.2"},"content":{"rendered":"<h3>myCred Submission Traits<\/h3>\n<p>La fonction de soumission MyCred, un composant int\u00e9gral de tout site Web MyCred, sert de m\u00e9canisme par lequel les utilisateurs peuvent amasser des points ou des cr\u00e9dits en accomplissant avec succ\u00e8s des actions ou des t\u00e2ches d\u00e9sign\u00e9es. Ces soumissions sont g\u00e9n\u00e9r\u00e9es automatiquement en r\u00e9ponse \u00e0 l&rsquo;ex\u00e9cution des actions de qualification par les utilisateurs, et les cr\u00e9dits gagn\u00e9s peuvent par la suite \u00eatre utilis\u00e9s pour \u00e9changer des r\u00e9compenses ou monter les rangs du classement, en concurrence avec d&rsquo;autres utilisateurs.<\/p>\n<p>Chaque soumission MYCRED englobe un enregistrement du nom de l&rsquo;utilisateur, accompagn\u00e9 de d\u00e9tails concernant l&rsquo;action ou la t\u00e2che sp\u00e9cifique entrepris, le nombre de points recueillis \u00e0 la suite de la r\u00e9alisation de cette action ou t\u00e2che, et la date et l&rsquo;heure \u00e0 laquelle la soumission a eu lieu. Ces informations soutiennent une importance primordiale, car elles permettent la surveillance m\u00e9ticuleuse de l&rsquo;activit\u00e9 des utilisateurs, facilite l&rsquo;analyse de l&rsquo;engagement des utilisateurs et fournit un moyen par lequel les utilisateurs peuvent \u00eatre incit\u00e9s \u00e0 entreprendre d&rsquo;autres actions dans le domaine du site Web.<\/p>\n<p>La g\u00e9n\u00e9ration d&rsquo;une soumission MYCRED est fond\u00e9e sur plusieurs facteurs, subordonn\u00e9 \u00e0 la nature du site Web \u00e0 port\u00e9e de main et \u00e0 la valeur attribu\u00e9e \u00e0 diverses t\u00e2ches. \u00c0 titre d&rsquo;illustration, un utilisateur pourrait gagner des points gr\u00e2ce \u00e0 la r\u00e9alisation d&rsquo;un achat via une plate-forme de commerce \u00e9lectronique, laissant un commentaire perspicace sous un article de blog, ou r\u00e9f\u00e9rant avec succ\u00e8s un ami pour s&rsquo;inscrire \u00e0 un plan d&rsquo;adh\u00e9sion. La fonction de soumission MYCRED est apte \u00e0 reconna\u00eetre et \u00e0 reconna\u00eetre ces actions, mettant rapidement \u00e0 jour l&rsquo;enregistrement de l&rsquo;utilisateur pour refl\u00e9ter le nombre correspondant de points gagn\u00e9s.<\/p>\n<p>En outre, la fonction de soumission MYCRED pr\u00e9sente un degr\u00e9 de flexibilit\u00e9 louable, accordant aux administrateurs du site Web la possibilit\u00e9 d&rsquo;adapter le syst\u00e8me de points conform\u00e9ment \u00e0 leurs pr\u00e9f\u00e9rences, ainsi que de d\u00e9terminer la mani\u00e8re dont les points sont diffus\u00e9s aux utilisateurs. Ce processus de couture engendre un sentiment de contr\u00f4le accru, garantissant que les points conf\u00e9r\u00e9s s&rsquo;alignent sur les actions ou les t\u00e2ches sp\u00e9cifiques \u00e0 port\u00e9e de main, engendrez ainsi un sentiment d&rsquo;\u00e9quit\u00e9 et de transparence dans le syst\u00e8me de points.<\/p>\n<p>Dans l&rsquo;ensemble, la fonction de soumission MYCRED repr\u00e9sente un instrument puissant qui sert \u00e0 \u00e9valuer l&rsquo;efficacit\u00e9 de l&rsquo;engagement des utilisateurs, tout en motivant simultan\u00e9ment les utilisateurs \u00e0 entreprendre des actions jug\u00e9es souhaitables dans les limites du site Web. Arm\u00e9s des donn\u00e9es glan\u00e9es \u00e0 partir des soumissions MYCRED, les administrateurs de sites Web sont autoris\u00e9s \u00e0 prendre des d\u00e9cisions \u00e9clair\u00e9es concernant l&rsquo;am\u00e9lioration du site Web et la gamification de l&rsquo;exp\u00e9rience utilisateur.<\/p>\n<ul>\n<li>La fonction de soumission MYCRED permet aux utilisateurs de gagner des points ou des cr\u00e9dits en effectuant des t\u00e2ches sur les sites Web MyCred.<\/li>\n<li>Chaque soumission MyCred enregistre le nom de l&rsquo;utilisateur, la t\u00e2che termin\u00e9e, les points gagn\u00e9s et l&rsquo;heure et la date de soumission.<\/li>\n<li>La fonction de soumission MYCRED peut \u00eatre personnalis\u00e9e pour s&rsquo;adapter au syst\u00e8me de points sp\u00e9cifique et aux affectations de t\u00e2ches d&rsquo;un site Web.<\/li>\n<li>La fonction de soumission MyCred est polyvalente et reconna\u00eet diverses actions attribu\u00e9es \u00e0 la valeur des sites Web.<\/li>\n<li>Les donn\u00e9es de soumission MYCRED permettent aux administrateurs du site Web d&rsquo;analyser l&rsquo;engagement des utilisateurs et de prendre des d\u00e9cisions \u00e9clair\u00e9es pour am\u00e9liorer la gamification du site Web.<\/li>\n<\/ul>\n","protected":false},"excerpt":{"rendered":"<p>Une soumission MYCRED, dans le contexte d&rsquo;un site Web propuls\u00e9 par MyCred, fait r\u00e9f\u00e9rence \u00e0 un enregistrement complet encapsulant l&rsquo;accumulation de points ou de cr\u00e9dits d&rsquo;un utilisateur. Ces soumissions naissent lors de la r\u00e9ussite des actions ou des t\u00e2ches sp\u00e9cifiques, chacune \u00e9tant attribu\u00e9e \u00e0 une valeur ponctuelle d\u00e9sign\u00e9e. Des exemples de telles actions comprennent, sans s&rsquo;y limiter, faire un achat, laisser un commentaire ou m\u00eame r\u00e9f\u00e9rer un ami. La sortie de soumission MyCred, lors de la g\u00e9n\u00e9ration, pr\u00e9sente des informations cruciales englobant le nom de l&rsquo;utilisateur, la nature pr\u00e9cise de l&rsquo;action entreprise, le nombre pr\u00e9cis de points accord\u00e9s \u00e0 l&rsquo;utilisateur en cons\u00e9quence, ainsi que la date et l&rsquo;heure exactes \u00e0 laquelle cette soumission a \u00e9t\u00e9 meubl\u00e9.<\/p>\n","protected":false},"featured_media":146674,"comment_status":"open","ping_status":"open","template":"","meta":[],"product_brand":[2599],"product_cat":[1189,1181,1186],"product_tag":[2238],"class_list":{"0":"post-133448","1":"product","2":"type-product","3":"status-publish","4":"has-post-thumbnail","6":"product_brand-mycred","7":"product_cat-personnalisation","8":"product_cat-plugins","9":"product_cat-wordpress-plugins","10":"product_tag-mycred","11":"member-discount","12":"discount-restricted","14":"first","15":"instock","16":"sale","17":"downloadable","18":"virtual","19":"sold-individually","20":"purchasable","21":"product-type-simple"},"_links":{"self":[{"href":"https:\/\/gpl-love.com\/fr\/wp-json\/wp\/v2\/product\/133448","targetHints":{"allow":["GET"]}}],"collection":[{"href":"https:\/\/gpl-love.com\/fr\/wp-json\/wp\/v2\/product"}],"about":[{"href":"https:\/\/gpl-love.com\/fr\/wp-json\/wp\/v2\/types\/product"}],"replies":[{"embeddable":true,"href":"https:\/\/gpl-love.com\/fr\/wp-json\/wp\/v2\/comments?post=133448"}],"wp:featuredmedia":[{"embeddable":true,"href":"https:\/\/gpl-love.com\/fr\/wp-json\/wp\/v2\/media\/146674"}],"wp:attachment":[{"href":"https:\/\/gpl-love.com\/fr\/wp-json\/wp\/v2\/media?parent=133448"}],"wp:term":[{"taxonomy":"product_brand","embeddable":true,"href":"https:\/\/gpl-love.com\/fr\/wp-json\/wp\/v2\/product_brand?post=133448"},{"taxonomy":"product_cat","embeddable":true,"href":"https:\/\/gpl-love.com\/fr\/wp-json\/wp\/v2\/product_cat?post=133448"},{"taxonomy":"product_tag","embeddable":true,"href":"https:\/\/gpl-love.com\/fr\/wp-json\/wp\/v2\/product_tag?post=133448"}],"curies":[{"name":"wp","href":"https:\/\/api.w.org\/{rel}","templated":true}]}}