{"id":133446,"date":"2025-08-08T00:00:00","date_gmt":"2025-08-07T22:00:00","guid":{"rendered":"https:\/\/gpl-love.com\/fr\/produit\/mycred-todo-list\/"},"modified":"2026-03-20T23:57:37","modified_gmt":"2026-03-20T22:57:37","slug":"mycred-todo-list","status":"publish","type":"product","link":"https:\/\/gpl-love.com\/fr\/produit\/mycred-todo-list\/","title":{"rendered":"myCred ToDo List 1.0.2"},"content":{"rendered":"<h3>myCred ToDo List Traits<\/h3>\n<p>Si vous \u00eates l&rsquo;op\u00e9rateur d&rsquo;un site Web, les chances sont \u00e9lev\u00e9es que vous soyez accabl\u00e9 par une multitude de t\u00e2ches \u00e0 g\u00e9rer. Qu&rsquo;il s&rsquo;agisse de g\u00e9n\u00e9rer du contenu, de d\u00e9velopper des produits ou de fournir un support client, il existe toujours une liste sans fin de missions qui n\u00e9cessitent une attention. C&rsquo;est pr\u00e9cis\u00e9ment l\u00e0 que la liste MyCred Todo entre en jeu. En utilisant ce plugin WordPress robuste et polyvalent, vous obtiendrez la possibilit\u00e9 de cr\u00e9er et de superviser les listes de t\u00e2ches directement sur votre site Web, en vous garantissant ainsi que vous \u00eates toujours au courant des choses et que votre site fonctionne de mani\u00e8re transparente.<\/p>\n<p>Un avantage notable de la liste des t\u00e2ches MyCred est sa simplicit\u00e9 dans l&rsquo;utilisation. Cet outil vous permet de g\u00e9n\u00e9rer sans effort de nouvelles t\u00e2ches et de les allouer \u00e0 diff\u00e9rents utilisateurs, de d\u00e9finir des d\u00e9lais et de suivre les progr\u00e8s. Par cons\u00e9quent, rester organis\u00e9 et \u00e9viter la surveillance de questions importantes devient un exploit facilement r\u00e9alisable. De plus, ce plugin propose un large \u00e9ventail d&rsquo;options de personnalisation, vous permettant d&rsquo;adapter ses fonctionnalit\u00e9s en fonction de vos besoins et pr\u00e9f\u00e9rences sp\u00e9cifiques.<\/p>\n<p>Si vous utilisez d\u00e9j\u00e0 le plugin MyCred sur votre site Web, vous serez heureux de d\u00e9couvrir que MyCred Todo List s&rsquo;y int\u00e8gre de mani\u00e8re transparente. Cette int\u00e9gration remarquable implique que vous avez la possibilit\u00e9 de r\u00e9compenser les utilisateurs pour accomplir avec succ\u00e8s des t\u00e2ches. Ces incitations peuvent servir d&rsquo;outil de motivation remarquable, encourageant efficacement les utilisateurs \u00e0 s&rsquo;engager avec votre site. Que vous soyez exploit\u00e9 un blog, une plate-forme de commerce \u00e9lectronique ou tout autre type de site Web, MyCred Todo List pr\u00e9sente une solution id\u00e9ale pour g\u00e9rer efficacement les t\u00e2ches et assurer le flux op\u00e9rationnel en douceur de l&rsquo;ensemble de votre site Web.<\/p>\n<p>La flexibilit\u00e9 offerte par MyCred Todo List est vraiment louable. Ce plugin vous permet de g\u00e9rer efficacement les t\u00e2ches de divers degr\u00e9s de complexit\u00e9, allant des listes de t\u00e2ches simples aux projets complexes. En outre, en raison de ce qu&rsquo;il s&rsquo;agit d&rsquo;un plugin WordPress, le processus d&rsquo;installation et de d\u00e9but d&rsquo;utilisation est incroyablement simple. Rassurez-vous, vous n&rsquo;aurez pas besoin de comp\u00e9tences en programmation sp\u00e9cialis\u00e9es ou d&rsquo;expertise technique pour mettre en \u0153uvre avec succ\u00e8s cet outil.<\/p>\n<p>Tout bien consid\u00e9r\u00e9, si vous recherchez activement une solution de gestion des t\u00e2ches puissante et adaptable pour votre site Web, MyCred Todo List m\u00e9rite incontestablement votre consid\u00e9ration attentive. B\u00e9n\u00e9ficiant d&rsquo;une interface conviviale, d&rsquo;un assortiment d&rsquo;options de personnalisation et d&rsquo;une int\u00e9gration transparente avec le plugin MyCred, cet outil s&rsquo;av\u00e8re \u00eatre un excellent choix pour quiconque aspire \u00e0 maintenir un haut niveau d&rsquo;organisation et \u00e0 administrer efficacement ses t\u00e2ches.<\/p>\n<ul>\n<li>MyCred Todo List est un plugin WordPress con\u00e7u pour vous aider \u00e0 cr\u00e9er et \u00e0 g\u00e9rer les listes de t\u00e2ches sur votre site Web.<\/li>\n<li>Il est incroyablement facile \u00e0 utiliser et vous permet de cr\u00e9er rapidement de nouvelles t\u00e2ches, de les attribuer aux utilisateurs, de d\u00e9finir les dates d&rsquo;\u00e9ch\u00e9ance et de suivre les progr\u00e8s.<\/li>\n<li>Le plugin est livr\u00e9 avec une gamme d&rsquo;options de personnalisation, vous pouvez donc l&rsquo;adapter \u00e0 vos besoins et pr\u00e9f\u00e9rences sp\u00e9cifiques.<\/li>\n<li>Il s&rsquo;int\u00e8gre parfaitement au plugin MyCred, vous permettant de r\u00e9compenser les utilisateurs pour accomplir des t\u00e2ches et les motiver \u00e0 interagir avec votre site.<\/li>\n<li>Il est flexible et peut \u00eatre utilis\u00e9 pour g\u00e9rer tout type de t\u00e2che, des t\u00e2ches simples aux projets complexes.<\/li>\n<li>Il est facile d&rsquo;installer et de commencer \u00e0 utiliser, m\u00eame si vous n&rsquo;avez aucune comp\u00e9tence technique.<\/li>\n<li>C&rsquo;est un excellent choix pour tous ceux qui ont besoin de rester organis\u00e9s et de g\u00e9rer leurs t\u00e2ches plus efficacement sur leur site Web.<\/li>\n<\/ul>\n","protected":false},"excerpt":{"rendered":"<p>MyCred Todo List est un plugin WordPress exceptionnellement robuste et polyvalent, offrant une gamme de fonctionnalit\u00e9s puissantes pour cr\u00e9er et g\u00e9rer efficacement les listes de t\u00e2ches directement sur votre site Web. En utilisant ce plugin ph\u00e9nom\u00e9nal, vous gagnez la possibilit\u00e9 de g\u00e9n\u00e9rer sans effort de nouvelles t\u00e2ches, de les affecter \u00e0 des utilisateurs sp\u00e9cifiques, d&rsquo;\u00e9tablir des dates d&rsquo;\u00e9ch\u00e9ance et de surveiller m\u00e9ticuleusement les progr\u00e8s. De plus, il vous donne acc\u00e8s \u00e0 une vaste s\u00e9lection de choix de personnalisation, garantissant une int\u00e9gration transparente avec le plugin MyCred, vous permettant ainsi de r\u00e9compenser g\u00e9n\u00e9reusement les utilisateurs \u00e0 la r\u00e9ussite des t\u00e2ches. Que vous soyez exploit\u00e9 un blog florissant ou un site de commerce \u00e9lectronique anim\u00e9, MyCred Todo List se pr\u00e9sente comme la solution ultime pour g\u00e9rer efficacement toutes vos t\u00e2ches et assurer des performances optimales du site.<\/p>\n","protected":false},"featured_media":146672,"comment_status":"open","ping_status":"open","template":"","meta":[],"product_brand":[2599],"product_cat":[1189,1181,1186],"product_tag":[2238],"class_list":{"0":"post-133446","1":"product","2":"type-product","3":"status-publish","4":"has-post-thumbnail","6":"product_brand-mycred","7":"product_cat-personnalisation","8":"product_cat-plugins","9":"product_cat-wordpress-plugins","10":"product_tag-mycred","11":"member-discount","12":"discount-restricted","14":"first","15":"instock","16":"sale","17":"downloadable","18":"virtual","19":"sold-individually","20":"purchasable","21":"product-type-simple"},"_links":{"self":[{"href":"https:\/\/gpl-love.com\/fr\/wp-json\/wp\/v2\/product\/133446","targetHints":{"allow":["GET"]}}],"collection":[{"href":"https:\/\/gpl-love.com\/fr\/wp-json\/wp\/v2\/product"}],"about":[{"href":"https:\/\/gpl-love.com\/fr\/wp-json\/wp\/v2\/types\/product"}],"replies":[{"embeddable":true,"href":"https:\/\/gpl-love.com\/fr\/wp-json\/wp\/v2\/comments?post=133446"}],"wp:featuredmedia":[{"embeddable":true,"href":"https:\/\/gpl-love.com\/fr\/wp-json\/wp\/v2\/media\/146672"}],"wp:attachment":[{"href":"https:\/\/gpl-love.com\/fr\/wp-json\/wp\/v2\/media?parent=133446"}],"wp:term":[{"taxonomy":"product_brand","embeddable":true,"href":"https:\/\/gpl-love.com\/fr\/wp-json\/wp\/v2\/product_brand?post=133446"},{"taxonomy":"product_cat","embeddable":true,"href":"https:\/\/gpl-love.com\/fr\/wp-json\/wp\/v2\/product_cat?post=133446"},{"taxonomy":"product_tag","embeddable":true,"href":"https:\/\/gpl-love.com\/fr\/wp-json\/wp\/v2\/product_tag?post=133446"}],"curies":[{"name":"wp","href":"https:\/\/api.w.org\/{rel}","templated":true}]}}