{"id":133445,"date":"2024-10-28T00:00:00","date_gmt":"2024-10-27T23:00:00","guid":{"rendered":"https:\/\/gpl-love.com\/fr\/produit\/mycred-coupons-plus\/"},"modified":"2026-03-20T23:57:36","modified_gmt":"2026-03-20T22:57:36","slug":"mycred-coupons-plus","status":"publish","type":"product","link":"https:\/\/gpl-love.com\/fr\/produit\/mycred-coupons-plus\/","title":{"rendered":"myCred Coupons Plus 1.0.4"},"content":{"rendered":"<h3>myCred Coupons Plus Traits<\/h3>\n<p>MyCred Coupons Plus est un outil robuste, \u00e0 la fois puissant et convivial, sp\u00e9cialement con\u00e7u pour les propri\u00e9taires de sites Web dans le but d&rsquo;inciter leurs utilisateurs et d&rsquo;am\u00e9liorer l&rsquo;engagement sur leurs sites Web. Ce plugin accorde aux administrateurs du site Web la possibilit\u00e9 de cr\u00e9er et de g\u00e9rer sans effort un large \u00e9ventail de types de coupons, y compris des coupons de r\u00e9duction, des coupons de r\u00e9compense et des coupons de fid\u00e9lit\u00e9, pour n&rsquo;en nommer que quelques-uns. Ces coupons servent de moyen de r\u00e9compenser les utilisateurs pour des actions sp\u00e9cifiques, telles que la r\u00e9alisation d&rsquo;achats, la r\u00e9alisation d&rsquo;enqu\u00eates, le partage de contenu, la r\u00e9f\u00e9rence d&rsquo;autres, etc. En mettant en \u0153uvre ce syst\u00e8me, il stimule efficacement les utilisateurs \u00e0 interagir r\u00e9guli\u00e8rement avec le site Web, les motivant ainsi \u00e0 effectuer des actions souhait\u00e9es.<\/p>\n<p>L&rsquo;une des fonctionnalit\u00e9s les plus notables de MyCred Coupons Plus r\u00e9side dans son int\u00e9gration transparente avec le plugin MyCred tr\u00e8s populaire. Cette int\u00e9gration permet aux administrateurs du site Web un contr\u00f4le complet sur l&rsquo;ensemble du processus de cr\u00e9ation de coupons, ainsi que de leur distribution et de leur gestion des points ult\u00e9rieurs. En outre, cette int\u00e9gration pr\u00e9sente une opportunit\u00e9 inestimable pour suivre et analyser le comportement des utilisateurs, englober l&rsquo;utilisation des coupons, les points gagn\u00e9s et rachet\u00e9s.<\/p>\n<p>Pour ceux qui cherchent \u00e0 transformer leurs sites Web en une exp\u00e9rience gamifi\u00e9e, avec une couche suppl\u00e9mentaire d&rsquo;amusement et d&rsquo;excitation pour leurs utilisateurs, MyCred Coupons Plus sert de solution id\u00e9ale. Il facilite la cr\u00e9ation d&rsquo;une rencontre distinctive et personnalis\u00e9e, qui encourage efficacement les utilisateurs \u00e0 rester engag\u00e9s et \u00e0 interagir plus largement avec le site Web. Gr\u00e2ce \u00e0 la fourniture d&rsquo;options de coupons personnalisables et de param\u00e8tres de distribution de points, les administrateurs du site poss\u00e8dent la capacit\u00e9 d&rsquo;\u00e9tablir un programme de coupon qui s&rsquo;aligne le mieux sur les exigences uniques de leur site Web.<\/p>\n<p>Si votre objectif est de cultiver l&rsquo;engagement et de favoriser les relations avec les clients fid\u00e8les, les coupons MyCred Plus repr\u00e9sentent la solution parfaite pour vous. Il est un outil rentable et tr\u00e8s efficace, offrant aux propri\u00e9taires de sites Web la possibilit\u00e9 d&rsquo;accorder des r\u00e9compenses et des incitations \u00e0 leurs utilisateurs, augmentant ainsi la r\u00e9tention des utilisateurs. Acc\u00e9dez \u00e0 vos utilisateurs avec une raison imp\u00e9rieuse de rester sur votre site Web, tout en \u00e9levant simultan\u00e9ment leur exp\u00e9rience \u00e0 de nouveaux sommets de plaisir et de gratification, gracieuset\u00e9 de MyCred Coupons Plus.<\/p>\n<ul>\n<li>MyCred Coupons Plus est un outil puissant et convivial con\u00e7u pour les propri\u00e9taires de sites Web pour inciter leurs utilisateurs et augmenter l&rsquo;engagement.<\/li>\n<li>Ce plugin permet aux administrateurs de sites Web de cr\u00e9er et de g\u00e9rer divers types de coupons tels que des coupons de r\u00e9duction, des coupons de r\u00e9compense et des coupons de fid\u00e9lit\u00e9, entre autres.<\/li>\n<li>Ces coupons peuvent \u00eatre utilis\u00e9s pour r\u00e9compenser les utilisateurs pour des actions sp\u00e9cifiques qui les encouragent \u00e0 interagir r\u00e9guli\u00e8rement avec le site Web.<\/li>\n<li>MyCred Coupons Plus s&rsquo;int\u00e8gre parfaitement au plugin MyCred populaire, offrant un contr\u00f4le complet sur la cr\u00e9ation de coupons, la distribution et la gestion des points.<\/li>\n<li>Avec des options de coupons personnalisables et des param\u00e8tres de distribution de points, les administrateurs du site peuvent cr\u00e9er un programme de coupons qui r\u00e9pond le mieux aux besoins de leur site Web.<\/li>\n<li>MyCred Coupons Plus est un outil id\u00e9al pour ceux qui veulent gamifier leurs sites Web et ajouter une couche suppl\u00e9mentaire de plaisir et d&rsquo;excitation pour leurs utilisateurs.<\/li>\n<li>Cet outil rentable et efficace permet aux propri\u00e9taires de sites Web d&rsquo;offrir des r\u00e9compenses et des incitations pour accro\u00eetre la r\u00e9tention des utilisateurs et stimuler l&rsquo;engagement.<\/li>\n<li>Donnez \u00e0 vos utilisateurs une exp\u00e9rience personnalis\u00e9e et enrichissante avec MyCred Coupons Plus.<\/li>\n<\/ul>\n","protected":false},"excerpt":{"rendered":"<p>MyCred Coupons Plus sert d&rsquo;instrument remarquablement convivial facilitant le processus de cr\u00e9ation et de gestion des coupons pour les propri\u00e9taires de sites Web, ce qui leur permet de r\u00e9compenser leurs utilisateurs avec des points ou des remises \u00e0 la r\u00e9ussite des actions pr\u00e9d\u00e9termin\u00e9es. Son int\u00e9gration transparente avec le plugin estim\u00e9 MyCred autorise les administrateurs de sites \u00e0 exercer une autorit\u00e9 compl\u00e8te sur les coupons en question, ainsi qu&rsquo;\u00e0 la dispersion des points. En utilisant les capacit\u00e9s remarquables de MyCred Coupons Plus, les propri\u00e9taires de sites Web peuvent augmenter efficacement l&rsquo;engagement et favoriser l&rsquo;all\u00e9geance \u00e0 leurs plateformes en ligne, offrant simultan\u00e9ment sur les utilisateurs une exp\u00e9rience agr\u00e9able et gratifiante.<\/p>\n","protected":false},"featured_media":146671,"comment_status":"open","ping_status":"open","template":"","meta":[],"product_brand":[2599],"product_cat":[1189,1181,1186],"product_tag":[2238],"class_list":{"0":"post-133445","1":"product","2":"type-product","3":"status-publish","4":"has-post-thumbnail","6":"product_brand-mycred","7":"product_cat-personnalisation","8":"product_cat-plugins","9":"product_cat-wordpress-plugins","10":"product_tag-mycred","11":"member-discount","12":"discount-restricted","14":"first","15":"instock","16":"sale","17":"downloadable","18":"virtual","19":"sold-individually","20":"purchasable","21":"product-type-simple"},"_links":{"self":[{"href":"https:\/\/gpl-love.com\/fr\/wp-json\/wp\/v2\/product\/133445","targetHints":{"allow":["GET"]}}],"collection":[{"href":"https:\/\/gpl-love.com\/fr\/wp-json\/wp\/v2\/product"}],"about":[{"href":"https:\/\/gpl-love.com\/fr\/wp-json\/wp\/v2\/types\/product"}],"replies":[{"embeddable":true,"href":"https:\/\/gpl-love.com\/fr\/wp-json\/wp\/v2\/comments?post=133445"}],"wp:featuredmedia":[{"embeddable":true,"href":"https:\/\/gpl-love.com\/fr\/wp-json\/wp\/v2\/media\/146671"}],"wp:attachment":[{"href":"https:\/\/gpl-love.com\/fr\/wp-json\/wp\/v2\/media?parent=133445"}],"wp:term":[{"taxonomy":"product_brand","embeddable":true,"href":"https:\/\/gpl-love.com\/fr\/wp-json\/wp\/v2\/product_brand?post=133445"},{"taxonomy":"product_cat","embeddable":true,"href":"https:\/\/gpl-love.com\/fr\/wp-json\/wp\/v2\/product_cat?post=133445"},{"taxonomy":"product_tag","embeddable":true,"href":"https:\/\/gpl-love.com\/fr\/wp-json\/wp\/v2\/product_tag?post=133445"}],"curies":[{"name":"wp","href":"https:\/\/api.w.org\/{rel}","templated":true}]}}