{"id":133444,"date":"2023-04-17T00:00:00","date_gmt":"2023-04-16T22:00:00","guid":{"rendered":"https:\/\/gpl-love.com\/fr\/produit\/mycred-compropago\/"},"modified":"2026-03-20T23:57:36","modified_gmt":"2026-03-20T22:57:36","slug":"mycred-compropago","status":"publish","type":"product","link":"https:\/\/gpl-love.com\/fr\/produit\/mycred-compropago\/","title":{"rendered":"myCred Compropago 1.0.5"},"content":{"rendered":"<h3>myCred Compropago Traits<\/h3>\n<p>MyCred compropago est un plugin de passerelle de paiement exceptionnel sp\u00e9cialement con\u00e7u pour les utilisateurs de WordPress. Sa fonction principale est de simplifier le processus de paiement \u00e0 l&rsquo;aide de Compropago, un mode de paiement tr\u00e8s favoris\u00e9 au Mexique. Si vous \u00eates un propri\u00e9taire d&rsquo;entreprise \u00e0 la recherche d&rsquo;une solution de paiement sans tracas et s\u00e9curis\u00e9e pour vos clients, ce plugin est un choix id\u00e9al. En int\u00e9grant compropago en tant qu&rsquo;option de paiement par MyCred compropago, vous pouvez vous assurer que vos clients peuvent payer sans effort vos produits et services.<\/p>\n<p>L&rsquo;un des avantages les plus notables de l&rsquo;utilisation de MyCred compropago est sa capacit\u00e9 d&rsquo;int\u00e9gration transparente. Quelle que soit votre expertise technique, vous pouvez facilement naviguer dans ce plugin convivial et le configurer sans complications. Quelle que soit la taille de votre entreprise, vous pouvez int\u00e9grer sans effort ce plugin dans votre site Web ou votre boutique en ligne existant, en \u00e9vitant le besoin de codage complexe ou de travaux de d\u00e9veloppement approfondis.<\/p>\n<p>De plus, MyCred COMPOPAGO offre un niveau exceptionnel d&rsquo;options de flexibilit\u00e9 et de personnalisation, vous permettant de l&rsquo;adapter en fonction des exigences de paiement sp\u00e9cifiques de votre entreprise. Vous avez la libert\u00e9 de personnaliser le processus de paiement et l&rsquo;interface utilisateur, ce qui lui permet de s&rsquo;int\u00e9grer de mani\u00e8re transparente aux couleurs et logos de votre marque. Par cons\u00e9quent, vos clients b\u00e9n\u00e9ficieront d&rsquo;une exp\u00e9rience de paiement en douceur qui semble naturelle et coh\u00e9rente avec votre site Web.<\/p>\n<p>La s\u00e9curit\u00e9 des donn\u00e9es de vos clients est de la plus haute importance, et MyCred compropago prend cette question au s\u00e9rieux. Avec ses fonctionnalit\u00e9s de s\u00e9curit\u00e9 avanc\u00e9es, toutes les transactions sont effectu\u00e9es dans un environnement s\u00fbr et s\u00e9curis\u00e9. Cela offre \u00e0 vos clients la tranquillit\u00e9 d&rsquo;esprit, inculquant la confiance dans votre marque.<\/p>\n<p>En conclusion, MyCred COMPOPAGO est un plugin de passerelle de paiement exceptionnel qui permet \u00e0 votre entreprise d&rsquo;accepter facilement les paiements en utilisant le mode de paiement de compopago r\u00e9put\u00e9 au Mexique. Sa facilit\u00e9 d&rsquo;utilisation, ses options de personnalisation et sa flexibilit\u00e9 en font un excellent choix pour les entreprises de toutes tailles. Avec ses fonctionnalit\u00e9s de s\u00e9curit\u00e9 avanc\u00e9es et son int\u00e9gration transparente, vous pouvez \u00eatre confiant dans la s\u00e9curit\u00e9 et la s\u00e9curit\u00e9 des informations de paiement de vos clients. \u00c9levez votre exp\u00e9rience client aujourd&rsquo;hui avec MyCred compropago!<\/p>\n<ul>\n<li>Permet aux entreprises d&rsquo;accepter les paiements via compropago sur leur site Web WordPress<\/li>\n<li>Configuration conviviale et simple<\/li>\n<li>Personnalisable pour correspondre aux couleurs et logos de la marque<\/li>\n<li>Caract\u00e9ristiques de s\u00e9curit\u00e9 avanc\u00e9es pour prot\u00e9ger les donn\u00e9es des clients<\/li>\n<li>Flexible pour les entreprises de toutes tailles<\/li>\n<\/ul>\n","protected":false},"excerpt":{"rendered":"<p>MyCred COMPOPAGO est un plugin de passerelle de paiement tr\u00e8s efficace et riche en fonctionnalit\u00e9s sp\u00e9cialement con\u00e7u pour WordPress, qui sert de plate-forme compl\u00e8te permettant aux utilisateurs d&rsquo;adopter sans effort et de mani\u00e8re transparente la m\u00e9thode de paiement de compropago largement et favoris\u00e9e au Mexique. En incorporant MyCred compropago dans leurs sites Web, les entreprises sont autoris\u00e9es \u00e0 offrir \u00e0 leur client\u00e8le estim\u00e9 une exp\u00e9rience de paiement remarquablement pratique et absolument s\u00e9curis\u00e9e qui transcende vraiment les attentes. B\u00e9n\u00e9ficiant d&rsquo;une interface incroyablement conviviale, d&rsquo;une flexibilit\u00e9 remarquable et d&rsquo;une vaste gamme de fonctionnalit\u00e9s personnalisables, ce plugin exceptionnel est impeccablement adapt\u00e9 aux entreprises op\u00e9rant \u00e0 n&rsquo;importe quelle \u00e9chelle, englobant \u00e0 la fois de petites entreprises et des grandes soci\u00e9t\u00e9s.<\/p>\n","protected":false},"featured_media":146670,"comment_status":"open","ping_status":"open","template":"","meta":[],"product_brand":[2599],"product_cat":[1189,1181,1186],"product_tag":[2238],"class_list":{"0":"post-133444","1":"product","2":"type-product","3":"status-publish","4":"has-post-thumbnail","6":"product_brand-mycred","7":"product_cat-personnalisation","8":"product_cat-plugins","9":"product_cat-wordpress-plugins","10":"product_tag-mycred","11":"member-discount","12":"discount-restricted","14":"first","15":"instock","16":"sale","17":"downloadable","18":"virtual","19":"sold-individually","20":"purchasable","21":"product-type-simple"},"_links":{"self":[{"href":"https:\/\/gpl-love.com\/fr\/wp-json\/wp\/v2\/product\/133444","targetHints":{"allow":["GET"]}}],"collection":[{"href":"https:\/\/gpl-love.com\/fr\/wp-json\/wp\/v2\/product"}],"about":[{"href":"https:\/\/gpl-love.com\/fr\/wp-json\/wp\/v2\/types\/product"}],"replies":[{"embeddable":true,"href":"https:\/\/gpl-love.com\/fr\/wp-json\/wp\/v2\/comments?post=133444"}],"wp:featuredmedia":[{"embeddable":true,"href":"https:\/\/gpl-love.com\/fr\/wp-json\/wp\/v2\/media\/146670"}],"wp:attachment":[{"href":"https:\/\/gpl-love.com\/fr\/wp-json\/wp\/v2\/media?parent=133444"}],"wp:term":[{"taxonomy":"product_brand","embeddable":true,"href":"https:\/\/gpl-love.com\/fr\/wp-json\/wp\/v2\/product_brand?post=133444"},{"taxonomy":"product_cat","embeddable":true,"href":"https:\/\/gpl-love.com\/fr\/wp-json\/wp\/v2\/product_cat?post=133444"},{"taxonomy":"product_tag","embeddable":true,"href":"https:\/\/gpl-love.com\/fr\/wp-json\/wp\/v2\/product_tag?post=133444"}],"curies":[{"name":"wp","href":"https:\/\/api.w.org\/{rel}","templated":true}]}}