{"id":133443,"date":"2024-10-21T00:00:00","date_gmt":"2024-10-20T22:00:00","guid":{"rendered":"https:\/\/gpl-love.com\/fr\/produit\/mycred-coinpayments\/"},"modified":"2026-03-20T23:57:35","modified_gmt":"2026-03-20T22:57:35","slug":"mycred-coinpayments","status":"publish","type":"product","link":"https:\/\/gpl-love.com\/fr\/produit\/mycred-coinpayments\/","title":{"rendered":"myCred Coinpayments 1.1.2"},"content":{"rendered":"<h3>myCred Coinpayments Traits<\/h3>\n<p>L&rsquo;int\u00e9gration de la passerelle de paiement MyCred Coinpayments repr\u00e9sente une progression r\u00e9volutionnaire dans le domaine des transactions en ligne, car il offre aux utilisateurs la possibilit\u00e9 d&rsquo;utiliser la crypto-monnaie via le syst\u00e8me MyCred Points. Cette int\u00e9gration accorde aux utilisateurs la commodit\u00e9 de gagner et d&rsquo;utiliser des r\u00e9compenses dans plusieurs devises num\u00e9riques, facilitant ainsi leur engagement dans l&rsquo;ar\u00e8ne rapide et passionnante de la crypto-monnaie.<\/p>\n<p>Pour comprendre l&rsquo;importance de la crypto-monnaie, il est essentiel de comprendre sa nature comme une forme de monnaie num\u00e9rique ou virtuelle, qui utilise la cryptographie pour s\u00e9curiser ses transactions et rend la fraude et la contrefa\u00e7on pratiquement incomp\u00e9tendables. La tenue de registres des transactions de crypto-monnaie est effectu\u00e9e sur un grand livre public d\u00e9centralis\u00e9 connu sous le nom de blockchain, qui garantit la transparence et \u00e9limine la n\u00e9cessit\u00e9 d&rsquo;interm\u00e9diaires, tels que les institutions financi\u00e8res. Par cons\u00e9quent, la crypto-monnaie devient une option s\u00e9duisante pour les personnes qui appr\u00e9cient la confidentialit\u00e9, la s\u00e9curit\u00e9 et la transparence dans leurs transactions financi\u00e8res.<\/p>\n<p>L&rsquo;int\u00e9gration de la passerelle de paiement MyCred Coinpayments permet aux utilisateurs d&rsquo;exploiter les avantages offerts par la crypto-monnaie d&rsquo;une mani\u00e8re transparente et conviviale. Gr\u00e2ce \u00e0 l&rsquo;accumulation et aux d\u00e9penses de r\u00e9compenses dans les monnaies num\u00e9riques, les utilisateurs ont la possibilit\u00e9 de savourer les avantages de cette technologie de pointe, tout en contournant les proc\u00e9dures et subtilit\u00e9s complexes g\u00e9n\u00e9ralement associ\u00e9es \u00e0 la gestion directe de la crypto-monnaie.<\/p>\n<p>Cette int\u00e9gration fonctionne via le syst\u00e8me MyCred Points, un programme incroyablement flexible et personnalisable centr\u00e9 sur la fid\u00e9lit\u00e9 et les r\u00e9compenses. Ce programme permet aux propri\u00e9taires de sites Web de distribuer des points en \u00e9change de diverses actions, telles que les achats, le partage de contenu sur les plateformes de m\u00e9dias sociaux, et m\u00eame le simple fait de se connecter. Par la suite, les utilisateurs peuvent racheter ces points accumul\u00e9s pour un large \u00e9ventail de r\u00e9compenses, y compris Remises, produits et oui, m\u00eame crypto-monnaie.<\/p>\n<p>Gr\u00e2ce \u00e0 MyCred Coinpayments, le processus de gain et de r\u00e9compense des crypto-monnaies est devenu remarquablement rationalis\u00e9 et simple. Les utilisateurs peuvent effectuer des paiements pour les biens ou les services avec leur crypto-monnaie, tout en accumulant des points qui peuvent ensuite \u00eatre \u00e9chang\u00e9s contre la monnaie num\u00e9rique. Cela rend non seulement les programmes de fid\u00e9lit\u00e9 plus attrayants pour les utilisateurs, mais pr\u00e9sente \u00e9galement les commer\u00e7ants avec une opportunit\u00e9 attrayante d&rsquo;attirer de nouveaux clients et d&rsquo;explorer le potentiel de la crypto-monnaie au sein de leurs activit\u00e9s respectives.<\/p>\n<p>En r\u00e9sum\u00e9, l&rsquo;int\u00e9gration de la passerelle de paiement MyCred Coinpayments ne repr\u00e9sente rien de moins qu&rsquo;un outil de changement de jeu, car il permet aux utilisateurs de gagner et d&rsquo;utiliser sans effort les r\u00e9compenses dans une multitude de monnaies num\u00e9riques. En am\u00e9liorant l&rsquo;accessibilit\u00e9 et la commodit\u00e9 de la crypto-monnaie, cette int\u00e9gration poss\u00e8de la capacit\u00e9 de r\u00e9volutionner le monde des transactions num\u00e9riques et de transformer le paysage des programmes de fid\u00e9lit\u00e9.<\/p>\n<ul>\n<li>Int\u00e9gration de la passerelle r\u00e9volutionnaire pour MyCred qui permet aux utilisateurs de payer avec la crypto-monnaie via le syst\u00e8me de points<\/li>\n<li>Gain facile et d\u00e9penses de r\u00e9compenses dans diff\u00e9rentes monnaies num\u00e9riques<\/li>\n<li>La crypto-monnaie est une monnaie num\u00e9rique ou virtuelle s\u00e9curis\u00e9e et transparente<\/li>\n<li>Le grand livre public d\u00e9centralis\u00e9 appel\u00e9 blockchain assure la transparence<\/li>\n<li>L&rsquo;int\u00e9gration permet aux utilisateurs de profiter facilement des avantages de la crypto-monnaie<\/li>\n<li>MyCred Points System est un programme de fid\u00e9lit\u00e9 \/ r\u00e9compense personnalisable et flexible<\/li>\n<li>Les utilisateurs peuvent \u00e9changer des points gagn\u00e9s pour des r\u00e9ductions, des produits ou une crypto-monnaie<\/li>\n<li>Processus rationalis\u00e9 pour gagner \/ \u00e9changer des r\u00e9compenses de crypto-monnaie<\/li>\n<li>Possibilit\u00e9 pour les commer\u00e7ants d&rsquo;attirer des clients et d&rsquo;explorer le potentiel de crypto-monnaie<\/li>\n<li>Potentiel pour r\u00e9volutionner les transactions num\u00e9riques et les programmes de fid\u00e9lit\u00e9<\/li>\n<\/ul>\n","protected":false},"excerpt":{"rendered":"<p>L&rsquo;int\u00e9gration de la passerelle de paiement MyCred Coinpayments permet aux utilisateurs de effectuer des paiements \u00e0 l&rsquo;aide de crypto-monnaies dans le syst\u00e8me MyCred Points, facilitant ainsi l&rsquo;accumulation et l&rsquo;utilisation transparente de r\u00e9compenses sur plusieurs devises num\u00e9riques.<\/p>\n","protected":false},"featured_media":146669,"comment_status":"open","ping_status":"open","template":"","meta":[],"product_brand":[2599],"product_cat":[1189,1181,1186],"product_tag":[2238],"class_list":{"0":"post-133443","1":"product","2":"type-product","3":"status-publish","4":"has-post-thumbnail","6":"product_brand-mycred","7":"product_cat-personnalisation","8":"product_cat-plugins","9":"product_cat-wordpress-plugins","10":"product_tag-mycred","11":"member-discount","12":"discount-restricted","14":"first","15":"instock","16":"sale","17":"downloadable","18":"virtual","19":"sold-individually","20":"purchasable","21":"product-type-simple"},"_links":{"self":[{"href":"https:\/\/gpl-love.com\/fr\/wp-json\/wp\/v2\/product\/133443","targetHints":{"allow":["GET"]}}],"collection":[{"href":"https:\/\/gpl-love.com\/fr\/wp-json\/wp\/v2\/product"}],"about":[{"href":"https:\/\/gpl-love.com\/fr\/wp-json\/wp\/v2\/types\/product"}],"replies":[{"embeddable":true,"href":"https:\/\/gpl-love.com\/fr\/wp-json\/wp\/v2\/comments?post=133443"}],"wp:featuredmedia":[{"embeddable":true,"href":"https:\/\/gpl-love.com\/fr\/wp-json\/wp\/v2\/media\/146669"}],"wp:attachment":[{"href":"https:\/\/gpl-love.com\/fr\/wp-json\/wp\/v2\/media?parent=133443"}],"wp:term":[{"taxonomy":"product_brand","embeddable":true,"href":"https:\/\/gpl-love.com\/fr\/wp-json\/wp\/v2\/product_brand?post=133443"},{"taxonomy":"product_cat","embeddable":true,"href":"https:\/\/gpl-love.com\/fr\/wp-json\/wp\/v2\/product_cat?post=133443"},{"taxonomy":"product_tag","embeddable":true,"href":"https:\/\/gpl-love.com\/fr\/wp-json\/wp\/v2\/product_tag?post=133443"}],"curies":[{"name":"wp","href":"https:\/\/api.w.org\/{rel}","templated":true}]}}