{"id":133442,"date":"2024-10-21T00:00:00","date_gmt":"2024-10-20T22:00:00","guid":{"rendered":"https:\/\/gpl-love.com\/fr\/produit\/mycred-coinbase\/"},"modified":"2026-03-20T23:57:34","modified_gmt":"2026-03-20T22:57:34","slug":"mycred-coinbase","status":"publish","type":"product","link":"https:\/\/gpl-love.com\/fr\/produit\/mycred-coinbase\/","title":{"rendered":"myCred Coinbase 1.0.7"},"content":{"rendered":"<h3>myCred Coinbase Traits<\/h3>\n<p>Alors que les crypto-monnaies gagnent plus d&rsquo;acceptation grand public, de nombreuses plateformes en ligne explorent des m\u00e9thodes pour les int\u00e9grer dans leurs programmes de r\u00e9compense et de fid\u00e9lit\u00e9, indiquant la popularit\u00e9 croissante des monnaies num\u00e9riques. Une telle plate-forme, MyCred, a pleinement adopt\u00e9 cette tendance et sert de solution compl\u00e8te pour la gamification, l&rsquo;engagement et les r\u00e9compenses sur les sites Web WordPress. Avec l&rsquo;int\u00e9gration de MyCred et Coinbase, les utilisateurs ont d\u00e9sormais la possibilit\u00e9 de gagner et de d\u00e9penser des r\u00e9compenses de crypto-monnaie en utilisant la plate-forme MyCred, qui ouvre des possibilit\u00e9s infinies et \u00e9largit le domaine des opportunit\u00e9s.<\/p>\n<p>Gr\u00e2ce \u00e0 cette int\u00e9gration, les utilisateurs peuvent connecter sans effort leur compte Coinbase \u00e0 leur compte MyCred, leur accordant la possibilit\u00e9 d&rsquo;utiliser leurs r\u00e9compenses de crypto-monnaie de diverses mani\u00e8res. Par exemple, ils peuvent choisir d&rsquo;\u00e9changer leurs r\u00e9compenses contre diff\u00e9rentes crypto-monnaies, de les acheter ou de les vendre en \u00e9change de monnaie fiduciaire ou de les transf\u00e9rer \u00e0 d&rsquo;autres utilisateurs ou portefeuilles. Alternativement, les utilisateurs peuvent choisir d&rsquo;utiliser leurs r\u00e9compenses pour contribuer \u00e0 leurs organismes de bienfaisance pr\u00e9f\u00e9r\u00e9s ou les utiliser comme paiement des biens et services offerts par les marchands participants.<\/p>\n<p>L&rsquo;un des avantages notables de l&rsquo;utilisation de MyCred pour la gestion des r\u00e9compenses de crypto-monnaie r\u00e9side dans la flexibilit\u00e9 exceptionnelle de la plate-forme et les options de personnalisation \u00e9tendues de la plate-forme. Les utilisateurs ont la possibilit\u00e9 de sp\u00e9cifier les r\u00e8gles de r\u00e9compense souhait\u00e9es, telles que la d\u00e9termination du nombre de points attribu\u00e9s pour chaque action ou sp\u00e9cifiant le nombre de points n\u00e9cessaires pour \u00e9changer des r\u00e9compenses sp\u00e9cifiques. En outre, les utilisateurs peuvent m\u00eame cr\u00e9er des r\u00e9compenses exclusives qui sont uniquement accessibles aux personnes qui ont atteint un certain niveau de distinction, comme le statut VIP ou l&rsquo;\u00e9lite.<\/p>\n<p>Pour les commer\u00e7ants qui cherchent \u00e0 int\u00e9grer les crypto-monnaies dans leurs programmes de fid\u00e9lit\u00e9, l&rsquo;int\u00e9gration de MyCred et Coinbase fournit une solution rationalis\u00e9e et facilement g\u00e9rable. En permettant simplement \u00e0 cette int\u00e9gration, les commer\u00e7ants peuvent permettre aux clients d&rsquo;utiliser leurs soldes MYCRED pour payer les produits, les services ou les frais d&rsquo;adh\u00e9sion. De plus, les commer\u00e7ants peuvent envisager d&rsquo;offrir des r\u00e9ductions aux clients qui choisissent de payer \u00e0 l&rsquo;aide de crypto-monnaies ou d&rsquo;\u00e9tablir des r\u00e9compenses automatis\u00e9es pour les utilisateurs qui compl\u00e8tent des actions sp\u00e9cifiques, telles que la laisse des avis ou les amis r\u00e9f\u00e9renc\u00e9s.<\/p>\n<p>Dans l&rsquo;ensemble, l&rsquo;int\u00e9gration de MyCred et Coinbase repr\u00e9sente un d\u00e9veloppement r\u00e9volutionnaire dans la gestion des r\u00e9compenses de crypto-monnaie. En permettant aux utilisateurs de gagner et de d\u00e9penser sans effort des r\u00e9compenses de mani\u00e8re flexible, MyCred contribue activement \u00e0 l&rsquo;adoption plus large des crypto-monnaies et que les avantages de cette technologie r\u00e9volutionnaire accessible \u00e0 un public plus large que jamais. Que vous soyez un blogueur, un propri\u00e9taire de site Web ou une entreprise en ligne, l&rsquo;int\u00e9gration de MyCred et Coinbase offre une excellente occasion d&rsquo;\u00e9lever votre programme de r\u00e9compense et de fid\u00e9lit\u00e9 et de rester en avance sur la courbe.<\/p>\n<ul>\n<li>MyCred est une solution de gamification, d&rsquo;engagement et de r\u00e9compense pour les sites Web WordPress qui a adopt\u00e9 la tendance de l&rsquo;int\u00e9gration des crypto-monnaies dans les programmes de r\u00e9compense et de fid\u00e9lit\u00e9.<\/li>\n<li>L&rsquo;int\u00e9gration MyCred Coinbase permet aux utilisateurs de gagner ou de d\u00e9penser des r\u00e9compenses de crypto-monnaie via la plate-forme MyCred, d&rsquo;offrir une gamme de possibilit\u00e9s telles que l&rsquo;\u00e9change de r\u00e9compenses contre d&rsquo;autres crypto-monnaies, l&rsquo;achat ou la vente de monnaie fiduciaire ou le transfert vers d&rsquo;autres utilisateurs ou portefeuilles.<\/li>\n<li>Les utilisateurs ont des options de flexibilit\u00e9 et de personnalisation approfondies pour g\u00e9rer leurs r\u00e9compenses de crypto-monnaie, y compris la sp\u00e9cification des r\u00e8gles de r\u00e9compense et la cr\u00e9ation de r\u00e9compenses uniques disponibles pour les utilisateurs avec un certain niveau de r\u00e9ussite.<\/li>\n<li>Les commer\u00e7ants qui cherchent \u00e0 int\u00e9grer les crypto-monnaies dans leurs programmes de fid\u00e9lit\u00e9 peuvent permettre \u00e0 l&rsquo;int\u00e9gration MyCred Coinbase d&rsquo;offrir aux clients une solution rationalis\u00e9e et facile \u00e0 g\u00e9rer, y compris des remises pour les clients qui paient avec les crypto-monnaies et les r\u00e9compenses automatiques pour des actions sp\u00e9cifiques.<\/li>\n<li>L&rsquo;int\u00e9gration MyCred Coinbase aide \u00e0 g\u00e9n\u00e9rer une plus grande adoption des crypto-monnaies et apporte les avantages de cette technologie \u00e0 un public plus large, offrant un excellent moyen pour les blogueurs, les propri\u00e9taires de sites Web et les entreprises en ligne d&rsquo;\u00e9lever leurs programmes de r\u00e9compense et de fid\u00e9lit\u00e9.<\/li>\n<\/ul>\n","protected":false},"excerpt":{"rendered":"<p>L&rsquo;int\u00e9gration de MyCred avec Coinbase offre aux utilisateurs la possibilit\u00e9 d&rsquo;accumuler ou d&rsquo;utiliser des r\u00e9compenses de crypto-monnaie via la plate-forme MyCred, facilitant ainsi une exp\u00e9rience transparente. En \u00e9tablissant un lien entre leur compte Coinbase et MyCred, les utilisateurs ont acc\u00e8s \u00e0 une pl\u00e9thore de possibilit\u00e9s, y compris, mais sans s&rsquo;y limiter .<\/p>\n","protected":false},"featured_media":146668,"comment_status":"open","ping_status":"open","template":"","meta":[],"product_brand":[2599],"product_cat":[1189,1181,1186],"product_tag":[2238],"class_list":{"0":"post-133442","1":"product","2":"type-product","3":"status-publish","4":"has-post-thumbnail","6":"product_brand-mycred","7":"product_cat-personnalisation","8":"product_cat-plugins","9":"product_cat-wordpress-plugins","10":"product_tag-mycred","11":"member-discount","12":"discount-restricted","14":"first","15":"instock","16":"sale","17":"downloadable","18":"virtual","19":"sold-individually","20":"purchasable","21":"product-type-simple"},"_links":{"self":[{"href":"https:\/\/gpl-love.com\/fr\/wp-json\/wp\/v2\/product\/133442","targetHints":{"allow":["GET"]}}],"collection":[{"href":"https:\/\/gpl-love.com\/fr\/wp-json\/wp\/v2\/product"}],"about":[{"href":"https:\/\/gpl-love.com\/fr\/wp-json\/wp\/v2\/types\/product"}],"replies":[{"embeddable":true,"href":"https:\/\/gpl-love.com\/fr\/wp-json\/wp\/v2\/comments?post=133442"}],"wp:featuredmedia":[{"embeddable":true,"href":"https:\/\/gpl-love.com\/fr\/wp-json\/wp\/v2\/media\/146668"}],"wp:attachment":[{"href":"https:\/\/gpl-love.com\/fr\/wp-json\/wp\/v2\/media?parent=133442"}],"wp:term":[{"taxonomy":"product_brand","embeddable":true,"href":"https:\/\/gpl-love.com\/fr\/wp-json\/wp\/v2\/product_brand?post=133442"},{"taxonomy":"product_cat","embeddable":true,"href":"https:\/\/gpl-love.com\/fr\/wp-json\/wp\/v2\/product_cat?post=133442"},{"taxonomy":"product_tag","embeddable":true,"href":"https:\/\/gpl-love.com\/fr\/wp-json\/wp\/v2\/product_tag?post=133442"}],"curies":[{"name":"wp","href":"https:\/\/api.w.org\/{rel}","templated":true}]}}