{"id":133441,"date":"2025-08-09T00:00:00","date_gmt":"2025-08-08T22:00:00","guid":{"rendered":"https:\/\/gpl-love.com\/fr\/produit\/mycred-anniversary\/"},"modified":"2026-03-20T23:57:33","modified_gmt":"2026-03-20T22:57:33","slug":"mycred-anniversary","status":"publish","type":"product","link":"https:\/\/gpl-love.com\/fr\/produit\/mycred-anniversary\/","title":{"rendered":"myCred Anniversary 1.0.4"},"content":{"rendered":"<h3>myCred Anniversary Traits<\/h3>\n<p>Le plugin MyCred Anniversary Pro, qui est un plugin WordPress in\u00e9gal\u00e9, offre aux propri\u00e9taires de sites Web la possibilit\u00e9 de cr\u00e9er et de g\u00e9rer des \u00e9v\u00e9nements d&rsquo;anniversaire qui offrent aux utilisateurs des points, des badges ou d&rsquo;autres incitations en r\u00e9compense pour leur fid\u00e9lit\u00e9. Ce plugin est non seulement incroyablement flexible, mais aussi un outil puissant qui permet aux entreprises d&rsquo;engager leurs clients et de favoriser la fid\u00e9lit\u00e9 \u00e0 long terme en les motivant \u00e0 revisiter leur site Web.<\/p>\n<p>L&rsquo;une des fonctionnalit\u00e9s notables de ce plugin est la possibilit\u00e9 pour les propri\u00e9taires de sites Web de configurer des \u00e9v\u00e9nements d&rsquo;anniversaire qui comm\u00e9morent des jalons sp\u00e9cifiques dans le parcours d&rsquo;un utilisateur. Ces jalons peuvent inclure la date \u00e0 laquelle l&rsquo;utilisateur s&rsquo;est inscrit ou le nombre d&rsquo;ann\u00e9es o\u00f9 il a \u00e9t\u00e9 client, entre autres occasions importantes. Une fois ces \u00e9v\u00e9nements configur\u00e9s, ils peuvent \u00eatre programm\u00e9s pour d\u00e9clencher des r\u00e9compenses automatiques pour les utilisateurs, tels que des points \u00e9changeables, des badges personnalis\u00e9s ou des avantages exclusifs. Ces r\u00e9compenses sont con\u00e7ues pour inciter les utilisateurs \u00e0 continuer de s&rsquo;engager avec le site Web.<\/p>\n<p>En plus de sa nature conviviale, le plugin MyCred Anniversary Pro offre une pl\u00e9thore d&rsquo;options de personnalisation. Cela permet aux entreprises d&rsquo;adapter les r\u00e9compenses et les \u00e9v\u00e9nements qui s&rsquo;alignent sur leur image de marque et leur messagerie. Qu&rsquo;une entreprise cr\u00e9e un programme de fid\u00e9lit\u00e9 simple ou une structure d&rsquo;incitation complexe, ce plugin offre une immense flexibilit\u00e9 et toutes les fonctionnalit\u00e9s n\u00e9cessaires \u00e0 l&rsquo;int\u00e9gration transparente avec n&rsquo;importe quel site Web. Les pages de tableau de bord et de param\u00e8tres faciles \u00e0 utiliser du plugin, associ\u00e9es \u00e0 son interface conviviale, offrent aux propri\u00e9taires de sites Web un aper\u00e7u de toutes les donn\u00e9es dont ils ont besoin.<\/p>\n<p>En outre, ce plugin propose des capacit\u00e9s d&rsquo;analyse et de rapports avanc\u00e9es. Cela permet aux entreprises de suivre l&rsquo;impact de leurs \u00e9v\u00e9nements d&rsquo;anniversaire et de les affiner pour obtenir un engagement maximal des clients. En tirant parti de ces donn\u00e9es perspicaces, les entreprises peuvent s&rsquo;assurer qu&rsquo;elles investissent dans les bonnes structures d&rsquo;incitation et adoptent une approche ax\u00e9e sur les donn\u00e9es de leur strat\u00e9gie de r\u00e9tention de client\u00e8le.<\/p>\n<p>En ce qui concerne la compatibilit\u00e9, le plugin MyCred Anniversary Pro est compatible avec pratiquement tous les th\u00e8mes WordPress. Il peut \u00e9galement \u00eatre facilement int\u00e9gr\u00e9 \u00e0 des plugins populaires comme WooCommerce, BuddyPress et LearnPress. Cette compatibilit\u00e9 en fait une solution puissante qui permet aux propri\u00e9taires de sites Web de cr\u00e9er un programme de fid\u00e9lit\u00e9 complet et d&rsquo;augmenter l&rsquo;engagement des clients sans avoir besoin de scripts compliqu\u00e9s ou d&#8217;embauche de d\u00e9veloppeurs.<\/p>\n<p>En conclusion, le plugin MyCred Anniversary Pro est un outil essentiel pour les entreprises qui cherchent \u00e0 stimuler la fid\u00e9lit\u00e9 et l&rsquo;engagement des clients. Ses fonctionnalit\u00e9s puissantes, ses options de personnalisation flexibles et ses choix d&rsquo;int\u00e9gration faciles en font une solution id\u00e9ale pour tout site Web WordPress. En exploitant la puissance de ce plugin, les entreprises peuvent cr\u00e9er des \u00e9v\u00e9nements anniversaire efficaces, r\u00e9compenser leurs clients les plus fid\u00e8les et favoriser la fid\u00e9lit\u00e9 \u00e0 long terme de la marque. D\u00e9couvrez les avantages de MyCred Anniversary Pro aujourd&rsquo;hui et<\/p>\n<ul>\n<li>MyCred Anniversary Pro est un plugin WordPress qui permet aux propri\u00e9taires de sites Web de cr\u00e9er et de g\u00e9rer des \u00e9v\u00e9nements d&rsquo;anniversaire qui r\u00e9compensent les utilisateurs pour leur fid\u00e9lit\u00e9.<\/li>\n<li>Le plugin propose une gamme d&rsquo;options, y compris des points, des badges et des incitations, que les entreprises peuvent utiliser pour engager leurs clients et favoriser la loyaut\u00e9 \u00e0 long terme.<\/li>\n<li>Les propri\u00e9taires de sites Web peuvent configurer des \u00e9v\u00e9nements d&rsquo;anniversaire pour comm\u00e9morer les jalons dans le parcours d&rsquo;un utilisateur et programmer des r\u00e9compenses automatiques pour d\u00e9clencher les utilisateurs.<\/li>\n<li>Les entreprises peuvent personnaliser leurs r\u00e9compenses et leurs \u00e9v\u00e9nements pour s&rsquo;aligner sur leur image de marque et leur messagerie \u00e0 l&rsquo;aide des options d&rsquo;interface et de personnalisation conviviales du plugin.<\/li>\n<li>MyCred Anniversary Pro propose un syst\u00e8me avanc\u00e9 d&rsquo;analyse et de rapport que les entreprises peuvent utiliser pour suivre l&rsquo;impact de leurs \u00e9v\u00e9nements d&rsquo;anniversaire et optimiser leur strat\u00e9gie de r\u00e9tention de client\u00e8le.<\/li>\n<li>Le plugin est compatible avec pratiquement tous les th\u00e8mes WordPress et peut \u00eatre facilement int\u00e9gr\u00e9 \u00e0 des plugins populaires, y compris WooCommerce, BuddyPress et LearnPress.<\/li>\n<li>MyCred Anniversary Pro est une solution puissante pour les entreprises qui cherchent \u00e0 accro\u00eetre l&rsquo;engagement des clients et \u00e0 stimuler la fid\u00e9lit\u00e9 des clients.<\/li>\n<\/ul>\n","protected":false},"excerpt":{"rendered":"<p>Le plugin MyCred Anniversary Pro, sp\u00e9cialement d\u00e9velopp\u00e9 pour les sites Web WordPress, sert d&rsquo;outil indispensable permettant aux propri\u00e9taires de sites Web d&rsquo;\u00e9tablir et de superviser sans effort les \u00e9v\u00e9nements d&rsquo;anniversaire. En vertu de ce plugin avanc\u00e9, les utilisateurs sont d\u00fbment reconnus pour leur engagement gr\u00e2ce \u00e0 la r\u00e9partition des points, des badges ou d&rsquo;autres avantages s\u00e9duisants. Arm\u00e9 de ses capacit\u00e9s remarquables, ce plugin favorise effectivement l&rsquo;engagement des utilisateurs, fortifier la fid\u00e9lit\u00e9 des clients et inciter les visites r\u00e9currentes \u00e0 votre site Web estim\u00e9.<\/p>\n","protected":false},"featured_media":146667,"comment_status":"open","ping_status":"open","template":"","meta":[],"product_brand":[2599],"product_cat":[1189,1181,1186],"product_tag":[2238],"class_list":{"0":"post-133441","1":"product","2":"type-product","3":"status-publish","4":"has-post-thumbnail","6":"product_brand-mycred","7":"product_cat-personnalisation","8":"product_cat-plugins","9":"product_cat-wordpress-plugins","10":"product_tag-mycred","11":"member-discount","12":"discount-restricted","14":"first","15":"instock","16":"sale","17":"downloadable","18":"virtual","19":"sold-individually","20":"purchasable","21":"product-type-simple"},"_links":{"self":[{"href":"https:\/\/gpl-love.com\/fr\/wp-json\/wp\/v2\/product\/133441","targetHints":{"allow":["GET"]}}],"collection":[{"href":"https:\/\/gpl-love.com\/fr\/wp-json\/wp\/v2\/product"}],"about":[{"href":"https:\/\/gpl-love.com\/fr\/wp-json\/wp\/v2\/types\/product"}],"replies":[{"embeddable":true,"href":"https:\/\/gpl-love.com\/fr\/wp-json\/wp\/v2\/comments?post=133441"}],"wp:featuredmedia":[{"embeddable":true,"href":"https:\/\/gpl-love.com\/fr\/wp-json\/wp\/v2\/media\/146667"}],"wp:attachment":[{"href":"https:\/\/gpl-love.com\/fr\/wp-json\/wp\/v2\/media?parent=133441"}],"wp:term":[{"taxonomy":"product_brand","embeddable":true,"href":"https:\/\/gpl-love.com\/fr\/wp-json\/wp\/v2\/product_brand?post=133441"},{"taxonomy":"product_cat","embeddable":true,"href":"https:\/\/gpl-love.com\/fr\/wp-json\/wp\/v2\/product_cat?post=133441"},{"taxonomy":"product_tag","embeddable":true,"href":"https:\/\/gpl-love.com\/fr\/wp-json\/wp\/v2\/product_tag?post=133441"}],"curies":[{"name":"wp","href":"https:\/\/api.w.org\/{rel}","templated":true}]}}