{"id":133440,"date":"2024-10-21T00:00:00","date_gmt":"2024-10-20T22:00:00","guid":{"rendered":"https:\/\/gpl-love.com\/fr\/produit\/mycred-2checkout\/"},"modified":"2026-03-20T23:57:32","modified_gmt":"2026-03-20T22:57:32","slug":"mycred-2checkout","status":"publish","type":"product","link":"https:\/\/gpl-love.com\/fr\/produit\/mycred-2checkout\/","title":{"rendered":"myCred 2checkout 1.0.6"},"content":{"rendered":"<h3>myCred 2checkout Traits<\/h3>\n<p>L&rsquo;int\u00e9gration MyCred 2Checkout est un addon tr\u00e8s complet et sophistiqu\u00e9 qui relie de mani\u00e8re transparente le syst\u00e8me de gestion des points MyCred largement utilis\u00e9 avec la passerelle de paiement 2Checkout r\u00e9put\u00e9e. Cette int\u00e9gration offre aux utilisateurs une plate-forme pratique et fiable \u00e0 travers laquelle ils peuvent acheter des points ou des r\u00e9compenses, rationalisant ainsi l&rsquo;int\u00e9gralit\u00e9 de la proc\u00e9dure d&rsquo;achat de points et am\u00e9liorant consid\u00e9rablement l&rsquo;exp\u00e9rience utilisateur globale. En cons\u00e9quence, cet addon sert de solution extr\u00eamement efficace pour mon\u00e9tiser le syst\u00e8me de r\u00e9compenses de votre site Web tout en respectant et en renfor\u00e7ant la confiance et en confiance des utilisateurs.<\/p>\n<p>Avec l&rsquo;addon MyCred 2Checkout, vous avez la possibilit\u00e9 d&rsquo;\u00e9tablir et de g\u00e9rer efficacement la vente de points ou de r\u00e9compenses, permettant ainsi aux utilisateurs de les acheter directement sur votre site Web en utilisant une vari\u00e9t\u00e9 de m\u00e9thodes de paiement prises en charge par 2Checkout, tels que les cartes de cr\u00e9dit, PayPal et beaucoup d&rsquo;autres. De plus, cet addon poss\u00e8de une interface conviviale qui simplifie le processus pour que les utilisateurs puissent s\u00e9lectionner le package de points souhait\u00e9 et terminer sans effort la transaction.<\/p>\n<p>L&rsquo;un des avantages les plus remarquables de l&rsquo;utilisation de MyCred 2Checkout est la s\u00e9curit\u00e9 exceptionnelle qu&rsquo;elle offre aux propri\u00e9taires de sites Web et aux utilisateurs. En int\u00e9grant de mani\u00e8re transparente avec la passerelle de paiement 2Checkout, cet addon garantit que toutes les transactions sont trait\u00e9es en toute s\u00e9curit\u00e9 et en pleine conformit\u00e9 avec les derni\u00e8res normes de l&rsquo;industrie, y compris PCI DSS. Ce niveau \u00e9lev\u00e9 de s\u00e9curit\u00e9 prot\u00e8ge efficacement efficacement les donn\u00e9es des utilisateurs sensibles, mais joue \u00e9galement un r\u00f4le central dans l&rsquo;\u00e9tablissement et la promotion de la confiance et la confiance des utilisateurs dans le syst\u00e8me de r\u00e9compenses de votre site Web.<\/p>\n<p>L&rsquo;addon MyCred 2Checkout est \u00e9galement incroyablement flexible, vous permettant d&rsquo;adapter le syst\u00e8me de points pour r\u00e9pondre avec pr\u00e9cision aux besoins sp\u00e9cifiques de votre site Web et de votre public cible. Cela signifie que vous avez la possibilit\u00e9 de cr\u00e9er des packages de points personnalis\u00e9s, d&rsquo;\u00e9tablir diff\u00e9rents niveaux de prix et m\u00eame d&rsquo;offrir des remises promotionnelles dans le but d&rsquo;inciter les utilisateurs \u00e0 acheter des points et \u00e0 s&rsquo;engager activement avec le contenu de votre site Web.<\/p>\n<p>De plus, cet addon s&rsquo;int\u00e8gre parfaitement au plugin MyCred, assurant une int\u00e9gration compl\u00e8tement lisse et sans tracas avec votre syst\u00e8me de gestion des points existants. Cette compatibilit\u00e9 permet le fonctionnement transparent de votre programme de r\u00e9compenses, ce qui rend exceptionnellement facile pour les utilisateurs d&rsquo;acheter, d&rsquo;\u00e9changer et de g\u00e9rer leurs points, entra\u00eenant finalement un engagement accru et une loyaut\u00e9 \u00e0 long terme.<\/p>\n<p>En conclusion, l&rsquo;addon MyCred 2Checkout repr\u00e9sente un outil inestimable et indispensable qui comble efficacement l&rsquo;\u00e9cart entre le syst\u00e8me de gestion des points MyCred immens\u00e9ment populaire et la passerelle de paiement 2Checkout tr\u00e8s fiable. En simplifiant le processus d&rsquo;achat de points, en am\u00e9liorant l&rsquo;exp\u00e9rience utilisateur et en fournissant une solution s\u00e9curis\u00e9e et fiable pour mon\u00e9tiser le syst\u00e8me de r\u00e9compenses de votre site Web, cette int\u00e9gration<\/p>\n<ul>\n<li>Int\u00e9gration compl\u00e8te entre MyCred Points Management System et 2Checkout Payment Gateway<\/li>\n<li>Permet aux utilisateurs d&rsquo;acheter des points ou des r\u00e9compenses via une plate-forme s\u00e9curis\u00e9e et fiable<\/li>\n<li>Rationalise le processus d&rsquo;achat de points et am\u00e9liore l&rsquo;exp\u00e9rience utilisateur globale<\/li>\n<li>Fournit une solution efficace pour mon\u00e9tiser le syst\u00e8me de r\u00e9compenses tout en maintenant la confiance et la confiance des utilisateurs<\/li>\n<li>Configuration facile et gestion des ventes de points avec des m\u00e9thodes de paiement 2Checkout (cartes de cr\u00e9dit, PayPal, etc.)<\/li>\n<li>Des mesures de s\u00e9curit\u00e9 robustes garantissent la conformit\u00e9 aux normes de l&rsquo;industrie, y compris le PCI DSS<\/li>\n<li>Conception flexible pour les packages de points personnalis\u00e9s et les niveaux de tarification<\/li>\n<li>Int\u00e9gration transparente avec le plugin MyCred pour le bon fonctionnement du programme de r\u00e9compenses<\/li>\n<li>Outil inestimable pour stimuler l&rsquo;engagement des utilisateurs et la mon\u00e9tisation du programme de r\u00e9compenses.<\/li>\n<\/ul>\n","protected":false},"excerpt":{"rendered":"<p>L&rsquo;int\u00e9gration MyCred 2Checkout est une fusion tr\u00e8s efficace et transparente du syst\u00e8me de gestion des points MyCred largement acclam\u00e9 et de la passerelle de paiement 2Checkout immens\u00e9ment populaire. Cette int\u00e9gration exceptionnelle facilite les utilisateurs dans l&rsquo;achat de points ou de r\u00e9compenses d&rsquo;une mani\u00e8re remarquablement sans effort et sans tracas, le tout dans les limites d&rsquo;une plate-forme s\u00e9curis\u00e9e et in\u00e9branlable. L&rsquo;inclusion de cet addon remarquable rationalise non seulement l&rsquo;ensemble du processus d&rsquo;achat des points, mais augmente \u00e9galement consid\u00e9rablement l&rsquo;exp\u00e9rience utilisateur globale, fournissant ainsi une solution exceptionnellement fiable et digne de confiance pour mon\u00e9tiser efficacement le syst\u00e8me de r\u00e9compenses de votre site Web estim\u00e9.<\/p>\n","protected":false},"featured_media":146666,"comment_status":"open","ping_status":"open","template":"","meta":[],"product_brand":[2599],"product_cat":[1189,1181,1186],"product_tag":[2238],"class_list":{"0":"post-133440","1":"product","2":"type-product","3":"status-publish","4":"has-post-thumbnail","6":"product_brand-mycred","7":"product_cat-personnalisation","8":"product_cat-plugins","9":"product_cat-wordpress-plugins","10":"product_tag-mycred","11":"member-discount","12":"discount-restricted","14":"first","15":"instock","16":"sale","17":"downloadable","18":"virtual","19":"sold-individually","20":"purchasable","21":"product-type-simple"},"_links":{"self":[{"href":"https:\/\/gpl-love.com\/fr\/wp-json\/wp\/v2\/product\/133440","targetHints":{"allow":["GET"]}}],"collection":[{"href":"https:\/\/gpl-love.com\/fr\/wp-json\/wp\/v2\/product"}],"about":[{"href":"https:\/\/gpl-love.com\/fr\/wp-json\/wp\/v2\/types\/product"}],"replies":[{"embeddable":true,"href":"https:\/\/gpl-love.com\/fr\/wp-json\/wp\/v2\/comments?post=133440"}],"wp:featuredmedia":[{"embeddable":true,"href":"https:\/\/gpl-love.com\/fr\/wp-json\/wp\/v2\/media\/146666"}],"wp:attachment":[{"href":"https:\/\/gpl-love.com\/fr\/wp-json\/wp\/v2\/media?parent=133440"}],"wp:term":[{"taxonomy":"product_brand","embeddable":true,"href":"https:\/\/gpl-love.com\/fr\/wp-json\/wp\/v2\/product_brand?post=133440"},{"taxonomy":"product_cat","embeddable":true,"href":"https:\/\/gpl-love.com\/fr\/wp-json\/wp\/v2\/product_cat?post=133440"},{"taxonomy":"product_tag","embeddable":true,"href":"https:\/\/gpl-love.com\/fr\/wp-json\/wp\/v2\/product_tag?post=133440"}],"curies":[{"name":"wp","href":"https:\/\/api.w.org\/{rel}","templated":true}]}}