{"id":133438,"date":"2026-03-25T00:00:00","date_gmt":"2026-03-24T23:00:00","guid":{"rendered":"https:\/\/gpl-love.com\/fr\/produit\/themify-post-type-builder-submissions\/"},"modified":"2026-03-25T23:31:25","modified_gmt":"2026-03-25T22:31:25","slug":"themify-post-type-builder-submissions","status":"publish","type":"product","link":"https:\/\/gpl-love.com\/fr\/produit\/themify-post-type-builder-submissions\/","title":{"rendered":"Themify Post Type Builder Submissions 2.2.7"},"content":{"rendered":"<h3>Themify Post Type Builder Submissions Traits<\/h3>\n<p>Le plugin de soumissions de builder THEFIFY POST TYPE est un outil incroyablement puissant et flexible qui a \u00e9t\u00e9 sp\u00e9cifiquement et m\u00e9ticuleusement con\u00e7u pour s&rsquo;int\u00e9grer de mani\u00e8re transparente avec le constructeur de types de messagerie The Th\u00e9ify. Cette int\u00e9gration permet aux utilisateurs de soumettre et de g\u00e9rer sans effort le contenu pour les types de messages personnalis\u00e9s, offrant une exp\u00e9rience remarquablement conviviale. Gr\u00e2ce aux capacit\u00e9s du plugin, le processus de soumission de contenu est consid\u00e9rablement simplifi\u00e9, ce qui rend incroyablement facile pour les visiteurs du site Web de contribuer \u00e0 votre site. En cons\u00e9quence, ce plugin favorise un environnement d&rsquo;engagement communautaire et de contenu g\u00e9n\u00e9r\u00e9 par les utilisateurs, cr\u00e9ant un espace en ligne dynamique et dynamique.<\/p>\n<p>L&rsquo;une des principales fonctionnalit\u00e9s du plugin de soumissions de type de type Post THEIFY est sa capacit\u00e9 \u00e0 cr\u00e9er des formes personnalis\u00e9es parfaitement adapt\u00e9es \u00e0 vos besoins sp\u00e9cifiques. Cela garantit que le contenu soumis s&rsquo;aligne harmonieusement avec la structure et la conception globales de votre site. Avec ce plugin, vous avez un contr\u00f4le complet sur le type de contenu qui peut \u00eatre soumis gr\u00e2ce \u00e0 l&rsquo;incorporation de divers champs d&rsquo;entr\u00e9e, tels que le texte, l&rsquo;image et les t\u00e9l\u00e9chargements de fichiers.<\/p>\n<p>En plus de faciliter la soumission du contenu, le plugin fournit \u00e9galement un syst\u00e8me de gestion rationalis\u00e9 pour examiner et mod\u00e9rer le contenu soumis par l&rsquo;utilisateur. Les administrateurs peuvent sans effort approuver, modifier ou supprimer les soumissions directement du backend, garantissant que seul le contenu de haute qualit\u00e9 et pertinent est publi\u00e9 sur le site. En outre, le plugin offre la capacit\u00e9 inestimable de configurer des notifications par e-mail, garantissant que les administrateurs sont rapidement inform\u00e9s des nouvelles soumissions et mises \u00e0 jour en temps r\u00e9el.<\/p>\n<p>Pour am\u00e9liorer davantage l&rsquo;exp\u00e9rience utilisateur, le plugin de soumissions de type de types de post THEIFY prend en charge les soumissions de frontend et l&rsquo;\u00e9dition. Cela permet aux utilisateurs de mani\u00e8re significative de leur permettre de soumettre et de g\u00e9rer sans effort leur contenu sans jamais avoir besoin d&rsquo;acc\u00e9der au tableau de bord WordPress. Cette fonctionnalit\u00e9 simplifie non seulement le processus de soumission pour les utilisateurs, mais maintient \u00e9galement la s\u00e9curit\u00e9 et l&rsquo;int\u00e9grit\u00e9 globales de votre site Web.<\/p>\n<p>Tout bien consid\u00e9r\u00e9, le plugin de soumissions Post Type Type Tymy est un outil indispensable pour tout site Web qui cherche \u00e0 encourager le contenu g\u00e9n\u00e9r\u00e9 par les utilisateurs, \u00e0 am\u00e9liorer l&rsquo;engagement de la communaut\u00e9 et \u00e0 rationaliser le processus de soumission et de gestion du contenu. En tirant parti des capacit\u00e9s remarquables de ce plugin, vous pouvez cr\u00e9er un espace en ligne impressionnant et captivant qui prosp\u00e8re sur les contributions de ses utilisateurs.<\/p>\n<ul>\n<li>S&rsquo;int\u00e8gre de mani\u00e8re transparente avec le constructeur de types de post Themey<\/li>\n<li>Simplifie le processus de soumission et de gestion du contenu<\/li>\n<li>Formulaires personnalisables adapt\u00e9s \u00e0 des exigences sp\u00e9cifiques<\/li>\n<li>Prend en charge divers champs d&rsquo;entr\u00e9e, y compris les t\u00e9l\u00e9chargements de texte, d&rsquo;image et de fichiers<\/li>\n<li>Syst\u00e8me de revue de contenu et de mod\u00e9ration rationalis\u00e9s<\/li>\n<li>Notifications par e-mail pour les nouvelles soumissions et mises \u00e0 jour<\/li>\n<li>Soumissions frontales et \u00e9dition pour une am\u00e9lioration de l&rsquo;exp\u00e9rience utilisateur<\/li>\n<li>Am\u00e9liore l&rsquo;engagement communautaire et le contenu g\u00e9n\u00e9r\u00e9 par les utilisateurs<\/li>\n<li>Maintient la s\u00e9curit\u00e9 et l&rsquo;int\u00e9grit\u00e9 du site Web<\/li>\n<li>Id\u00e9al pour les sites Web cherchant \u00e0 favoriser un environnement dynamique et riche en contenu<\/li>\n<\/ul>\n","protected":false},"excerpt":{"rendered":"<p>Le plugin de soumissions de builder THEIFY POST TYPE est un outil incroyablement polyvalent qui offre aux utilisateurs la capacit\u00e9 transparente pour soumettre et g\u00e9rer efficacement le contenu efficace pour les types de publication personnalis\u00e9s qui ont \u00e9t\u00e9 cr\u00e9\u00e9s \u00e0 l&rsquo;aide du Builder de type Post THEFIFY. Avec son interface intuitive et conviviale, cette solution permet aux visiteurs du site Web en leur permettant de contribuer activement leur propre contenu, ce qui en fait une excellente ressource pour favoriser l&rsquo;engagement communautaire et le contenu g\u00e9n\u00e9r\u00e9 par les utilisateurs. De plus, il simplifie consid\u00e9rablement le processus global de soumission du contenu, ce qui entra\u00eene une exp\u00e9rience plus rationalis\u00e9e et efficace.<\/p>\n","protected":false},"featured_media":146664,"comment_status":"open","ping_status":"open","template":"","meta":[],"product_brand":[2674],"product_cat":[1189,1181,1186],"product_tag":[1375],"class_list":{"0":"post-133438","1":"product","2":"type-product","3":"status-publish","4":"has-post-thumbnail","6":"product_brand-themify","7":"product_cat-personnalisation","8":"product_cat-plugins","9":"product_cat-wordpress-plugins","10":"product_tag-themify","11":"member-discount","12":"discount-restricted","14":"first","15":"instock","16":"sale","17":"downloadable","18":"virtual","19":"sold-individually","20":"purchasable","21":"product-type-simple"},"_links":{"self":[{"href":"https:\/\/gpl-love.com\/fr\/wp-json\/wp\/v2\/product\/133438","targetHints":{"allow":["GET"]}}],"collection":[{"href":"https:\/\/gpl-love.com\/fr\/wp-json\/wp\/v2\/product"}],"about":[{"href":"https:\/\/gpl-love.com\/fr\/wp-json\/wp\/v2\/types\/product"}],"replies":[{"embeddable":true,"href":"https:\/\/gpl-love.com\/fr\/wp-json\/wp\/v2\/comments?post=133438"}],"wp:featuredmedia":[{"embeddable":true,"href":"https:\/\/gpl-love.com\/fr\/wp-json\/wp\/v2\/media\/146664"}],"wp:attachment":[{"href":"https:\/\/gpl-love.com\/fr\/wp-json\/wp\/v2\/media?parent=133438"}],"wp:term":[{"taxonomy":"product_brand","embeddable":true,"href":"https:\/\/gpl-love.com\/fr\/wp-json\/wp\/v2\/product_brand?post=133438"},{"taxonomy":"product_cat","embeddable":true,"href":"https:\/\/gpl-love.com\/fr\/wp-json\/wp\/v2\/product_cat?post=133438"},{"taxonomy":"product_tag","embeddable":true,"href":"https:\/\/gpl-love.com\/fr\/wp-json\/wp\/v2\/product_tag?post=133438"}],"curies":[{"name":"wp","href":"https:\/\/api.w.org\/{rel}","templated":true}]}}