{"id":133437,"date":"2026-01-23T00:00:00","date_gmt":"2026-01-22T23:00:00","guid":{"rendered":"https:\/\/gpl-love.com\/fr\/produit\/learndash-lms-notifications\/"},"modified":"2026-03-20T23:57:29","modified_gmt":"2026-03-20T22:57:29","slug":"learndash-lms-notifications","status":"publish","type":"product","link":"https:\/\/gpl-love.com\/fr\/produit\/learndash-lms-notifications\/","title":{"rendered":"LearnDash LMS Notifications 1.6.7"},"content":{"rendered":"<h3>LearnDash LMS Notifications Traits<\/h3>\n<p>L&rsquo;Addon des notifications LMS Learndash, une ressource inestimable m\u00e9ticuleusement con\u00e7ue pour augmenter la gestion de l&rsquo;apprentissage en ligne des utilisateurs, a \u00e9t\u00e9 ing\u00e9nieusement con\u00e7ue pour transmettre des alertes et des mises \u00e0 jour en temps opportun concernant les progr\u00e8s des cours. Cet addon remarquable pr\u00e9sente une pl\u00e9thore de fonctionnalit\u00e9s inestimables, y compris la possibilit\u00e9 de fournir de doux rappels concernant les d\u00e9lais imminent, de diffuser des annonces informatives concernant la disponibilit\u00e9 de nouveaux supports de cours et d&rsquo;\u00e9mettre des notifications concernant les affectations ou les quiz. En vertu de sa polyvalence remarquable, les notifications LMS Learndash Addon facilitent une personnalisation approfondie, permettant ainsi aux utilisateurs d&rsquo;adapter leurs param\u00e8tres de notification en parfait accord avec leurs exigences uniques et leurs pr\u00e9f\u00e9rences individualis\u00e9es. Par cons\u00e9quent, cet addon r\u00e9volutionnaire permet aux utilisateurs de rester fermement au courant de leurs cours en cours, \u00e9liminant efficacement la possibilit\u00e9 de manquer des d\u00e9lais pivots, tout en \u00e9vitant simultan\u00e9ment la n\u00e9cessit\u00e9 de rappels manuels encombrants. Ainsi, il appara\u00eet sans \u00e9quivoque comme un outil indispensable, qui est assur\u00e9 de r\u00e9pondre de mani\u00e8re optimale aux divers besoins et exigences des apprenants, des \u00e9ducateurs et, en fait, de toute personne qui cherche \u00e0 maximiser leur exp\u00e9rience d&rsquo;apprentissage num\u00e9ris\u00e9e.<\/p>\n<ul>\n<li>Donne des notifications automatiques aux utilisateurs<\/li>\n<li>Mod\u00e8les de messagerie personnalisables<\/li>\n<li>Configurer les notifications par cours ou groupe<\/li>\n<li>Accueille divers d\u00e9clencheurs et actions<\/li>\n<li>Streams d&rsquo;activit\u00e9 en direct<\/li>\n<li>Envoie des notifications par e-mail ou SMS<\/li>\n<li>Compatible avec les configurations multisites WordPress<\/li>\n<li>Synchronisation avec Zapier<\/li>\n<li>Achat unique avec z\u00e9ro frais en cours<\/li>\n<li>Prend en charge LearnDash LMS version 3.0 et sup\u00e9rieur<\/li>\n<\/ul>\n","protected":false},"excerpt":{"rendered":"<p>En introduisant une nouvelle dimension de l&rsquo;engagement, cette extension am\u00e9liore efficacement la participation de l&rsquo;apprenant \u00e0 vos cours Learndash. Il vous permet de configurer un \u00e9ventail diversifi\u00e9 de notifications automatiques qui sont d\u00e9clench\u00e9es par les actions ou les inactions des apprenants dans un cours. Cet outil remarquable est parfaitement adapt\u00e9 pour \u00e9lever la participation, la motivation, les efforts promotionnels et la capitalisation des opportunit\u00e9s de vente crois\u00e9e.<\/p>\n","protected":false},"featured_media":146663,"comment_status":"open","ping_status":"open","template":"","meta":[],"product_brand":[2579],"product_cat":[1207,1181,1186],"product_tag":[1295],"class_list":{"0":"post-133437","1":"product","2":"type-product","3":"status-publish","4":"has-post-thumbnail","6":"product_brand-learndash","7":"product_cat-commercialisation-wordpress-plugins","8":"product_cat-plugins","9":"product_cat-wordpress-plugins","10":"product_tag-learndash","11":"member-discount","12":"discount-restricted","14":"first","15":"instock","16":"sale","17":"downloadable","18":"virtual","19":"sold-individually","20":"purchasable","21":"product-type-simple"},"_links":{"self":[{"href":"https:\/\/gpl-love.com\/fr\/wp-json\/wp\/v2\/product\/133437","targetHints":{"allow":["GET"]}}],"collection":[{"href":"https:\/\/gpl-love.com\/fr\/wp-json\/wp\/v2\/product"}],"about":[{"href":"https:\/\/gpl-love.com\/fr\/wp-json\/wp\/v2\/types\/product"}],"replies":[{"embeddable":true,"href":"https:\/\/gpl-love.com\/fr\/wp-json\/wp\/v2\/comments?post=133437"}],"wp:featuredmedia":[{"embeddable":true,"href":"https:\/\/gpl-love.com\/fr\/wp-json\/wp\/v2\/media\/146663"}],"wp:attachment":[{"href":"https:\/\/gpl-love.com\/fr\/wp-json\/wp\/v2\/media?parent=133437"}],"wp:term":[{"taxonomy":"product_brand","embeddable":true,"href":"https:\/\/gpl-love.com\/fr\/wp-json\/wp\/v2\/product_brand?post=133437"},{"taxonomy":"product_cat","embeddable":true,"href":"https:\/\/gpl-love.com\/fr\/wp-json\/wp\/v2\/product_cat?post=133437"},{"taxonomy":"product_tag","embeddable":true,"href":"https:\/\/gpl-love.com\/fr\/wp-json\/wp\/v2\/product_tag?post=133437"}],"curies":[{"name":"wp","href":"https:\/\/api.w.org\/{rel}","templated":true}]}}