{"id":133418,"date":"2026-03-23T00:00:00","date_gmt":"2026-03-22T23:00:00","guid":{"rendered":"https:\/\/gpl-love.com\/fr\/produit\/ai-engine-pro-1-5-2\/"},"modified":"2026-03-23T23:31:16","modified_gmt":"2026-03-23T22:31:16","slug":"ai-engine-pro-1-5-2","status":"publish","type":"product","link":"https:\/\/gpl-love.com\/fr\/produit\/ai-engine-pro-1-5-2\/","title":{"rendered":"AI Engine Pro 3.4.5"},"content":{"rendered":"<h3>AI Engine Pro Traits<\/h3>\n<p>AI Engine Pro est un plugin WordPress exceptionnel qui a \u00e9t\u00e9 m\u00e9ticuleusement con\u00e7u pour optimiser le contenu en ligne pour les moteurs de recherche en exploitant la puissance in\u00e9gal\u00e9e de l&rsquo;intelligence artificielle. Cet ensemble d&rsquo;outils extraordinaires, avec ses capacit\u00e9s \u00e9tendues, permet aux propri\u00e9taires de sites Web d&rsquo;am\u00e9liorer consid\u00e9rablement la visibilit\u00e9 et les performances du contenu de leur site d&rsquo;une mani\u00e8re \u00e0 la fois tr\u00e8s efficace et remarquablement efficace.<\/p>\n<p>Fonctionnant comme une solution compl\u00e8te et ax\u00e9e sur l&rsquo;IA pour l&rsquo;optimisation du site Web, AI Engine Pro offre aux utilisateurs une exp\u00e9rience transparente en leur permettant de d\u00e9couvrir, de r\u00e9\u00e9crire et d&rsquo;am\u00e9liorer sans effort leurs pages Web et leurs publications. Gr\u00e2ce \u00e0 sa technologie de pointe, le plugin automatise le processus laborieux d&rsquo;\u00e9valuation du contenu pour les probl\u00e8mes d&rsquo;optimisation potentiels des moteurs de recherche, rationalisant ainsi le processus d&rsquo;optimisation et gagnant un temps pr\u00e9cieux.<\/p>\n<p>En outre, AI Engine Pro est \u00e9quip\u00e9 d&rsquo;un assortiment diversifi\u00e9 et riche d&rsquo;outils de r\u00e9f\u00e9rencement qui sont sp\u00e9cifiquement adapt\u00e9s pour r\u00e9pondre aux besoins des webmasters et des professionnels du r\u00e9f\u00e9rencement. Ces outils inestimables comprennent un \u00e9ventail de fonctionnalit\u00e9s, notamment le marquage automatique, la recherche sur les mots cl\u00e9s, la conduite automatique, l&rsquo;am\u00e9lioration de la qualit\u00e9 du contenu, la cr\u00e9ation de liens et l&rsquo;optimisation de la vitesse des pages. En tant que plugin rentable et tr\u00e8s fiable, AI Engine Pro facilite non seulement l&rsquo;expansion de la port\u00e9e d&rsquo;un contenu d&rsquo;un utilisateur, mais permet \u00e9galement une analyse approfondie du contenu, identifiant rapidement les domaines qui n\u00e9cessitent une am\u00e9lioration. De plus, il fournit des informations pr\u00e9cieuses sur les performances et le contenu des sites Web, ce qui permet aux utilisateurs de r\u00e9primer leurs strat\u00e9gies de r\u00e9f\u00e9rencement et d&rsquo;obtenir des r\u00e9sultats optimaux.<\/p>\n<p>En utilisant les capacit\u00e9s formidables d&rsquo;AI Engine Pro, les propri\u00e9taires de sites Web peuvent \u00eatre assur\u00e9s que leur contenu restera comp\u00e9titif \u00e0 long terme, ce qui entra\u00eene une visibilit\u00e9 accrue et des performances am\u00e9lior\u00e9es.<\/p>\n<ul>\n<li>Rationalise l&rsquo;optimisation de l&rsquo;image pour un r\u00e9f\u00e9rencement maximum sans effort suppl\u00e9mentaire<\/li>\n<li>L&rsquo;interface conviviale ne n\u00e9cessite aucune expertise de codage<\/li>\n<li>Automatise la d\u00e9nomination des tags pour les \u00e9tiquettes organis\u00e9es et propres<\/li>\n<li>Stimule la lisibilit\u00e9 gr\u00e2ce \u00e0 des suggestions de balises automatis\u00e9es<\/li>\n<li>G\u00e9n\u00e8re automatiquement des \u00e9tiquettes de m\u00e9ta pour am\u00e9liorer le r\u00e9f\u00e9rencement<\/li>\n<li>Fournit des commentaires sur les titres de poste et les titres pour optimiser le r\u00e9f\u00e9rencement<\/li>\n<li>Applique automatiquement l&rsquo;optimisation du SEO fondamental aux images et au texte<\/li>\n<li>Accueille des sites Web multilingues<\/li>\n<\/ul>\n","protected":false},"excerpt":{"rendered":"<p>AI Engine Pro, une solution de plugin r\u00e9volutionnaire cr\u00e9\u00e9e par les applications Meow, est \u00e9quip\u00e9e d&rsquo;algorithmes d&rsquo;apprentissage automatique de pointe qui poss\u00e8dent la capacit\u00e9 de s&rsquo;adapter \u00e0 un vaste \u00e9ventail de t\u00e2ches. Ces t\u00e2ches englobent un \u00e9ventail diversifi\u00e9 de fonctionnalit\u00e9s, notamment le traitement du langage naturel, la reconnaissance d&rsquo;image, l&rsquo;analyse des donn\u00e9es et les pr\u00e9visions. Une telle \u00e9tendue compl\u00e8te des capacit\u00e9s t\u00e9moigne de la polyvalence remarquable et de la nature de pointe de l&rsquo;IA Engine Pro.<\/p>\n","protected":false},"featured_media":146662,"comment_status":"open","ping_status":"open","template":"","meta":[],"product_brand":[2583],"product_cat":[1207,1181,1186],"product_tag":[1617],"class_list":{"0":"post-133418","1":"product","2":"type-product","3":"status-publish","4":"has-post-thumbnail","6":"product_brand-meow-apps","7":"product_cat-commercialisation-wordpress-plugins","8":"product_cat-plugins","9":"product_cat-wordpress-plugins","10":"product_tag-meow-apps","11":"member-discount","12":"discount-restricted","14":"first","15":"instock","16":"sale","17":"downloadable","18":"virtual","19":"sold-individually","20":"purchasable","21":"product-type-simple"},"_links":{"self":[{"href":"https:\/\/gpl-love.com\/fr\/wp-json\/wp\/v2\/product\/133418","targetHints":{"allow":["GET"]}}],"collection":[{"href":"https:\/\/gpl-love.com\/fr\/wp-json\/wp\/v2\/product"}],"about":[{"href":"https:\/\/gpl-love.com\/fr\/wp-json\/wp\/v2\/types\/product"}],"replies":[{"embeddable":true,"href":"https:\/\/gpl-love.com\/fr\/wp-json\/wp\/v2\/comments?post=133418"}],"wp:featuredmedia":[{"embeddable":true,"href":"https:\/\/gpl-love.com\/fr\/wp-json\/wp\/v2\/media\/146662"}],"wp:attachment":[{"href":"https:\/\/gpl-love.com\/fr\/wp-json\/wp\/v2\/media?parent=133418"}],"wp:term":[{"taxonomy":"product_brand","embeddable":true,"href":"https:\/\/gpl-love.com\/fr\/wp-json\/wp\/v2\/product_brand?post=133418"},{"taxonomy":"product_cat","embeddable":true,"href":"https:\/\/gpl-love.com\/fr\/wp-json\/wp\/v2\/product_cat?post=133418"},{"taxonomy":"product_tag","embeddable":true,"href":"https:\/\/gpl-love.com\/fr\/wp-json\/wp\/v2\/product_tag?post=133418"}],"curies":[{"name":"wp","href":"https:\/\/api.w.org\/{rel}","templated":true}]}}