{"id":133340,"date":"2025-12-15T00:00:00","date_gmt":"2025-12-14T23:00:00","guid":{"rendered":"https:\/\/gpl-love.com\/fr\/produit\/peepso-wp-job-manager\/"},"modified":"2026-03-20T23:57:27","modified_gmt":"2026-03-20T22:57:27","slug":"peepso-wp-job-manager","status":"publish","type":"product","link":"https:\/\/gpl-love.com\/fr\/produit\/peepso-wp-job-manager\/","title":{"rendered":"PeepSo WP Job Manager 8.0.0.0"},"content":{"rendered":"<h3>PeepSo WP Job Manager Traits<\/h3>\n<p>Peepso WP Job Manager pr\u00e9sente une avenue exceptionnelle pour amplifier votre communaut\u00e9 PEEPSO et incorporer une fonctionnalit\u00e9 inestimable pour vos utilisateurs. Que vous construisiez un conseil d&rsquo;administration \u00e0 partir de z\u00e9ro ou que vous l&rsquo;int\u00e9griez dans une communaut\u00e9 de Peepso existante, cette amalgamation transparente rationalise l&rsquo;ensemble du processus, ce qui le rend sans effort intuitif.<\/p>\n<p>En plus des avantages susmentionn\u00e9s, l&rsquo;utilisation du gestionnaire d&#8217;emploi Peepso WP pr\u00e9sente une myriade d&rsquo;avantages suppl\u00e9mentaires. Ceux-ci englobent des niveaux d&rsquo;engagement accrus sur votre site communautaire, l&rsquo;afflux de trafic augment\u00e9 en tant que demandeurs d&#8217;emploi et employeurs utilisent activement le conseil d&#8217;emploi, et la possibilit\u00e9 de mon\u00e9tiser votre site en imposant des frais pour les listes d&#8217;emploi ou en obtenant une commission des emplacements. De plus, assurez-vous que le plugin subit des mises \u00e0 jour r\u00e9guli\u00e8res et re\u00e7oit un soutien in\u00e9branlable, garantissant ainsi sa perp\u00e9tuit\u00e9 en tant que m\u00e9thode fiable et efficace pour int\u00e9grer un conseil d&#8217;emploi dans votre communaut\u00e9 Peepso.<\/p>\n<ul>\n<li>Int\u00e9grez de mani\u00e8re transparente les plugins Peepso et WP Job Manager<\/li>\n<li>Permettez aux membres de la communaut\u00e9 de Peepso de cr\u00e9er et de postuler pour des emplois<\/li>\n<li>Permettez aux employeurs de publier des listes d&#8217;emplois et de g\u00e9rer les applications<\/li>\n<li>Afficher et g\u00e9rer toutes les listes d&#8217;emplois et applications \u00e0 partir du tableau de bord WordPress<\/li>\n<li>Obtenez des notifications sur les nouvelles offres et applications d&#8217;emploi<\/li>\n<li>Personnalisez le tableau des travaux pour correspondre \u00e0 la conception et \u00e0 la marque de votre site Web<\/li>\n<\/ul>\n","protected":false},"excerpt":{"rendered":"<p>Peepso WP Job Manager est une int\u00e9gration extr\u00eamement puissante qui combine parfaitement le plugin de r\u00e9seautage social Peepso avec le plugin WP Job Manager. Cette int\u00e9gration transforme efficacement votre communaut\u00e9 de Peepso en un conseil d&#8217;emploi complet et enti\u00e8rement fonctionnel, permettant aux membres de votre communaut\u00e9 PEEPSO de g\u00e9n\u00e9rer et de soumettre des listes d&#8217;emplois sans effort, de parcourir les possibilit\u00e9s d&#8217;emploi disponibles et de recevoir des notifications en temps opportun concernant les affectations d&#8217;emploi qui correspondent \u00e0 leurs int\u00e9r\u00eats respectifs. De plus, cette int\u00e9gration englobe \u00e9galement un tableau de bord m\u00e9ticuleusement con\u00e7u, offrant aux employeurs la capacit\u00e9 d&rsquo;administrer sans effort leurs listes d&#8217;emplois et leurs applications. Le plugin Peepso WP Job Manager, avec son interface transparente et conviviale, repr\u00e9sente un m\u00e9canisme incroyablement efficace pour int\u00e9grer un tableau de travail dans votre communaut\u00e9 Peepso.<\/p>\n","protected":false},"featured_media":146661,"comment_status":"open","ping_status":"open","template":"","meta":[],"product_brand":[2621],"product_cat":[1300,1181,1186],"product_tag":[2297],"class_list":{"0":"post-133340","1":"product","2":"type-product","3":"status-publish","4":"has-post-thumbnail","6":"product_brand-peepso","7":"product_cat-adhesion","8":"product_cat-plugins","9":"product_cat-wordpress-plugins","10":"product_tag-peepso","11":"member-discount","12":"discount-restricted","14":"first","15":"instock","16":"sale","17":"downloadable","18":"virtual","19":"sold-individually","20":"purchasable","21":"product-type-simple"},"_links":{"self":[{"href":"https:\/\/gpl-love.com\/fr\/wp-json\/wp\/v2\/product\/133340","targetHints":{"allow":["GET"]}}],"collection":[{"href":"https:\/\/gpl-love.com\/fr\/wp-json\/wp\/v2\/product"}],"about":[{"href":"https:\/\/gpl-love.com\/fr\/wp-json\/wp\/v2\/types\/product"}],"replies":[{"embeddable":true,"href":"https:\/\/gpl-love.com\/fr\/wp-json\/wp\/v2\/comments?post=133340"}],"wp:featuredmedia":[{"embeddable":true,"href":"https:\/\/gpl-love.com\/fr\/wp-json\/wp\/v2\/media\/146661"}],"wp:attachment":[{"href":"https:\/\/gpl-love.com\/fr\/wp-json\/wp\/v2\/media?parent=133340"}],"wp:term":[{"taxonomy":"product_brand","embeddable":true,"href":"https:\/\/gpl-love.com\/fr\/wp-json\/wp\/v2\/product_brand?post=133340"},{"taxonomy":"product_cat","embeddable":true,"href":"https:\/\/gpl-love.com\/fr\/wp-json\/wp\/v2\/product_cat?post=133340"},{"taxonomy":"product_tag","embeddable":true,"href":"https:\/\/gpl-love.com\/fr\/wp-json\/wp\/v2\/product_tag?post=133340"}],"curies":[{"name":"wp","href":"https:\/\/api.w.org\/{rel}","templated":true}]}}