{"id":133339,"date":"2025-12-12T00:00:00","date_gmt":"2025-12-11T23:00:00","guid":{"rendered":"https:\/\/gpl-love.com\/fr\/produit\/peepso-givewp\/"},"modified":"2026-03-20T23:57:27","modified_gmt":"2026-03-20T22:57:27","slug":"peepso-givewp","status":"publish","type":"product","link":"https:\/\/gpl-love.com\/fr\/produit\/peepso-givewp\/","title":{"rendered":"PeepSo GiveWP 8.0.0.0"},"content":{"rendered":"<h3>PeepSo GiveWP Traits<\/h3>\n<p>Peepso Givewp, connu pour sa facilit\u00e9 d&rsquo;installation et de configuration, offre aux utilisateurs une exp\u00e9rience transparente. Avec seulement quelques \u00e9tapes simples, vous pouvez \u00e9tablir sans effort le formulaire de don et l&rsquo;adapter pour s&rsquo;aligner sur la conception de votre site Web. De plus, la flexibilit\u00e9 de cette plate-forme vous permet de d\u00e9finir des objectifs de don, les utilisateurs actuels avec une vari\u00e9t\u00e9 de montants de dons \u00e0 choisir, et m\u00eame d&rsquo;activer des dons r\u00e9currents. L&rsquo;int\u00e9gration de cet module compl\u00e9mentaire avec Peepso est transparente, vous accordant la libert\u00e9 de pr\u00e9senter le formulaire de don n&rsquo;importe o\u00f9 dans votre site, que ce soit sur votre flux communautaire, vos pages de profil ou vos groupes. De plus, les fonctionnalit\u00e9s avanc\u00e9es fournies par Peepso Givewp vous permettent de surveiller m\u00e9ticuleusement des dons, de g\u00e9n\u00e9rer des re\u00e7us de dons et d&rsquo;exprimer votre gratitude \u00e0 vos donateurs estim\u00e9s par des e-mails de remerciement personnalis\u00e9s.<\/p>\n<ul>\n<li>Int\u00e9gration transparente avec les formulaires de don givewp AMD Peepso<\/li>\n<li>Facile \u00e0 installer et \u00e0 configurer<\/li>\n<li>Formulaire de don personnalisable pour correspondre \u00e0 la conception de votre site Web<\/li>\n<li>Fixez des objectifs de don et des dons r\u00e9currents<\/li>\n<li>Suivre les dons et envoyer des re\u00e7us de dons et des e-mails de remerciement<\/li>\n<li>Affichez le formulaire de don n&rsquo;importe o\u00f9 sur votre site, y compris dans le flux communautaire, les pages de profil et les groupes.<\/li>\n<\/ul>\n","protected":false},"excerpt":{"rendered":"<p>Peepso Givewp, un module compl\u00e9mentaire de prouesses substantielles, vous offre la capacit\u00e9 remarquable d&rsquo;incorporer de mani\u00e8re transparente des formulaires de don GiveWP dans votre site Web de la communaut\u00e9 Peepso. GiveWP, un plugin WordPress renomm\u00e9, vous permet de fabriquer m\u00e9ticuleusement des formulaires de dons sur mesure, de recevoir sans effort les paiements et d&rsquo;administrer efficacement vos contributions inestimables. En vertu de la fusion de peepso givewp impressionnante, vous \u00eates d\u00e9sormais dot\u00e9 de l&rsquo;occasion sans pr\u00e9c\u00e9dent pour ajouter sans effort un formulaire de don directement sur votre site communautaire estim\u00e9, fournissant ainsi \u00e0 vos utilisateurs B\u00e9volence par des dons. Cette augmentation in\u00e9gal\u00e9e est particuli\u00e8rement bien adapt\u00e9e aux organisations \u00e0 but non lucratif, aux organismes de bienfaisance, aux congr\u00e9gations religieuses et \u00e0 toutes sortes de communaut\u00e9s qui abritent un d\u00e9sir passionn\u00e9 de lever des capitaux pour des causes nobles.<\/p>\n","protected":false},"featured_media":146660,"comment_status":"open","ping_status":"open","template":"","meta":[],"product_brand":[2621],"product_cat":[1300,1181,1186],"product_tag":[2297],"class_list":{"0":"post-133339","1":"product","2":"type-product","3":"status-publish","4":"has-post-thumbnail","6":"product_brand-peepso","7":"product_cat-adhesion","8":"product_cat-plugins","9":"product_cat-wordpress-plugins","10":"product_tag-peepso","11":"member-discount","12":"discount-restricted","14":"first","15":"instock","16":"sale","17":"downloadable","18":"virtual","19":"sold-individually","20":"purchasable","21":"product-type-simple"},"_links":{"self":[{"href":"https:\/\/gpl-love.com\/fr\/wp-json\/wp\/v2\/product\/133339","targetHints":{"allow":["GET"]}}],"collection":[{"href":"https:\/\/gpl-love.com\/fr\/wp-json\/wp\/v2\/product"}],"about":[{"href":"https:\/\/gpl-love.com\/fr\/wp-json\/wp\/v2\/types\/product"}],"replies":[{"embeddable":true,"href":"https:\/\/gpl-love.com\/fr\/wp-json\/wp\/v2\/comments?post=133339"}],"wp:featuredmedia":[{"embeddable":true,"href":"https:\/\/gpl-love.com\/fr\/wp-json\/wp\/v2\/media\/146660"}],"wp:attachment":[{"href":"https:\/\/gpl-love.com\/fr\/wp-json\/wp\/v2\/media?parent=133339"}],"wp:term":[{"taxonomy":"product_brand","embeddable":true,"href":"https:\/\/gpl-love.com\/fr\/wp-json\/wp\/v2\/product_brand?post=133339"},{"taxonomy":"product_cat","embeddable":true,"href":"https:\/\/gpl-love.com\/fr\/wp-json\/wp\/v2\/product_cat?post=133339"},{"taxonomy":"product_tag","embeddable":true,"href":"https:\/\/gpl-love.com\/fr\/wp-json\/wp\/v2\/product_tag?post=133339"}],"curies":[{"name":"wp","href":"https:\/\/api.w.org\/{rel}","templated":true}]}}