{"id":133338,"date":"2025-12-12T00:00:00","date_gmt":"2025-12-11T23:00:00","guid":{"rendered":"https:\/\/gpl-love.com\/fr\/produit\/peepso-ideapush\/"},"modified":"2026-03-20T23:57:26","modified_gmt":"2026-03-20T22:57:26","slug":"peepso-ideapush","status":"publish","type":"product","link":"https:\/\/gpl-love.com\/fr\/produit\/peepso-ideapush\/","title":{"rendered":"PeepSo IdeaPush 8.0.0.0"},"content":{"rendered":"<h3>PeepSo IdeaPush Traits<\/h3>\n<p>Peepso IdeaPush se pr\u00e9sente comme une r\u00e9solution exemplaire pour les entreprises, les organisations et les communaut\u00e9s qui aspirent \u00e0 interagir activement avec leurs utilisateurs et clients. Il s&rsquo;adresse parfaitement aux exigences du d\u00e9veloppement de produits, des demandes de fonctionnalit\u00e9s, du support client et au-del\u00e0. En tirant parti de IdeaPush, vous avez la capacit\u00e9 d&rsquo;\u00e9tablir une ambiance globale qui favorise une atmosph\u00e8re d&rsquo;attention et d&rsquo;appr\u00e9ciation envers les utilisateurs, tout en cultivant simultan\u00e9ment des liens plus forts avec votre public. Les processus d&rsquo;installation et de configuration du plugin sont simples et simples, et son int\u00e9gration transparente avec PEEPSO le rend un atout indispensable pour toute communaut\u00e9 de Peepso.<\/p>\n<ul>\n<li>Soumettre, voter et discuter des id\u00e9es<\/li>\n<li>Syst\u00e8me de mod\u00e9ration int\u00e9gr\u00e9e<\/li>\n<li>Notifications pour de nouvelles id\u00e9es et activit\u00e9s<\/li>\n<li>Int\u00e9gration transparente avec PEEPSO<\/li>\n<li>Facile \u00e0 installer et \u00e0 configurer<\/li>\n<\/ul>\n","protected":false},"excerpt":{"rendered":"<p>Peepso IdeaPush est un plugin WordPress incroyablement robuste et influent qui offre aux utilisateurs la possibilit\u00e9 de soumettre, de voter sans effort et d&rsquo;engager des discussions sur les id\u00e9es sur une plate-forme communautaire. Ce plugin exceptionnel vous permet de recueillir sans effort des commentaires et des suggestions pr\u00e9cieuses de votre communaut\u00e9 de Peepso, en les transformant finalement en plans tangibles et exploitables. Le processus transparent permet aux utilisateurs de soumettre leurs id\u00e9es innovantes, tout en permettant simultan\u00e9ment \u00e0 d&rsquo;autres utilisateurs d&rsquo;exprimer leur soutien ou leur objection par le pouvoir de voter et de laisser des commentaires. En cons\u00e9quence, les id\u00e9es les plus populaires et les plus appr\u00e9ci\u00e9es montent au sommet de la liste, vous offrant une compr\u00e9hension claire et concise des d\u00e9sirs et des n\u00e9cessit\u00e9s de votre communaut\u00e9. Remarquablement, IdeaPush int\u00e8gre \u00e9galement un syst\u00e8me de mod\u00e9ration int\u00e9gr\u00e9 remarquablement efficace qui vous fournit la capacit\u00e9 d&rsquo;\u00e9valuer et d&rsquo;approuver ou de rejeter ou de rejeter les id\u00e9es avant le public. De plus, vous avez la possibilit\u00e9 de configurer des notifications qui vous tiendront impeccablement au courant de toutes les nouvelles id\u00e9es ainsi que du niveau global d&rsquo;activit\u00e9 se d\u00e9roulant au sein de la communaut\u00e9.<\/p>\n","protected":false},"featured_media":146659,"comment_status":"open","ping_status":"open","template":"","meta":[],"product_brand":[2621],"product_cat":[1300,1181,1186],"product_tag":[2297],"class_list":{"0":"post-133338","1":"product","2":"type-product","3":"status-publish","4":"has-post-thumbnail","6":"product_brand-peepso","7":"product_cat-adhesion","8":"product_cat-plugins","9":"product_cat-wordpress-plugins","10":"product_tag-peepso","11":"member-discount","12":"discount-restricted","14":"first","15":"instock","16":"sale","17":"downloadable","18":"virtual","19":"sold-individually","20":"purchasable","21":"product-type-simple"},"_links":{"self":[{"href":"https:\/\/gpl-love.com\/fr\/wp-json\/wp\/v2\/product\/133338","targetHints":{"allow":["GET"]}}],"collection":[{"href":"https:\/\/gpl-love.com\/fr\/wp-json\/wp\/v2\/product"}],"about":[{"href":"https:\/\/gpl-love.com\/fr\/wp-json\/wp\/v2\/types\/product"}],"replies":[{"embeddable":true,"href":"https:\/\/gpl-love.com\/fr\/wp-json\/wp\/v2\/comments?post=133338"}],"wp:featuredmedia":[{"embeddable":true,"href":"https:\/\/gpl-love.com\/fr\/wp-json\/wp\/v2\/media\/146659"}],"wp:attachment":[{"href":"https:\/\/gpl-love.com\/fr\/wp-json\/wp\/v2\/media?parent=133338"}],"wp:term":[{"taxonomy":"product_brand","embeddable":true,"href":"https:\/\/gpl-love.com\/fr\/wp-json\/wp\/v2\/product_brand?post=133338"},{"taxonomy":"product_cat","embeddable":true,"href":"https:\/\/gpl-love.com\/fr\/wp-json\/wp\/v2\/product_cat?post=133338"},{"taxonomy":"product_tag","embeddable":true,"href":"https:\/\/gpl-love.com\/fr\/wp-json\/wp\/v2\/product_tag?post=133338"}],"curies":[{"name":"wp","href":"https:\/\/api.w.org\/{rel}","templated":true}]}}