{"id":133337,"date":"2025-12-12T00:00:00","date_gmt":"2025-12-11T23:00:00","guid":{"rendered":"https:\/\/gpl-love.com\/fr\/produit\/peepso-tutor-lms\/"},"modified":"2026-03-20T23:57:25","modified_gmt":"2026-03-20T22:57:25","slug":"peepso-tutor-lms","status":"publish","type":"product","link":"https:\/\/gpl-love.com\/fr\/produit\/peepso-tutor-lms\/","title":{"rendered":"PeepSo Tutor LMS 8.0.0.0"},"content":{"rendered":"<h3>PeepSo Tutor LMS Traits<\/h3>\n<p>Peepso Tutor LMS a \u00e9t\u00e9 m\u00e9ticuleusement con\u00e7u pour s&rsquo;assurer qu&rsquo;il est convivial et personnalisable, qui s&rsquo;adresse aux personnes qui peuvent ne pas poss\u00e9der une expertise technique. Ce plugin ph\u00e9nom\u00e9nal comprend un constructeur de cours de glisser-d\u00e9poser \u00e0 la pointe de la technologie, vous permettant de fa\u00e7onner sans effort des cours via une interface visuelle intuitive. De plus, vous avez la libert\u00e9 de donner vos cours avec une apparence distinctive et d&rsquo;incorporer votre propre marque unique, avec des logos, des sch\u00e9mas de couleurs et des s\u00e9lections de polices. En plus de ces fonctionnalit\u00e9s remarquables, Peepso Tutor LMS poss\u00e8de une impressionnante gamme de passerelles de paiement, vous permettant de mon\u00e9tiser sans effort vos cours et de les commercialiser en ligne. Lorsque toutes ces qualit\u00e9s exceptionnelles sont combin\u00e9es, Peepso Tutor LMS appara\u00eet comme un syst\u00e8me de gestion d&rsquo;apprentissage extraordinairement puissant et infiniment adaptable, vous permettant d&rsquo;ider une communaut\u00e9 d&rsquo;apprentissage en ligne dynamique dans votre propre site WordPress.<\/p>\n<ul>\n<li>Cr\u00e9ez une plate-forme d&rsquo;apprentissage en ligne compl\u00e8te sur votre site WordPress<\/li>\n<li>Cr\u00e9er et vendre facilement des cours, g\u00e9rer les inscriptions et suivre les progr\u00e8s des \u00e9tudiants<\/li>\n<li>Int\u00e9gration transparente avec le plugin de r\u00e9seautage social PEEPSO pour une exp\u00e9rience d&rsquo;apprentissage social<\/li>\n<li>Certificats de cours, quiz et affectations pour cr\u00e9er des cours engageants et interactifs<\/li>\n<li>Builder de cours de glisser-d\u00e9poser pour la cr\u00e9ation de cours faciles<\/li>\n<li>Aspect et sensation personnalisables avec votre propre marque<\/li>\n<li>Passerelles de paiement multiples pour une mon\u00e9tisation facile des cours<\/li>\n<\/ul>\n","protected":false},"excerpt":{"rendered":"<p>Peepso Tutor LMS, un module compl\u00e9mentaire con\u00e7u sp\u00e9cifiquement pour le plugin de r\u00e9seautage social PEEPSO largement utilis\u00e9, vous permet de cr\u00e9er une plate-forme d&rsquo;apprentissage en ligne compl\u00e8te directement sur votre site WordPress. Avec les capacit\u00e9s remarquables de Peepso Tutor LMS, vous pouvez \u00e9laborer et march\u00e9 sans effort, superviser efficacement les inscriptions des \u00e9tudiants et surveiller avec pr\u00e9cision leur progression, tout en op\u00e9rant dans les limites de votre communaut\u00e9 ax\u00e9e sur le Peepso. Ce plugin ing\u00e9nieux s&rsquo;int\u00e8gre harmonieusement \u00e0 la plate-forme Peepso, offrant finalement \u00e0 vos utilisateurs une exp\u00e9rience d&rsquo;apprentissage social immersive. Parmi sa pl\u00e9thore de fonctionnalit\u00e9s remarquables, Peepso Tutor LMS offre des fonctionnalit\u00e9s telles que les discussions de groupe, les annonces de cours et les tableaux de bord individualis\u00e9s pour chaque \u00e9tudiant, am\u00e9liorant ainsi davantage la nature interactive du processus d&rsquo;apprentissage. De plus, Peepso Tutor LMS englobe \u00e9galement l&rsquo;inclusion des certificats, des quiz et des affectations, ce qui rend la cr\u00e9ation de cours captivants et stimulants pour vos apprenants impatients une entreprise sans effort.<\/p>\n","protected":false},"featured_media":146658,"comment_status":"open","ping_status":"open","template":"","meta":[],"product_brand":[2621],"product_cat":[1300,1181,1186],"product_tag":[2297],"class_list":{"0":"post-133337","1":"product","2":"type-product","3":"status-publish","4":"has-post-thumbnail","6":"product_brand-peepso","7":"product_cat-adhesion","8":"product_cat-plugins","9":"product_cat-wordpress-plugins","10":"product_tag-peepso","11":"member-discount","12":"discount-restricted","14":"first","15":"instock","16":"sale","17":"downloadable","18":"virtual","19":"sold-individually","20":"purchasable","21":"product-type-simple"},"_links":{"self":[{"href":"https:\/\/gpl-love.com\/fr\/wp-json\/wp\/v2\/product\/133337","targetHints":{"allow":["GET"]}}],"collection":[{"href":"https:\/\/gpl-love.com\/fr\/wp-json\/wp\/v2\/product"}],"about":[{"href":"https:\/\/gpl-love.com\/fr\/wp-json\/wp\/v2\/types\/product"}],"replies":[{"embeddable":true,"href":"https:\/\/gpl-love.com\/fr\/wp-json\/wp\/v2\/comments?post=133337"}],"wp:featuredmedia":[{"embeddable":true,"href":"https:\/\/gpl-love.com\/fr\/wp-json\/wp\/v2\/media\/146658"}],"wp:attachment":[{"href":"https:\/\/gpl-love.com\/fr\/wp-json\/wp\/v2\/media?parent=133337"}],"wp:term":[{"taxonomy":"product_brand","embeddable":true,"href":"https:\/\/gpl-love.com\/fr\/wp-json\/wp\/v2\/product_brand?post=133337"},{"taxonomy":"product_cat","embeddable":true,"href":"https:\/\/gpl-love.com\/fr\/wp-json\/wp\/v2\/product_cat?post=133337"},{"taxonomy":"product_tag","embeddable":true,"href":"https:\/\/gpl-love.com\/fr\/wp-json\/wp\/v2\/product_tag?post=133337"}],"curies":[{"name":"wp","href":"https:\/\/api.w.org\/{rel}","templated":true}]}}