{"id":133336,"date":"2025-12-12T00:00:00","date_gmt":"2025-12-11T23:00:00","guid":{"rendered":"https:\/\/gpl-love.com\/fr\/produit\/peepso-file-uploads\/"},"modified":"2026-03-20T23:57:24","modified_gmt":"2026-03-20T22:57:24","slug":"peepso-file-uploads","status":"publish","type":"product","link":"https:\/\/gpl-love.com\/fr\/produit\/peepso-file-uploads\/","title":{"rendered":"PeepSo File Uploads 8.0.0.0"},"content":{"rendered":"<h3>PeepSo File Uploads Traits<\/h3>\n<p>Le plugin de t\u00e9l\u00e9chargement de fichiers PEEPSO propose une multitude de fonctionnalit\u00e9s remarquables. Une telle fonctionnalit\u00e9 est la possibilit\u00e9 pour les utilisateurs de t\u00e9l\u00e9charger facilement des fichiers directement \u00e0 partir de leurs profils. De plus, les utilisateurs ont la possibilit\u00e9 d&rsquo;exercer un contr\u00f4le sur les limites de t\u00e9l\u00e9chargement de fichiers et peuvent imposer des restrictions de type de fichier. En outre, les utilisateurs ont la commodit\u00e9 de pouvoir afficher, t\u00e9l\u00e9charger et supprimer sans effort les fichiers de leurs profils. Notamment, l&rsquo;administrateur du site est autoris\u00e9 \u00e0 g\u00e9rer efficacement les fichiers \u00e0 partir du tableau de bord WordPress. De plus, il est crucial de mentionner que le plugin est enti\u00e8rement r\u00e9actif et adapt\u00e9 aux mobiles, le rendant compatible avec n&rsquo;importe quel appareil. Par cons\u00e9quent, les utilisateurs peuvent t\u00e9l\u00e9charger et g\u00e9rer sans effort les fichiers quel que soit l&rsquo;appareil qu&rsquo;ils utilisent. En int\u00e9grant les t\u00e9l\u00e9chargements de fichiers PEEPSO dans votre site de r\u00e9seautage social PEEPSO, vous avez la possibilit\u00e9 d&rsquo;\u00e9lever les fonctionnalit\u00e9s du site et de fournir une exp\u00e9rience utilisateur am\u00e9lior\u00e9e \u00e0 vos pr\u00e9cieux utilisateurs.<\/p>\n<ul>\n<li>Permet aux utilisateurs de t\u00e9l\u00e9charger des fichiers directement \u00e0 partir de leurs profils<\/li>\n<li>Limites de t\u00e9l\u00e9chargement de fichiers de contr\u00f4le, restrictions de type de fichier, et plus encore<\/li>\n<li>Les utilisateurs peuvent facilement afficher, t\u00e9l\u00e9charger et supprimer les fichiers de leurs profils<\/li>\n<li>L&rsquo;administrateur du site peut g\u00e9rer les fichiers \u00e0 partir du tableau de bord WordPress<\/li>\n<li>Enti\u00e8rement r\u00e9actif et convivial<\/li>\n<\/ul>\n","protected":false},"excerpt":{"rendered":"<p>PEEPSO Fichier T\u00e9l\u00e9chargements, un plugin compl\u00e9mentaire int\u00e9gr\u00e9 au plugin de r\u00e9seautage social PEEPSO tr\u00e8s populaire pour WordPress, s&rsquo;av\u00e8re \u00eatre un outil incroyablement pratique et pratique. Ses fonctionnalit\u00e9s permettent aux utilisateurs de t\u00e9l\u00e9charger sans effort une vaste gamme de fichiers, de englober non seulement des photographies, mais aussi des vid\u00e9os, des fichiers audio et des documents, directement \u00e0 partir de leurs profils individuels. Remarquablement, ces fichiers t\u00e9l\u00e9charg\u00e9s peuvent \u00eatre facilement accessibles de plusieurs mani\u00e8res: ils peuvent \u00eatre visualis\u00e9s, t\u00e9l\u00e9charg\u00e9s ou m\u00eame \u00e9radiqu\u00e9s par l&rsquo;utilisateur qui les a initialement t\u00e9l\u00e9charg\u00e9s ou, alternativement, par l&rsquo;administrateur du site estim\u00e9. Ce plugin est essentiellement un atout inestimable pour les plateformes de r\u00e9seautage social qui s&rsquo;adressent principalement \u00e0 un public englobant des cr\u00e9atifs, des artistes et des professionnels qui souhaitent ardemment pr\u00e9senter leurs efforts artistiques ou partager des documents importants avec d&rsquo;autres utilisateurs. B\u00e9n\u00e9ficiant d&rsquo;une interface qui priorise ardemment la convivialit\u00e9, les t\u00e9l\u00e9chargements de fichiers PEEPSO excellent pour simplifier la t\u00e2che autrement ardue de t\u00e9l\u00e9charger et de g\u00e9rer des fichiers sur votre site Peepso.<\/p>\n","protected":false},"featured_media":146657,"comment_status":"open","ping_status":"open","template":"","meta":[],"product_brand":[2621],"product_cat":[1300,1181,1186],"product_tag":[2297],"class_list":{"0":"post-133336","1":"product","2":"type-product","3":"status-publish","4":"has-post-thumbnail","6":"product_brand-peepso","7":"product_cat-adhesion","8":"product_cat-plugins","9":"product_cat-wordpress-plugins","10":"product_tag-peepso","11":"member-discount","12":"discount-restricted","14":"first","15":"instock","16":"sale","17":"downloadable","18":"virtual","19":"sold-individually","20":"purchasable","21":"product-type-simple"},"_links":{"self":[{"href":"https:\/\/gpl-love.com\/fr\/wp-json\/wp\/v2\/product\/133336","targetHints":{"allow":["GET"]}}],"collection":[{"href":"https:\/\/gpl-love.com\/fr\/wp-json\/wp\/v2\/product"}],"about":[{"href":"https:\/\/gpl-love.com\/fr\/wp-json\/wp\/v2\/types\/product"}],"replies":[{"embeddable":true,"href":"https:\/\/gpl-love.com\/fr\/wp-json\/wp\/v2\/comments?post=133336"}],"wp:featuredmedia":[{"embeddable":true,"href":"https:\/\/gpl-love.com\/fr\/wp-json\/wp\/v2\/media\/146657"}],"wp:attachment":[{"href":"https:\/\/gpl-love.com\/fr\/wp-json\/wp\/v2\/media?parent=133336"}],"wp:term":[{"taxonomy":"product_brand","embeddable":true,"href":"https:\/\/gpl-love.com\/fr\/wp-json\/wp\/v2\/product_brand?post=133336"},{"taxonomy":"product_cat","embeddable":true,"href":"https:\/\/gpl-love.com\/fr\/wp-json\/wp\/v2\/product_cat?post=133336"},{"taxonomy":"product_tag","embeddable":true,"href":"https:\/\/gpl-love.com\/fr\/wp-json\/wp\/v2\/product_tag?post=133336"}],"curies":[{"name":"wp","href":"https:\/\/api.w.org\/{rel}","templated":true}]}}