{"id":132754,"date":"2026-02-26T00:00:00","date_gmt":"2026-02-25T23:00:00","guid":{"rendered":"https:\/\/gpl-love.com\/fr\/produit\/newsletter-sendgrid\/"},"modified":"2026-03-20T23:57:23","modified_gmt":"2026-03-20T22:57:23","slug":"newsletter-sendgrid","status":"publish","type":"product","link":"https:\/\/gpl-love.com\/fr\/produit\/newsletter-sendgrid\/","title":{"rendered":"Newsletter Sendgrid 4.5.4"},"content":{"rendered":"<h3>Newsletter Sendgrid Traits<\/h3>\n<p>L&rsquo;addon est \u00e9quip\u00e9 d&rsquo;une interface con\u00e7ue pour \u00eatre conviviale, ce qui vous permettra de configurer et de g\u00e9rer facilement vos campagnes par e-mail. En utilisant cet addon, vous avez la possibilit\u00e9 de cr\u00e9er et de personnaliser les newsletters \u00e0 l&rsquo;aide d&rsquo;un \u00e9diteur de glisser-d\u00e9poser, vous offrant la flexibilit\u00e9 de concevoir vos campagnes selon vos sp\u00e9cifications exactes. De plus, vous avez la possibilit\u00e9 de choisir parmi un large \u00e9ventail de mod\u00e8les pr\u00e9-con\u00e7us, simplifiant davantage le processus de cr\u00e9ation. De plus, vous pouvez planifier vos campagnes \u00e0 livrer \u00e0 des moments optimaux pour un impact maximal. Cet addon propose \u00e9galement des fonctionnalit\u00e9s de segmentation et de ciblage robustes, vous permettant de personnaliser vos messages et de vous assurer qu&rsquo;ils sont livr\u00e9s au public appropri\u00e9 au moment le plus opportun. En cons\u00e9quence, vous pouvez vous attendre \u00e0 voir un engagement et des conversions accrus. Il est essentiel pour les entreprises de toutes tailles, qu&rsquo;elles soient petites ou grandes, d&rsquo;utiliser la newsletter SendGrid Addon car il s&rsquo;agit d&rsquo;un outil inestimable pour tous vos besoins en marketing par e-mail.<\/p>\n<ul>\n<li>Int\u00e9gration transparente avec le plugin de newsletter<\/li>\n<li>Authentification SMTP pour la s\u00e9curit\u00e9 et la d\u00e9livrabilit\u00e9 des e-mails am\u00e9lior\u00e9s<\/li>\n<li>Statistiques de livraison avanc\u00e9es et suivi des e-mails<\/li>\n<li>Interface conviviale avec l&rsquo;\u00e9diteur de glisser-d\u00e9poser et les mod\u00e8les pr\u00e9-con\u00e7us<\/li>\n<li>Segmentation puissante et ciblage des fonctionnalit\u00e9s pour les campagnes personnalis\u00e9es<\/li>\n<li>Prise en charge des types de poste et des taxonomies personnalis\u00e9s<\/li>\n<li>Option pour planifier des campagnes pour des d\u00e9lais de livraison optimaux<\/li>\n<\/ul>\n","protected":false},"excerpt":{"rendered":"<p>La newsletter SendGrid Addon, qui s&rsquo;int\u00e8gre de mani\u00e8re transparente au plugin de newsletter, est un outil extr\u00eamement puissant et efficace qui am\u00e9liore consid\u00e9rablement les capacit\u00e9s de marketing par e-mail de votre site Web. En tirant parti de cet addon, vous \u00eates autoris\u00e9 \u00e0 renvoyer sans effort les newsletters \u00e0 vos abonn\u00e9s estim\u00e9s gr\u00e2ce \u00e0 l&rsquo;utilisation du service de livraison de messagerie SendGrid remarquablement fiable et \u00e9volutif. De plus, cet addon propose un \u00e9ventail de fonctionnalit\u00e9s sophistiqu\u00e9es, telles que l&rsquo;authentification SMTP, les statistiques de livraison et le suivi des e-mails, qui jouent un r\u00f4le central en vous aidant \u00e0 affiner vos campagnes de messagerie et \u00e0 atteindre des r\u00e9sultats sup\u00e9rieurs.<\/p>\n","protected":false},"featured_media":146656,"comment_status":"open","ping_status":"open","template":"","meta":[],"product_brand":[2602],"product_cat":[1191,1181,1186],"product_tag":[2261],"class_list":{"0":"post-132754","1":"product","2":"type-product","3":"status-publish","4":"has-post-thumbnail","6":"product_brand-newsletter","7":"product_cat-formes","8":"product_cat-plugins","9":"product_cat-wordpress-plugins","10":"product_tag-newsletter","11":"member-discount","12":"discount-restricted","14":"first","15":"instock","16":"sale","17":"downloadable","18":"virtual","19":"sold-individually","20":"purchasable","21":"product-type-simple"},"_links":{"self":[{"href":"https:\/\/gpl-love.com\/fr\/wp-json\/wp\/v2\/product\/132754","targetHints":{"allow":["GET"]}}],"collection":[{"href":"https:\/\/gpl-love.com\/fr\/wp-json\/wp\/v2\/product"}],"about":[{"href":"https:\/\/gpl-love.com\/fr\/wp-json\/wp\/v2\/types\/product"}],"replies":[{"embeddable":true,"href":"https:\/\/gpl-love.com\/fr\/wp-json\/wp\/v2\/comments?post=132754"}],"wp:featuredmedia":[{"embeddable":true,"href":"https:\/\/gpl-love.com\/fr\/wp-json\/wp\/v2\/media\/146656"}],"wp:attachment":[{"href":"https:\/\/gpl-love.com\/fr\/wp-json\/wp\/v2\/media?parent=132754"}],"wp:term":[{"taxonomy":"product_brand","embeddable":true,"href":"https:\/\/gpl-love.com\/fr\/wp-json\/wp\/v2\/product_brand?post=132754"},{"taxonomy":"product_cat","embeddable":true,"href":"https:\/\/gpl-love.com\/fr\/wp-json\/wp\/v2\/product_cat?post=132754"},{"taxonomy":"product_tag","embeddable":true,"href":"https:\/\/gpl-love.com\/fr\/wp-json\/wp\/v2\/product_tag?post=132754"}],"curies":[{"name":"wp","href":"https:\/\/api.w.org\/{rel}","templated":true}]}}