{"id":132753,"date":"2026-03-20T00:00:00","date_gmt":"2026-03-19T23:00:00","guid":{"rendered":"https:\/\/gpl-love.com\/fr\/produit\/geodirectory-events-tickets-marketplace\/"},"modified":"2026-03-20T23:57:23","modified_gmt":"2026-03-20T22:57:23","slug":"geodirectory-events-tickets-marketplace","status":"publish","type":"product","link":"https:\/\/gpl-love.com\/fr\/produit\/geodirectory-events-tickets-marketplace\/","title":{"rendered":"GeoDirectory Events Tickets Marketplace 2.1.6"},"content":{"rendered":"<h3>GeoDirectory Events Tickets Marketplace Traits<\/h3>\n<p>Le march\u00e9 des billets d&rsquo;\u00e9v\u00e9nements GeoDirectory est une solution incroyablement robuste et tr\u00e8s polyvalente qui offre une multitude de fonctionnalit\u00e9s pour g\u00e9rer et superviser efficacement les ventes de billets pour tous vos \u00e9v\u00e9nements. Cette plate-forme innovante poss\u00e8de un processus de cr\u00e9ation d&rsquo;\u00e9v\u00e9nements convivial, assurant une exp\u00e9rience transparente et sans tracas pour les organisateurs d&rsquo;\u00e9v\u00e9nements et les participants. De plus, avec son syst\u00e8me de commission int\u00e9gr\u00e9, des capacit\u00e9s avanc\u00e9es de recherche et de filtrage, des options de conception personnalisables, ainsi que des ressources compl\u00e8tes de documentation et de support, les billets d&rsquo;\u00e9v\u00e9nements g\u00e9odirectoraux englobent vraiment tous les outils et fonctionnalit\u00e9s n\u00e9cessaires pour d\u00e9velopper avec succ\u00e8s votre entreprise et vendre efficacement les billets \u00e0 votre public cible.<\/p>\n<ul>\n<li>GeoDirectory Events Billets Marketplace: Cr\u00e9ez et g\u00e9rez un march\u00e9 pour vendre des billets pour les \u00e9v\u00e9nements de votre tableau de bord WordPress<\/li>\n<li>Cr\u00e9er et g\u00e9rer facilement les \u00e9v\u00e9nements<\/li>\n<li>Vendre des billets avec facilit\u00e9<\/li>\n<li>Suivre les transactions en temps r\u00e9el<\/li>\n<li>Organisez \u00e0 la fois de grandes conf\u00e9rences et de petits \u00e9v\u00e9nements communautaires<\/li>\n<li>Croyez votre entreprise avec une exposition accrue et une augmentation des ventes de billets<\/li>\n<\/ul>\n","protected":false},"excerpt":{"rendered":"<p>Le march\u00e9 des billets d&rsquo;\u00e9v\u00e9nements GeoDirectory est un plugin WordPress tr\u00e8s polyvalent et convivial qui offre une vaste gamme de fonctionnalit\u00e9s pour la cr\u00e9ation et la gestion d&rsquo;un march\u00e9 enti\u00e8rement fonctionnel d\u00e9di\u00e9 \u00e0 la vente et \u00e0 la distribution des billets d&rsquo;\u00e9v\u00e9nements. En tirant parti de la puissance de ce plugin exceptionnel, les utilisateurs sont autoris\u00e9s \u00e0 g\u00e9n\u00e9rer et \u00e0 superviser sans effort les \u00e9v\u00e9nements, \u00e0 ex\u00e9cuter les ventes de billets et \u00e0 suivre m\u00e9ticuleusement toutes les transactions associ\u00e9es, qui peuvent toutes \u00eatre accomplies de mani\u00e8re transparente dans les limites famili\u00e8res et pratiques de leur tableau de bord WordPress. Quelle que soit l&rsquo;\u00e9chelle ou l&rsquo;\u00e9tendue de l&rsquo;\u00e9v\u00e9nement organis\u00e9, qu&rsquo;il s&rsquo;agisse d&rsquo;une conf\u00e9rence tentaculaire ou d&rsquo;une collecte de communaut\u00e9s intimes, le march\u00e9 des billets d&rsquo;\u00e9v\u00e9nements g\u00e9odirectoraux est une solution in\u00e9gal\u00e9e qui garantit une efficacit\u00e9 et une efficacit\u00e9 optimales dans la gestion des ventes de billets, facilitant finalement l&rsquo;efficacit\u00e9 et am\u00e9lioration de vos op\u00e9rations commerciales.<\/p>\n","protected":false},"featured_media":146655,"comment_status":"open","ping_status":"open","template":"","meta":[],"product_brand":[2560],"product_cat":[1189,1181,1186],"product_tag":[1828],"class_list":{"0":"post-132753","1":"product","2":"type-product","3":"status-publish","4":"has-post-thumbnail","6":"product_brand-ayecode","7":"product_cat-personnalisation","8":"product_cat-plugins","9":"product_cat-wordpress-plugins","10":"product_tag-ayecode","11":"member-discount","12":"discount-restricted","14":"first","15":"instock","16":"sale","17":"downloadable","18":"virtual","19":"sold-individually","20":"purchasable","21":"product-type-simple"},"_links":{"self":[{"href":"https:\/\/gpl-love.com\/fr\/wp-json\/wp\/v2\/product\/132753","targetHints":{"allow":["GET"]}}],"collection":[{"href":"https:\/\/gpl-love.com\/fr\/wp-json\/wp\/v2\/product"}],"about":[{"href":"https:\/\/gpl-love.com\/fr\/wp-json\/wp\/v2\/types\/product"}],"replies":[{"embeddable":true,"href":"https:\/\/gpl-love.com\/fr\/wp-json\/wp\/v2\/comments?post=132753"}],"wp:featuredmedia":[{"embeddable":true,"href":"https:\/\/gpl-love.com\/fr\/wp-json\/wp\/v2\/media\/146655"}],"wp:attachment":[{"href":"https:\/\/gpl-love.com\/fr\/wp-json\/wp\/v2\/media?parent=132753"}],"wp:term":[{"taxonomy":"product_brand","embeddable":true,"href":"https:\/\/gpl-love.com\/fr\/wp-json\/wp\/v2\/product_brand?post=132753"},{"taxonomy":"product_cat","embeddable":true,"href":"https:\/\/gpl-love.com\/fr\/wp-json\/wp\/v2\/product_cat?post=132753"},{"taxonomy":"product_tag","embeddable":true,"href":"https:\/\/gpl-love.com\/fr\/wp-json\/wp\/v2\/product_tag?post=132753"}],"curies":[{"name":"wp","href":"https:\/\/api.w.org\/{rel}","templated":true}]}}