{"id":132748,"date":"2024-12-27T00:00:00","date_gmt":"2024-12-26T23:00:00","guid":{"rendered":"https:\/\/gpl-love.com\/fr\/produit\/geodirectory-marketplace-2-1\/"},"modified":"2026-03-20T23:57:22","modified_gmt":"2026-03-20T22:57:22","slug":"geodirectory-marketplace-2-1","status":"publish","type":"product","link":"https:\/\/gpl-love.com\/fr\/produit\/geodirectory-marketplace-2-1\/","title":{"rendered":"GeoDirectory Marketplace 2.2"},"content":{"rendered":"<h3>GeoDirectory Marketplace Traits<\/h3>\n<p>Le march\u00e9 g\u00e9odirectoire propose une solution hautement sophistiqu\u00e9e et multiforme pour la cr\u00e9ation d&rsquo;un march\u00e9 communautaire ou d&rsquo;un r\u00e9pertoire commercial. Ses capacit\u00e9s exceptionnelles de gestion de l&rsquo;inscription, le syst\u00e8me de paiement parfaitement int\u00e9gr\u00e9, la structure de la commission, les options de recherche et de filtrage avanc\u00e9es, les fonctionnalit\u00e9s de conception personnalisables, ainsi que sa documentation et son soutien compl\u00e8tes, fournissent collectivement tous les composants essentiels requis pour la construction d&rsquo;un march\u00e9 en ligne florissant et lucratif .<\/p>\n<ul>\n<li>Un r\u00e9pertoire complet du march\u00e9 qui aide les entreprises \u00e0 augmenter leur visibilit\u00e9 aux clients potentiels.<\/li>\n<li>Relie les clients aux entreprises locales, pr\u00e9sentant leurs produits et services dans une plate-forme centralis\u00e9e.<\/li>\n<li>Comprend une interface conviviale qui permet aux utilisateurs de rechercher facilement des entreprises en fonction de l&#8217;emplacement, de la cat\u00e9gorie ou du service.<\/li>\n<li>Offre aux entreprises la possibilit\u00e9 de pr\u00e9senter leurs produits et services, publier des photos, des heures de fonctionnement, des coordonn\u00e9es, etc.<\/li>\n<li>Aide les entreprises \u00e0 \u00e9tendre leur client\u00e8le, \u00e0 se connecter avec de nouveaux prospects ou des clients et augmenter leur pr\u00e9sence en ligne.<\/li>\n<li>Fournit un guichet unique aux utilisateurs pour trouver toutes les informations dont ils ont besoin sur une entreprise particuli\u00e8re dans un endroit pratique.<\/li>\n<li>Permet aux entreprises locales de rivaliser avec les grandes entreprises sur un terrain de jeu, en amplifiant la pr\u00e9sence de leur marque en ligne.<\/li>\n<li>Permet aux entreprises de rester connect\u00e9es avec leurs clients en pr\u00e9sentant des avis, des notes et des commentaires des clients.<\/li>\n<li>Fournit une solution marketing rentable pour les petites entreprises, avec la possibilit\u00e9 d&rsquo;atteindre plus de clients \u00e0 un prix abordable.<\/li>\n<li>Offre aux entreprises la possibilit\u00e9 de cr\u00e9er un profil personnalis\u00e9 pour leur entreprise, y compris l&rsquo;image de marque, les liens de m\u00e9dias sociaux, etc.<\/li>\n<\/ul>\n","protected":false},"excerpt":{"rendered":"<p>GeoDirectory Marketplace est un plugin WordPress incroyablement robuste qui a la capacit\u00e9 de r\u00e9volutionner compl\u00e8tement votre site Web, en le transformant en un march\u00e9 hautement fonctionnel et dynamique. Ce plugin exceptionnel vous permet d&rsquo;\u00e9tablir et de superviser sans effort les listes, de traiter de mani\u00e8re transparente les paiements et de surveiller m\u00e9ticuleusement les transactions, le tout \u00e0 partir de la commodit\u00e9 et de la facilit\u00e9 de votre tableau de bord WordPress. Peu importe que vous aspirez \u00e0 construire un march\u00e9 sp\u00e9cialis\u00e9 et cibl\u00e9 ou un r\u00e9pertoire commercial global et vaste, le march\u00e9 g\u00e9odirectoire se pr\u00e9sente comme la solution id\u00e9ale et ultime.<\/p>\n","protected":false},"featured_media":146654,"comment_status":"open","ping_status":"open","template":"","meta":[],"product_brand":[2560],"product_cat":[1189,1181,1186],"product_tag":[1828],"class_list":{"0":"post-132748","1":"product","2":"type-product","3":"status-publish","4":"has-post-thumbnail","6":"product_brand-ayecode","7":"product_cat-personnalisation","8":"product_cat-plugins","9":"product_cat-wordpress-plugins","10":"product_tag-ayecode","11":"member-discount","12":"discount-restricted","14":"first","15":"instock","16":"sale","17":"downloadable","18":"virtual","19":"sold-individually","20":"purchasable","21":"product-type-simple"},"_links":{"self":[{"href":"https:\/\/gpl-love.com\/fr\/wp-json\/wp\/v2\/product\/132748","targetHints":{"allow":["GET"]}}],"collection":[{"href":"https:\/\/gpl-love.com\/fr\/wp-json\/wp\/v2\/product"}],"about":[{"href":"https:\/\/gpl-love.com\/fr\/wp-json\/wp\/v2\/types\/product"}],"replies":[{"embeddable":true,"href":"https:\/\/gpl-love.com\/fr\/wp-json\/wp\/v2\/comments?post=132748"}],"wp:featuredmedia":[{"embeddable":true,"href":"https:\/\/gpl-love.com\/fr\/wp-json\/wp\/v2\/media\/146654"}],"wp:attachment":[{"href":"https:\/\/gpl-love.com\/fr\/wp-json\/wp\/v2\/media?parent=132748"}],"wp:term":[{"taxonomy":"product_brand","embeddable":true,"href":"https:\/\/gpl-love.com\/fr\/wp-json\/wp\/v2\/product_brand?post=132748"},{"taxonomy":"product_cat","embeddable":true,"href":"https:\/\/gpl-love.com\/fr\/wp-json\/wp\/v2\/product_cat?post=132748"},{"taxonomy":"product_tag","embeddable":true,"href":"https:\/\/gpl-love.com\/fr\/wp-json\/wp\/v2\/product_tag?post=132748"}],"curies":[{"name":"wp","href":"https:\/\/api.w.org\/{rel}","templated":true}]}}