{"id":132747,"date":"2024-03-24T00:00:00","date_gmt":"2024-03-23T23:00:00","guid":{"rendered":"https:\/\/gpl-love.com\/fr\/produit\/travesia-a-travel-agency-wordpress-theme\/"},"modified":"2026-03-20T23:57:20","modified_gmt":"2026-03-20T22:57:20","slug":"travesia-a-travel-agency-wordpress-theme","status":"publish","type":"product","link":"https:\/\/gpl-love.com\/fr\/produit\/travesia-a-travel-agency-wordpress-theme\/","title":{"rendered":"Travesia A Travel Agency WordPress Theme 1.1.12"},"content":{"rendered":"<h3>Travesia A Travel Agency WordPress Theme Traits<\/h3>\n<p>Travesia appara\u00eet comme une option vraiment exceptionnelle pour les agences de voyage et les voyagistes aspirant \u00e0 fa\u00e7onner un site Web visuellement captivant et efficace sur le plan op\u00e9rationnel. Offrant une page d&rsquo;accueil polyvalente qui peut \u00eatre personnalis\u00e9e pour r\u00e9pondre \u00e0 vos sp\u00e9cifications uniques, des capacit\u00e9s de gestion de la r\u00e9servation sans couture, des pages de destination visuellement frappantes, la possibilit\u00e9 de personnaliser la typographie et les couleurs pour s&rsquo;aligner sur votre identit\u00e9 de marque, une pl\u00e9thore de mod\u00e8les de pages \u00e0 choisir et une int\u00e9gration sans couture et une int\u00e9gration sans couture et une int\u00e9gration sans couture et une int\u00e9gration sans couture et une int\u00e9gration sans couture et une int\u00e9gration sans couture et une int\u00e9gration sans couture et une int\u00e9gration sans couture et une int\u00e9gration sans couture et une int\u00e9gration sans couture et une int\u00e9gration sans couture et une int\u00e9gration sans couture et une int\u00e9gration sans couture et une int\u00e9gration sans couture et une int\u00e9gration sans couture et une int\u00e9gration sans couture et une int\u00e9gration sans couture et une int\u00e9gration sans couture et une int\u00e9gration sans couture et une int\u00e9gration sans couture et SEARS Avec les plateformes de m\u00e9dias sociaux, Travesia pr\u00e9sente une suite compl\u00e8te de fonctionnalit\u00e9s qui r\u00e9pondent \u00e0 tous vos besoins dans l&rsquo;\u00e9laboration d&rsquo;une exp\u00e9rience utilisateur interactive et ind\u00e9l\u00e9bile pour votre client\u00e8le estim\u00e9e.<\/p>\n<ul>\n<li>Un th\u00e8me WordPress \u00e9l\u00e9gant et moderne con\u00e7u sp\u00e9cifiquement pour les agences de voyage<\/li>\n<li>Conception r\u00e9active qui a fi\u00e8re allure sur n&rsquo;importe quel appareil<\/li>\n<li>Page d&rsquo;accueil personnalisable avec plusieurs options de mise en page<\/li>\n<li>Formulaire de r\u00e9servation facile \u00e0 utiliser pour les clients pour faire des r\u00e9servations<\/li>\n<li>Int\u00e9gration avec des passerelles de paiement populaires comme PayPal et Stripe<\/li>\n<li>Tables de tarification personnalisables pour afficher des forfaits et tarifs<\/li>\n<li>Int\u00e9gration transparente avec des plugins WordPress populaires comme Yoast SEO et le formulaire de contact 7<\/li>\n<li>Plusieurs dispositions de blogs pour partager le contenu li\u00e9 aux voyages et s&rsquo;engager avec les clients<\/li>\n<li>Importation de d\u00e9monstration en un clic pour configurer rapidement votre site Web<\/li>\n<li>Documentation compl\u00e8te et soutien du d\u00e9veloppeur de th\u00e8me<\/li>\n<\/ul>\n","protected":false},"excerpt":{"rendered":"<p>Travesia, un th\u00e8me WordPress innovant et \u00e9l\u00e9gant pour les agences de voyage, a \u00e9t\u00e9 m\u00e9ticuleusement con\u00e7u pour r\u00e9pondre aux exigences sp\u00e9cifiques des entreprises dans l&rsquo;industrie des voyages et du tourisme en constante \u00e9volution. Ce th\u00e8me de pointe poss\u00e8de une conception enti\u00e8rement appropri\u00e9e, offrant une pl\u00e9thore d&rsquo;options de mise en page qui pr\u00e9sentent de mani\u00e8re transparente vos forfaits de voyage exceptionnels, des destinations impressionnantes, des photos captivantes et des t\u00e9moignages clients satisfaits. Soulignant l&rsquo;importance de la personnalisation, Travesia offre une vaste gamme d&rsquo;options de personnalisation, vous permettant d&rsquo;aligner sans effort l&rsquo;apparence et l&rsquo;ambiance de votre site Web avec l&rsquo;identit\u00e9 distinctive de votre marque. En plus de son adaptabilit\u00e9 remarquable, ce th\u00e8me englobe des fonctionnalit\u00e9s indispensables telles que des formulaires de r\u00e9servation conviviaux, des tables de tarification compl\u00e8tes et un constructeur de pages de glisser-d\u00e9poser intuitif, vous permettant d&rsquo;\u00e9tablir sans effort une pr\u00e9sence en ligne autoritaire et captivante pour votre voyage en ligne entreprise.<\/p>\n","protected":false},"featured_media":146653,"comment_status":"open","ping_status":"open","template":"","meta":[],"product_brand":[2433],"product_cat":[1558,1212,1213],"product_tag":[1366],"class_list":{"0":"post-132747","1":"product","2":"type-product","3":"status-publish","4":"has-post-thumbnail","6":"product_brand-themeforest","7":"product_cat-hotel-resort","8":"product_cat-themes","9":"product_cat-wordpress-themes","10":"product_tag-themeforest","11":"member-discount","12":"discount-restricted","14":"first","15":"instock","16":"sale","17":"downloadable","18":"virtual","19":"sold-individually","20":"purchasable","21":"product-type-simple"},"_links":{"self":[{"href":"https:\/\/gpl-love.com\/fr\/wp-json\/wp\/v2\/product\/132747","targetHints":{"allow":["GET"]}}],"collection":[{"href":"https:\/\/gpl-love.com\/fr\/wp-json\/wp\/v2\/product"}],"about":[{"href":"https:\/\/gpl-love.com\/fr\/wp-json\/wp\/v2\/types\/product"}],"replies":[{"embeddable":true,"href":"https:\/\/gpl-love.com\/fr\/wp-json\/wp\/v2\/comments?post=132747"}],"wp:featuredmedia":[{"embeddable":true,"href":"https:\/\/gpl-love.com\/fr\/wp-json\/wp\/v2\/media\/146653"}],"wp:attachment":[{"href":"https:\/\/gpl-love.com\/fr\/wp-json\/wp\/v2\/media?parent=132747"}],"wp:term":[{"taxonomy":"product_brand","embeddable":true,"href":"https:\/\/gpl-love.com\/fr\/wp-json\/wp\/v2\/product_brand?post=132747"},{"taxonomy":"product_cat","embeddable":true,"href":"https:\/\/gpl-love.com\/fr\/wp-json\/wp\/v2\/product_cat?post=132747"},{"taxonomy":"product_tag","embeddable":true,"href":"https:\/\/gpl-love.com\/fr\/wp-json\/wp\/v2\/product_tag?post=132747"}],"curies":[{"name":"wp","href":"https:\/\/api.w.org\/{rel}","templated":true}]}}