{"id":132746,"date":"2025-08-07T00:00:00","date_gmt":"2025-08-06T22:00:00","guid":{"rendered":"https:\/\/gpl-love.com\/fr\/produit\/maia-jewelry-shop-wordpress-theme\/"},"modified":"2026-03-20T23:57:19","modified_gmt":"2026-03-20T22:57:19","slug":"maia-jewelry-shop-wordpress-theme","status":"publish","type":"product","link":"https:\/\/gpl-love.com\/fr\/produit\/maia-jewelry-shop-wordpress-theme\/","title":{"rendered":"Maia Jewelry Shop WordPress Theme 1.1.20"},"content":{"rendered":"<h3>Maia Jewelry Shop WordPress Theme Traits<\/h3>\n<p>Maia Jewelry Shop offre une pl\u00e9thore de fonctionnalit\u00e9s incroyables qui en font une option impeccable pour les bijoux et les magasins de mode visant \u00e0 \u00e9tablir une boutique en ligne esth\u00e9tique et tr\u00e8s efficace. Sa page d&rsquo;accueil personnalisable remarquable, sa gestion des produits sans effort, ses galeries de produits \u00e0 couper le souffle, sa typographie adaptable et ses options de couleurs, divers mod\u00e8les de pages et l&rsquo;int\u00e9gration des m\u00e9dias sociaux sans couture vous offrent collectivement tous les outils n\u00e9cessaires pour \u00e9laborer une exp\u00e9rience d&rsquo;achat immersive et inoubliable pour vos clients estim\u00e9s.<\/p>\n<ul>\n<li>Th\u00e8me WordPress hautement personnalisable con\u00e7u sp\u00e9cifiquement pour les magasins de bijoux<\/li>\n<li>Design \u00e9l\u00e9gant et moderne en mettant l&rsquo;accent sur la pr\u00e9sentation des produits de bijoux<\/li>\n<li>Installation de d\u00e9monstration en un clic pour configurer facilement le th\u00e8me et le site<\/li>\n<li>Compatible avec WooCommerce et comprend des mod\u00e8les d&rsquo;atelier pr\u00e9d\u00e9finis<\/li>\n<li>Mod\u00e8les de plusieurs pages pour une personnalisation facile du contenu et de la mise en page<\/li>\n<li>Conception r\u00e9active qui a fi\u00e8re allure sur tous les appareils<\/li>\n<li>Int\u00e9gration des m\u00e9dias sociaux pour le partage facile des produits<\/li>\n<li>Comprend un blog pour partager les nouvelles et les mises \u00e0 jour de l&rsquo;industrie<\/li>\n<li>SEO optimis\u00e9 pour am\u00e9liorer le classement des moteurs de recherche<\/li>\n<li>Documentation et prise en charge approfondies pour une configuration et une utilisation faciles<\/li>\n<\/ul>\n","protected":false},"excerpt":{"rendered":"<p>Le th\u00e8me WordPress de Maia Jewelry Shop, un mod\u00e8le exquis et contemporain m\u00e9ticuleusement con\u00e7u pour montrer l&rsquo;essence de vos estimes de bijoux et accessoires \u00e0 l&rsquo;\u00e9chelle mondiale, rayonne sans \u00e9quivoque \u00e9l\u00e9gance et sophistication. B\u00e9n\u00e9ficiant de dispositions impressionnantes et d&rsquo;interfaces conviviales qui captivent sans effort l&rsquo;\u0153il exigeant, ce th\u00e8me comprend une gamme de fonctionnalit\u00e9s impressionnantes, comprenant une galerie de produits sur mesure, une int\u00e9gration transparente avec les plateformes de m\u00e9dias sociaux et un design inh\u00e9renque r\u00e9actif, en veillant ing\u00e9nieusement d\u00e9gage de la magnificence et de la faille dans tous les types de dispositifs \u00e9lectroniques. Enrichi d&rsquo;options navigables et personnalisables sans effort, qui accentuent parfaitement l&rsquo;importance de vos produits et services in\u00e9gal\u00e9s, saisissent cette occasion en or pour propulser le succ\u00e8s en plein essor de votre entreprise en adoptant le th\u00e8me WordPress de bijoux MAIA in\u00e9gal\u00e9.<\/p>\n","protected":false},"featured_media":146652,"comment_status":"open","ping_status":"open","template":"","meta":[],"product_brand":[2433],"product_cat":[1238,1851,1212],"product_tag":[1366],"class_list":{"0":"post-132746","1":"product","2":"type-product","3":"status-publish","4":"has-post-thumbnail","6":"product_brand-themeforest","7":"product_cat-commerce-electronique-themes","8":"product_cat-entreprise-commerce-electronique-themes","9":"product_cat-themes","10":"product_tag-themeforest","11":"member-discount","12":"discount-restricted","14":"first","15":"instock","16":"sale","17":"downloadable","18":"virtual","19":"sold-individually","20":"purchasable","21":"product-type-simple"},"_links":{"self":[{"href":"https:\/\/gpl-love.com\/fr\/wp-json\/wp\/v2\/product\/132746","targetHints":{"allow":["GET"]}}],"collection":[{"href":"https:\/\/gpl-love.com\/fr\/wp-json\/wp\/v2\/product"}],"about":[{"href":"https:\/\/gpl-love.com\/fr\/wp-json\/wp\/v2\/types\/product"}],"replies":[{"embeddable":true,"href":"https:\/\/gpl-love.com\/fr\/wp-json\/wp\/v2\/comments?post=132746"}],"wp:featuredmedia":[{"embeddable":true,"href":"https:\/\/gpl-love.com\/fr\/wp-json\/wp\/v2\/media\/146652"}],"wp:attachment":[{"href":"https:\/\/gpl-love.com\/fr\/wp-json\/wp\/v2\/media?parent=132746"}],"wp:term":[{"taxonomy":"product_brand","embeddable":true,"href":"https:\/\/gpl-love.com\/fr\/wp-json\/wp\/v2\/product_brand?post=132746"},{"taxonomy":"product_cat","embeddable":true,"href":"https:\/\/gpl-love.com\/fr\/wp-json\/wp\/v2\/product_cat?post=132746"},{"taxonomy":"product_tag","embeddable":true,"href":"https:\/\/gpl-love.com\/fr\/wp-json\/wp\/v2\/product_tag?post=132746"}],"curies":[{"name":"wp","href":"https:\/\/api.w.org\/{rel}","templated":true}]}}